{"id":23,"date":"2019-03-07T12:05:16","date_gmt":"2019-03-07T11:05:16","guid":{"rendered":"https:\/\/www.arcigay.it\/accept\/?page_id=23"},"modified":"2019-03-21T16:21:19","modified_gmt":"2019-03-21T15:21:19","slug":"la-campagna","status":"publish","type":"page","link":"https:\/\/www.arcigay.it\/accept\/it\/la-campagna\/","title":{"rendered":"La Campagna"},"content":{"rendered":"<p><b>Abbiamo raccolto per circa un anno news e tweet<\/b><span style=\"font-weight: 400;\"> potenzialmente portatori di messaggi di odio omofobo. <\/span><b>Un gruppo di valutatrici e valutatori si \u00e8 poi occupato di classificare i tweet<\/b><span style=\"font-weight: 400;\"> (<\/span><b>positivi <\/b><span style=\"font-weight: 400;\">se mostravano una posizione aperta e inclusiva nei confronti delle persone LGBTI, <\/span><b>negativi<\/b><span style=\"font-weight: 400;\"> se escludenti, discriminatori e offensivi, <\/span><b>dubbi<\/b><span style=\"font-weight: 400;\"> se il messaggio era ambiguo o poco decifrabile).<\/span><\/p>\n<p><a href=\"https:\/\/www.arcigay.it\/comunicati\/non-fa-ridere-online-il-video-della-campagna-di-arcigay-per-contrastare-lhate-speech\/\" target=\"_blank\" rel=\"noopener noreferrer\">Qui<\/a> il comunicato di lancio della campagna<\/p>\n<h3>PAROLE RICORRENTI NEI TWEET NEGATIVI*<\/h3>\n<p>&nbsp;<\/p>\n<p><a href=\"https:\/\/www.arcigay.it\/wp-content\/uploads\/2019\/03\/wordcloud-parole-negative.png\"><img loading=\"lazy\" decoding=\"async\" class=\"wp-image-54949 size-medium aligncenter\" src=\"https:\/\/www.arcigay.it\/wp-content\/uploads\/2019\/03\/wordcloud-parole-negative-600x450.png\" sizes=\"auto, (max-width: 600px) 100vw, 600px\" srcset=\"https:\/\/www.arcigay.it\/wp-content\/uploads\/2019\/03\/wordcloud-parole-negative-600x450.png 600w, https:\/\/www.arcigay.it\/wp-content\/uploads\/2019\/03\/wordcloud-parole-negative-150x113.png 150w, https:\/\/www.arcigay.it\/wp-content\/uploads\/2019\/03\/wordcloud-parole-negative-420x315.png 420w, https:\/\/www.arcigay.it\/wp-content\/uploads\/2019\/03\/wordcloud-parole-negative.png 640w\" alt=\"\" width=\"600\" height=\"450\" \/><\/a><\/p>\n<p>*Abbiamo chiesto ad un gruppo eterogeneo di 7 persone di analizzare 5.189 tweet reali, contrassegnando come negativi quelli che secondo loro mostravano una posizione derisoria, escludente, discriminatoria, violenta nei confronti delle tematiche LGBTI<\/p>\n<p>&nbsp;<\/p>\n<h3>PAROLE RICORRENTI NEI TWEET POSITIVI*<\/h3>\n<p>&nbsp;<\/p>\n<p><a href=\"https:\/\/www.arcigay.it\/wp-content\/uploads\/2019\/03\/wordcloud-parole-positive.jpg\"><img loading=\"lazy\" decoding=\"async\" class=\"wp-image-54950 size-medium aligncenter\" src=\"https:\/\/www.arcigay.it\/wp-content\/uploads\/2019\/03\/wordcloud-parole-positive-600x450.jpg\" sizes=\"auto, (max-width: 600px) 100vw, 600px\" srcset=\"https:\/\/www.arcigay.it\/wp-content\/uploads\/2019\/03\/wordcloud-parole-positive-600x450.jpg 600w, https:\/\/www.arcigay.it\/wp-content\/uploads\/2019\/03\/wordcloud-parole-positive-150x113.jpg 150w, https:\/\/www.arcigay.it\/wp-content\/uploads\/2019\/03\/wordcloud-parole-positive-420x315.jpg 420w, https:\/\/www.arcigay.it\/wp-content\/uploads\/2019\/03\/wordcloud-parole-positive.jpg 640w\" alt=\"\" width=\"600\" height=\"450\" \/><\/a><\/p>\n<p>*Abbiamo chiesto ad un gruppo eterogeneo di 7 persone di analizzare 5.189 tweet reali, contrassegnando come positivi quelli che secondo loro mostravano una posizione aperta, rispettosa, inclusiva, nei confronti delle tematiche LGBTI<\/p>\n<p>&nbsp;<\/p>\n<h3>PAROLE RICORRENTI NEI TWEET DUBBI*<\/h3>\n<p><a href=\"https:\/\/www.arcigay.it\/wp-content\/uploads\/2019\/03\/wordcloud-parole-tweet-dubbi.png\"><img loading=\"lazy\" decoding=\"async\" class=\"aligncenter wp-image-54951 size-medium\" src=\"https:\/\/www.arcigay.it\/wp-content\/uploads\/2019\/03\/wordcloud-parole-tweet-dubbi-600x450.png\" sizes=\"auto, (max-width: 600px) 100vw, 600px\" srcset=\"https:\/\/www.arcigay.it\/wp-content\/uploads\/2019\/03\/wordcloud-parole-tweet-dubbi-600x450.png 600w, https:\/\/www.arcigay.it\/wp-content\/uploads\/2019\/03\/wordcloud-parole-tweet-dubbi-150x113.png 150w, https:\/\/www.arcigay.it\/wp-content\/uploads\/2019\/03\/wordcloud-parole-tweet-dubbi-420x315.png 420w, https:\/\/www.arcigay.it\/wp-content\/uploads\/2019\/03\/wordcloud-parole-tweet-dubbi.png 640w\" alt=\"\" width=\"600\" height=\"450\" \/><\/a><\/p>\n<p>*Abbiamo chiesto ad un gruppo eterogeneo di 7 persone di analizzare 5.189 tweet reali, contrassegnando come dubbi quelli che secondo loro mostravano una posizione poco comprensibile, ambigua, difficilmente decifrabile nei confronti delle tematiche LGBTI<\/p>\n<p>&nbsp;<\/p>\n<p><b>Un totale di 5.189 tweet esaminati che ci hanno permesso di effettuare una serie di considerazione basate sui dati<\/b><span style=\"font-weight: 400;\">: <\/span><b>1)<\/b><span style=\"font-weight: 400;\"> i messaggi contenenti odio si possono dividere in tre cluster: mondo dello spettacolo, dibattito pubblico e attualit\u00e0, diritti e temi etici <\/span><b>2)<\/b><span style=\"font-weight: 400;\"> Le parole pi\u00f9 ricorrenti nei messaggi negativi sono: ricchione, propaganda, ordine, natura, quelle pi\u00f9 ricorrenti nei messaggi positivi sono: cittadini, gruppo, associazioni, sociali, nei messaggi dubbi: privilegio, battuta, scherzo, opinione <\/span><b>3)<\/b><span style=\"font-weight: 400;\"> I tweet pi\u00f9 polarizzanti, ovvero quelli in cui i valutatori sono stati maggiormente in disaccordo camuffano le parole di odio con intenti sarcastici, <\/span><b>4)<\/b><span style=\"font-weight: 400;\"> 1 persona su 10 esprime posizioni discriminatorie quando tratta argomenti LGBTI, <\/span><b>5)<\/b><span style=\"font-weight: 400;\"> 4 persone su 10 esprimono posizioni ambigue, almeno nella met\u00e0 dei casi attribuibili ad un linguaggio ironico nella forma, offensivo negli intenti.<\/span><\/p>\n<h2>IL VIDEO DELLA CAMPAGNA<\/h2>\n<p><b>Sulla base di questi dati abbiamo scelto di focalizzarci a livello comunicativo sul confine labile che esiste tra \u201cscherzo\u201d e \u201coffesa\u201d<\/b><span style=\"font-weight: 400;\">, tra \u201copinione\u201d e \u201clibert\u00e0 di espressione\u201d, mostrandone la pericolosit\u00e0 e le contraddizioni, desumendo che l\u2019odio si annida laddove si lascia passare il messaggio che esista un gruppo sociale pi\u00f9 meritevole di un altro, in virt\u00f9 del supposto possesso di caratteristiche migliori. Diciamo che questa \u00e8 la matrice di odio comune a quelle che definiamo \u201cminoranze\u201d: migranti, rom, donne.<\/span><\/p>\n<h3><b>Il video #nonfaridere<\/b><span style=\"font-weight: 400;\"> cerca infatti \u2013 attraverso la lettura di tweet reali raccolti attraverso la <a href=\"https:\/\/www.arcigay.it\/accept\/it\/la-piattaforma\/\">piattaforma<\/a> \u2013 di far emergere la parte razionale, estremizzando le dinamiche di quello che \u00e8 accettato come \u201cbattuta\u201d, ma che invece si configura come offesa gratuita.<\/span><\/h3>\n<p>&nbsp;<\/p>\n<p><iframe loading=\"lazy\" title=\"#Nonfaridere\" width=\"640\" height=\"360\" src=\"https:\/\/www.youtube.com\/embed\/hJiiyqQb-wo?feature=oembed\" frameborder=\"0\" allow=\"accelerometer; autoplay; clipboard-write; encrypted-media; gyroscope; picture-in-picture; web-share\" referrerpolicy=\"strict-origin-when-cross-origin\" allowfullscreen><\/iframe><\/p>\n<p style=\"text-align: center;\"><em>(Video realizzato a cura dell&#8217; Agenzia <a href=\"https:\/\/www.agenziapavlov.it\" target=\"_blank\" rel=\"noopener noreferrer\">Pavlov<\/a>)<\/em><\/p>\n<p>&nbsp;<\/p>\n<p>&nbsp;<\/p>\n<p style=\"text-align: center;\">Vai alla pagina con tutti i <a href=\"https:\/\/www.arcigay.it\/accept\/it\/materiali\/\">materiali<\/a><\/p>\n<p>&nbsp;<\/p>\n<p><a href=\"https:\/\/fad.arcigay.it\/enrol\/index.php?id=7\"><img loading=\"lazy\" decoding=\"async\" class=\"size-thumbnail wp-image-54886 alignleft\" src=\"https:\/\/www.arcigay.it\/wp-content\/uploads\/2019\/03\/fad-150x91.png\" sizes=\"auto, (max-width: 150px) 100vw, 150px\" srcset=\"https:\/\/www.arcigay.it\/wp-content\/uploads\/2019\/03\/fad-150x91.png 150w, https:\/\/www.arcigay.it\/wp-content\/uploads\/2019\/03\/fad.png 390w\" alt=\"\" width=\"150\" height=\"91\" \/><\/a><\/p>\n<p>&nbsp;<\/p>\n<p>A\u00a0<a href=\"https:\/\/fad.arcigay.it\/enrol\/index.php?id=7\">questo link<\/a>, dopo aver cliccato in fondo alla pagina su&#8221;Accesso come ospite&#8221;, inserendo il codice \u00a0ACCEPTD14 \u00e8 possibile partecipare ad un mini corso online per la realizzazione di efficaci contro narrative.<\/p>\n<p>&nbsp;<\/p>\n<p>&nbsp;<\/p>\n<p>Ti invitiamo a condividere il video e i <a href=\"https:\/\/www.arcigay.it\/accept\/it\/materiali\/\">materiali<\/a> della campagna sui tuoi canali social con l\u2019hashtag #NONFARIDERE<\/p>\n<!-- AddThis Advanced Settings generic via filter on the_content --><!-- AddThis Share Buttons generic via filter on the_content -->","protected":false},"excerpt":{"rendered":"<p>Abbiamo raccolto per circa un anno news e tweet potenzialmente portatori di messaggi di odio omofobo. Un gruppo di valutatrici e valutatori si \u00e8 poi &#8230; <!-- AddThis Advanced Settings generic via filter on get_the_excerpt --><!-- AddThis Share Buttons generic via filter on get_the_excerpt --><\/p>\n","protected":false},"author":1,"featured_media":98,"parent":0,"menu_order":0,"comment_status":"closed","ping_status":"closed","template":"","meta":{"footnotes":""},"class_list":["post-23","page","type-page","status-publish","has-post-thumbnail","hentry"],"_links":{"self":[{"href":"https:\/\/www.arcigay.it\/accept\/wp-json\/wp\/v2\/pages\/23","targetHints":{"allow":["GET"]}}],"collection":[{"href":"https:\/\/www.arcigay.it\/accept\/wp-json\/wp\/v2\/pages"}],"about":[{"href":"https:\/\/www.arcigay.it\/accept\/wp-json\/wp\/v2\/types\/page"}],"author":[{"embeddable":true,"href":"https:\/\/www.arcigay.it\/accept\/wp-json\/wp\/v2\/users\/1"}],"replies":[{"embeddable":true,"href":"https:\/\/www.arcigay.it\/accept\/wp-json\/wp\/v2\/comments?post=23"}],"version-history":[{"count":9,"href":"https:\/\/www.arcigay.it\/accept\/wp-json\/wp\/v2\/pages\/23\/revisions"}],"predecessor-version":[{"id":131,"href":"https:\/\/www.arcigay.it\/accept\/wp-json\/wp\/v2\/pages\/23\/revisions\/131"}],"wp:featuredmedia":[{"embeddable":true,"href":"https:\/\/www.arcigay.it\/accept\/wp-json\/wp\/v2\/media\/98"}],"wp:attachment":[{"href":"https:\/\/www.arcigay.it\/accept\/wp-json\/wp\/v2\/media?parent=23"}],"curies":[{"name":"wp","href":"https:\/\/api.w.org\/{rel}","templated":true}]}}