{"id":315,"date":"2010-10-19T22:08:35","date_gmt":"2010-10-19T22:08:35","guid":{"rendered":"http:\/\/www.arcigay.org\/"},"modified":"2026-01-24T14:58:05","modified_gmt":"2026-01-24T13:58:05","slug":"collabora","status":"publish","type":"page","link":"https:\/\/www.arcigay.it\/en\/collabora\/","title":{"rendered":"Collabora con Arcigay"},"content":{"rendered":"<p>Sono numerose le possibilit\u00e0 che offre Arcigay per contribuire alla battaglia di piena cittadinanza di omosessuali, lesbiche e transessuali. Per Arcigay, in particolare, puoi:<\/p>\n<ul>\n<li>Diventare socio<\/li>\n<li>Diventare volontario<\/li>\n<li>Aprire un comitato nella tua citt\u00e0<\/li>\n<li>Sostenere le attivit\u00e0 con una donazione<\/li>\n<li>Firmare per il 5 per mille ad Arcigay<\/li>\n<\/ul>\n<p><strong>I soci Arcigay<\/strong><\/p>\n<p>Si pu\u00f2 aderire all&#8217;associazione richiedendo la <strong>tessera di Arcigay<\/strong> pesentandosi in uno dei nostri circoli territoriali o in una delle nostre associazioni affiliate muniti di documento di identit\u00e0. Associarsi ad Arcigay significa aderire e condividere la mission e conoscere lo <a href=\"\/en\/chi-siamo\/statuto\/\">Statuto dell&#8217;associazione<\/a>.<\/p>\n<p>La tessera ha validit\u00e0 annuale dal momento dell&#8217;iscrizione (o del rinnovo) e da diritto a partecipare alle attivit\u00e0 dei circoli e delle strutture dell&#8217;associazione e di partecipare ad ogni momento della vita democratica dell&#8217;associazione e usufruire dei servizi. La tessera consente inoltre l&#8217;accesso ai <a href=\"http:\/\/www.arci.it\/sedi\/tutte_le_sedi\/index.htm\">circoli Arci<\/a> (salvo lo statuto del circolo preveda diversamente)<\/p>\n<p>Per conoscere i servizi associativi potrai metterti in contatto direttamente con le strutture locali.\u00a0 Il costo della tessera \u00e8 di 15 euro all&#8217;anno e per tesserarsi \u00e8 necessario essere maggiorenni (Arcigay prevede l&#8217;iscrizione anche di ragazzi e ragazze tra i 16 e i 18 anni che non hanno per\u00f2 la possibilit\u00e0 di accedere al <a href=\"\/en\/divertimento-socializzazione\/\">circuito affiliato<\/a>).<\/p>\n<p>Tutti i dati forniti ad Arcigay sono tutelati dalle norme<a href=\"http:\/\/it.wikipedia.org\/wiki\/Legge_sulla_privacy\"> in vigore sulla privacy<\/a>.<\/p>\n<p><strong>I volontari di Arcigay<\/strong><\/p>\n<p>I volontari di Arcigay sono la linfa vitale dell&#8217;associazione, coloro che con la loro attivit\u00e0 sono parte attiva nella raggiungimento degli scopi sociali, condividono gli obiettivi dell&#8217;associazionee offrono idee ed energie.\u00a0 Ognuno pu\u00f2 contribuire, con le proprie passioni e la propria allegria, e sono numerose e molto diversificate le attivit\u00e0 dei volontari di Arcigay. Tra le altre: l&#8217;organizzazione e la partecipazione a sit-in e flash mob, volantinaggi, la diffusione di informazione sul web e cos\u00ec via.<\/p>\n<p>I comitati locali di Arcigay hanno bisogno di energia ed impegno da parte di persone di tutte le et\u00e0. Per diventare volontario \u00e8 necessario prendere <a href=\"\/en\/comitati\/\">contatti con il comitato Arcigay della tua citt\u00e0<\/a>. Se Arcigay non fosse presente l&#8217;associazione pu\u00f2 sostenerti nel tentativo di portare la militanza organizzata nella tua citt\u00e0 e conquistare cos\u00ec nuovi spazi di visibilit\u00e0.<\/p>\n<p><strong>Aprire un comitato nella tua citt\u00e0<\/strong><\/p>\n<p>Arcigay \u00e8 presente in decine di citt\u00e0 italiane, ma la tua citt\u00e0 o cittadina, potrebbe non ancora vissuto l&#8217;esperienza della militanza lgbt organizzata. Per fondare un nuovo comitato di Arcigay nella tua citt\u00e0 puoi rivolgerti al Segretario nazionale dell&#8217;associazione all&#8217;indirizzo e-mail: <a href=\"mailto:segretario@arcigay.it\">segretario@arcigay.it<\/a>.<\/p>\n<p><strong>Donazioni<\/strong><\/p>\n<p>Sostenere Arcigay vuol dire contribuire <strong>concretamente<\/strong> alla tutela dei diritti di omosessuali, lesbiche bisessuali e transessuali italiani e alla promozione di un miglioramento delle condizioni di vita di tutte e tutti. L&#8217;attivit\u00e0 di Arcigay \u00e8 autonoma ed efficace anche grazie al <em>supporto economico<\/em> dei propri sostenitori. Per le donazioni via bonifico su conto corrente bancario il nostro conto \u00e8:<\/p>\n<p>Conto Banca Carisbo<\/p>\n<p>Iban: IT48J063850240807400014351A<\/p>\n<p>Intestato a ARCIGAY &#8211; Via Don Minzoni, 18 40121 Bologna<br \/>\nE&#8217; possibile effettuare donazioni con <strong>carta di credito<\/strong> in maniera sicura e anonima cliccando sul pulsante qui sotto:<\/p>\n<form action=\"https:\/\/www.paypal.com\/cgi-bin\/webscr\" method=\"post\"><input name=\"cmd\" type=\"hidden\" value=\"_s-xclick\" \/><input name=\"hosted_button_id\" type=\"hidden\" value=\"FC4TZ29VCUUAU\" \/><input alt=\"PayPal - Il sistema di pagamento online pi\u00f9 facile e sicuro!\" name=\"submit\" src=\"https:\/\/www.paypalobjects.com\/WEBSCR-640-20110401-1\/it_IT\/IT\/i\/btn\/btn_donateCC_LG.gif\" type=\"image\" \/><img loading=\"lazy\" decoding=\"async\" src=\"https:\/\/www.paypalobjects.com\/it_IT\/i\/scr\/pixel.gif\" alt=\"\" width=\"1\" height=\"1\" border=\"0\" \/><\/form>\n<p>Ricorda che <strong>le donazioni a favore della Arcigay sono detraibili <\/strong>ai sensi dell&#8217;art.13 del D.L. 4\/12\/97 n\u00b0 460. Conserva la ricevuta, postale o bancaria, per detrarla con la prossima dichiarazione dei redditi. Le offerte tramite bonifico o carta di credito sono dimostrabili attraverso l\u2019estratto conto che ha valore di ricevuta. La legge 14 maggio 2005 n. 80 regola nuove agevolazioni fiscali: \u00e8 possibile dedurre integralmente le donazioni nel limite del 10% del reddito complessivo dichiarato e nella misura massima di 70.000 euro annui.<\/p>\n<p><strong>Firmare per il 5 per 1000 ad Arcigay<\/strong><\/p>\n<p>Il 5 per 1000 \u00e8 per l\u2019attivit\u00e0 di Arcigay un aiuto utile e necessario. Per devolvere il proprio 5&#215;1000 ad Arcigay \u00e8 sufficiente firmare e scrivere il codice fiscale dell&#8217;associazione, <strong>92017780377<\/strong>, anche senza scrivere il nome dell\u2019associazione, nello spazio predisposto dell\u2019apposita scheda da allegare alla dichiarazione dei redditi (modello 730, Unico), o da portare, per chi non faccia la dichiarazione, in posta o in banca (modello Cud). Anche se non si hanno redditi \u00e8 possibile indicare Arcigay per il 5 per 1000. L&#8217;indicazione conter\u00e0 nella ripartizione finale.<\/p>\n<p>Sono numerose le possibilit\u00e0 che offre Arcigay per contribuire alla battaglia di piena cittadinanza di omosessuali, lesbiche e transessuali. Per Arcigay, in particolare, puoi:<\/p>\n<ul>\n<li>Diventare socio<\/li>\n<li>Diventare volontario<\/li>\n<li>Aprire un comitato nella tua citt\u00e0<\/li>\n<li>Sostenere le attivit\u00e0 con una donazione<\/li>\n<li>Firmare per il 5 per mille ad Arcigay<\/li>\n<\/ul>\n<p><strong>I soci Arcigay<\/strong><\/p>\n<p>Si pu\u00f2 aderire all&#8217;associazione richiedendo la <strong>tessera di Arcigay<\/strong> pesentandosi in uno dei nostri circoli territoriali o in una delle nostre associazioni affiliate muniti di documento di identit\u00e0. Associarsi ad Arcigay significa aderire e condividere la mission e conoscere lo <a href=\"\/en\/chi-siamo\/statuto\/\">Statuto dell&#8217;associazione<\/a>.<\/p>\n<p>La tessera ha validit\u00e0 annuale dal momento dell&#8217;iscrizione (o del rinnovo) e da diritto a partecipare alle attivit\u00e0 dei circoli e delle strutture dell&#8217;associazione e di partecipare ad ogni momento della vita democratica dell&#8217;associazione e usufruire dei servizi. La tessera consente inoltre l&#8217;accesso ai <a href=\"http:\/\/www.arci.it\/sedi\/tutte_le_sedi\/index.htm\">circoli Arci<\/a> (salvo lo statuto del circolo preveda diversamente)<\/p>\n<p>Per conoscere i servizi associativi potrai metterti in contatto direttamente con le strutture locali.\u00a0 Il costo della tessera \u00e8 di 15 euro all&#8217;anno e per tesserarsi \u00e8 necessario essere maggiorenni (Arcigay prevede l&#8217;iscrizione anche di ragazzi e ragazze tra i 16 e i 18 anni che non hanno per\u00f2 la possibilit\u00e0 di accedere al <a href=\"\/en\/divertimento-socializzazione\/\">circuito affiliato<\/a>).<\/p>\n<p>Tutti i dati forniti ad Arcigay sono tutelati dalle norme<a href=\"http:\/\/it.wikipedia.org\/wiki\/Legge_sulla_privacy\"> in vigore sulla privacy<\/a>.<\/p>\n<p><strong>I volontari di Arcigay<\/strong><\/p>\n<p>I volontari di Arcigay sono la linfa vitale dell&#8217;associazione, coloro che con la loro attivit\u00e0 sono parte attiva nella raggiungimento degli scopi sociali, condividono gli obiettivi dell&#8217;associazionee offrono idee ed energie.\u00a0 Ognuno pu\u00f2 contribuire, con le proprie passioni e la propria allegria, e sono numerose e molto diversificate le attivit\u00e0 dei volontari di Arcigay. Tra le altre: l&#8217;organizzazione e la partecipazione a sit-in e flash mob, volantinaggi, la diffusione di informazione sul web e cos\u00ec via.<\/p>\n<p>I comitati locali di Arcigay hanno bisogno di energia ed impegno da parte di persone di tutte le et\u00e0. Per diventare volontario \u00e8 necessario prendere <a href=\"\/en\/comitati\/\">contatti con il comitato Arcigay della tua citt\u00e0<\/a>. Se Arcigay non fosse presente l&#8217;associazione pu\u00f2 sostenerti nel tentativo di portare la militanza organizzata nella tua citt\u00e0 e conquistare cos\u00ec nuovi spazi di visibilit\u00e0.<\/p>\n<p><strong>Aprire un comitato nella tua citt\u00e0<\/strong><\/p>\n<p>Arcigay \u00e8 presente in decine di citt\u00e0 italiane, ma la tua citt\u00e0 o cittadina, potrebbe non ancora vissuto l&#8217;esperienza della militanza lgbt organizzata. Per fondare un nuovo comitato di Arcigay nella tua citt\u00e0 puoi rivolgerti al Segretario nazionale dell&#8217;associazione all&#8217;indirizzo e-mail: <a href=\"mailto:segretario@arcigay.it\">segretario@arcigay.it<\/a>.<\/p>\n<p><strong>Donazioni<\/strong><\/p>\n<p>Sostenere Arcigay vuol dire contribuire <strong>concretamente<\/strong> alla tutela dei diritti di omosessuali, lesbiche bisessuali e transessuali italiani e alla promozione di un miglioramento delle condizioni di vita di tutte e tutti. L&#8217;attivit\u00e0 di Arcigay \u00e8 autonoma ed efficace anche grazie al <em>supporto economico<\/em> dei propri sostenitori. Per le donazioni via bonifico su conto corrente bancario il nostro conto \u00e8:<\/p>\n<p>Conto Banca Carisbo<\/p>\n<p>Iban: IT48J063850240807400014351A<\/p>\n<p>Intestato a ARCIGAY &#8211; Via Don Minzoni, 18 40121 Bologna<br \/>\nE&#8217; possibile effettuare donazioni con <strong>carta di credito<\/strong> in maniera sicura e anonima cliccando sul pulsante qui sotto:<\/p>\n<form action=\"https:\/\/www.paypal.com\/cgi-bin\/webscr\" method=\"post\"><input name=\"cmd\" type=\"hidden\" value=\"_s-xclick\" \/><input name=\"hosted_button_id\" type=\"hidden\" value=\"FC4TZ29VCUUAU\" \/><input alt=\"PayPal - Il sistema di pagamento online pi\u00f9 facile e sicuro!\" name=\"submit\" src=\"https:\/\/www.paypalobjects.com\/WEBSCR-640-20110401-1\/it_IT\/IT\/i\/btn\/btn_donateCC_LG.gif\" type=\"image\" \/><img loading=\"lazy\" decoding=\"async\" src=\"https:\/\/www.paypalobjects.com\/it_IT\/i\/scr\/pixel.gif\" alt=\"\" width=\"1\" height=\"1\" border=\"0\" \/><\/form>\n<p>Ricorda che <strong>le donazioni a favore della Arcigay sono detraibili <\/strong>ai sensi dell&#8217;art.13 del D.L. 4\/12\/97 n\u00b0 460. Conserva la ricevuta, postale o bancaria, per detrarla con la prossima dichiarazione dei redditi. Le offerte tramite bonifico o carta di credito sono dimostrabili attraverso l\u2019estratto conto che ha valore di ricevuta. La legge 14 maggio 2005 n. 80 regola nuove agevolazioni fiscali: \u00e8 possibile dedurre integralmente le donazioni nel limite del 10% del reddito complessivo dichiarato e nella misura massima di 70.000 euro annui.<\/p>\n<p><strong>Firmare per il 5 per 1000 ad Arcigay<\/strong><\/p>\n<p>Il 5 per 1000 \u00e8 per l\u2019attivit\u00e0 di Arcigay un aiuto utile e necessario. Per devolvere il proprio 5&#215;1000 ad Arcigay \u00e8 sufficiente firmare e scrivere il codice fiscale dell&#8217;associazione, <strong>92017780377<\/strong>, anche senza scrivere il nome dell\u2019associazione, nello spazio predisposto dell\u2019apposita scheda da allegare alla dichiarazione dei redditi (modello 730, Unico), o da portare, per chi non faccia la dichiarazione, in posta o in banca (modello Cud). Anche se non si hanno redditi \u00e8 possibile indicare Arcigay per il 5 per 1000. L&#8217;indicazione conter\u00e0 nella ripartizione finale.<\/p>\n<p>&nbsp;<\/p>","protected":false},"excerpt":{"rendered":"<p>Sono numerose le possibilit\u00e0 che offre Arcigay per contribuire alla battaglia di piena cittadinanza di omosessuali, lesbiche e transessuali. Per Arcigay, in particolare, puoi: Diventare socio Diventare volontario Aprire un [&hellip;]<\/p>\n","protected":false},"author":1,"featured_media":0,"parent":0,"menu_order":17,"comment_status":"open","ping_status":"open","template":"","meta":{"_acf_changed":false,"footnotes":""},"class_list":["post-315","page","type-page","status-publish","hentry"],"acf":[],"_links":{"self":[{"href":"https:\/\/www.arcigay.it\/en\/wp-json\/wp\/v2\/pages\/315","targetHints":{"allow":["GET"]}}],"collection":[{"href":"https:\/\/www.arcigay.it\/en\/wp-json\/wp\/v2\/pages"}],"about":[{"href":"https:\/\/www.arcigay.it\/en\/wp-json\/wp\/v2\/types\/page"}],"author":[{"embeddable":true,"href":"https:\/\/www.arcigay.it\/en\/wp-json\/wp\/v2\/users\/1"}],"replies":[{"embeddable":true,"href":"https:\/\/www.arcigay.it\/en\/wp-json\/wp\/v2\/comments?post=315"}],"version-history":[{"count":17,"href":"https:\/\/www.arcigay.it\/en\/wp-json\/wp\/v2\/pages\/315\/revisions"}],"predecessor-version":[{"id":82065,"href":"https:\/\/www.arcigay.it\/en\/wp-json\/wp\/v2\/pages\/315\/revisions\/82065"}],"wp:attachment":[{"href":"https:\/\/www.arcigay.it\/en\/wp-json\/wp\/v2\/media?parent=315"}],"curies":[{"name":"wp","href":"https:\/\/api.w.org\/{rel}","templated":true}]}}