{"id":44115,"date":"2016-08-23T20:28:59","date_gmt":"2016-08-23T18:28:59","guid":{"rendered":"http:\/\/www.arcigay.it\/?page_id=44115"},"modified":"2026-01-24T14:50:05","modified_gmt":"2026-01-24T13:50:05","slug":"scuola","status":"publish","type":"page","link":"https:\/\/www.arcigay.it\/en\/cosafacciamo\/scuola\/","title":{"rendered":"School"},"content":{"rendered":"<p>&nbsp;<\/p>\n<p><span style=\"font-weight: 400;\">School is one of the most demanding and challenging experiences of the transition to adulthood: it is the period in which each individual forges their own identity (personal, social, sexual, moral, political, etc.), responsibilities increase, new relationships are established between self, family, and peers, and multiple transformations, choices, and challenges typical of developmental age are faced. For the first time, we perceive ourselves as social actors, called upon to positively address the developmental challenges we learn through interaction with society. It is in this phase and in this context of life that homophobia and transphobia can have, and often do, a critical and devastating impact on the growth of LGBTI youth. <strong>Since its founding, Arcigay has devoted significant attention, both nationally and locally, to schools due to the fundamental role they play in the well-being of LGBTI people and in the country&#039;s overall civic growth.<\/strong><\/span><\/p>\n<p>&nbsp;<\/p>\n<p>&nbsp;<\/p>\n<p><b>The risk of homophobia and transphobia at school<\/b><\/p>\n<p><span style=\"font-weight: 400;\">In addition to being a fundamental learning environment, school is often, unfortunately, also a place where prejudice and consequent discrimination can easily take root against all those who do not conform to widely accepted social models and conform to stereotypes. Therefore, it is a place where LGBTI people can experience significant challenges due to a social environment where they do not feel free to be themselves. At the same time, even students who tend to discriminate against those they perceive as &quot;different&quot; have the right to educational intervention to change their negative attitudes and participate in building a safe and welcoming environment for all.<\/span><\/p>\n<p>&nbsp;<\/p>\n<p><span style=\"font-weight: 400;\"><strong>24% of LGBTI respondents in the 2011 ISTAT research on the homosexual population in Italian society declared having been discriminated against in the school and\/or university environment, compared to 14.2% of heterosexual respondents.<\/strong>. A 2012 study by the European Human Rights Agency shows that 55% of young people (18-24) hid their LGBTI identity at school, while only 71% of young people (18-24) lived openly in that context. This is a better figure than for those who went to school many years earlier (the higher the age group, the more people reported hiding their LGBTI identity at school), but it still indicates a significant difficulty.<\/span><\/p>\n<p>&nbsp;<\/p>\n<p><span style=\"font-weight: 400;\">LGBT adolescents, in particular, face difficulties in finding reliable information and positive role models, while also being easily exposed to homophobic and transphobic attitudes both in school and extracurricular contexts (family, peer groups, sports clubs, etc.). Added to this is the embarrassment and superficiality with which educational institutions and the mass media often deal with these issues, which pushes LGBTI girls and boys (or those perceived as such) to see themselves as extras in their own relational lives.<\/span><\/p>\n<p>&nbsp;<\/p>\n<p><span style=\"font-weight: 400;\">Homophobia and transphobia at school not only impacts the general health and psychological well-being of LGBTI young people, but above all their academic (and consequently also work) careers, with a high risk of dropping out or performing less well than normal.<\/span><\/p>\n<p>&nbsp;<\/p>\n<p>&nbsp;<\/p>\n<p><b>Homophobic and transphobic bullying at school<\/b><\/p>\n<p><span style=\"font-weight: 400;\"><strong>Bullying is that specific phenomenon of bullying between peers, which is exercised in a persistent and organised way according to a specific relational script to the detriment of one or more schoolmates who have no possibility of defending themselves due to the imbalance of power between the attacked and the aggressor.<\/strong>. Unlike aggressive behavior motivated by the specific relationship between two individuals, bullying <strong>has a strong social and collective characteristic<\/strong>, because it is deliberately perpetrated by &quot;bullies&quot; in front of other followers, supporters, or more or less silent spectators, with the aim of underscoring their power and dominance. It can be said that bullying puts into practice, without the need for any elaboration to justify it, the discrimination and stigmatization present in society: for bullies and their followers, in fact, the fact that LGBTI people are &quot;repugnant&quot; and &quot;unnatural&quot; requires no theory or demonstration, but is assumed in a non-rational way simply through the example of their peers.<\/span><\/p>\n<p>&nbsp;<\/p>\n<p><span style=\"font-weight: 400;\">While it&#039;s true that bullying typically targets various stigmatized &quot;categories&quot; beyond LGBTI people (fat people, women, and members of ethnic minorities), homophobic and transphobic bullying is unique. On the one hand, it attacks not only the individual because they are LGBTI or presumed to be, but also involves the entire private and personal dimension of their sexuality. On the other, it is rooted in a general culture that is still homophobic and transphobic, which effectively justifies the aggressors and is often internalized by the victim themselves. This aggravates the situation in three main ways:<\/span><\/p>\n<ul>\n<li style=\"font-weight: 400;\"><span style=\"font-weight: 400;\">the aggression is kept to oneself: on the one hand, others are less receptive due to widespread homo-transphobia and tend to underestimate or blame the victim, on the other hand, the victim himself may find it particularly difficult to ask for help from adults, parents or peers, because this would be equivalent to drawing attention to his own sexuality and identity which he may still be &quot;coming to terms&quot; with in managing shame, anxiety and other people&#039;s expectations regarding his heterosexuality or gender conformity;<\/span><\/li>\n<li style=\"font-weight: 400;\"><span style=\"font-weight: 400;\">Finding support and protection among peers is more difficult: &quot;defending&quot; peers, who are already few in normal situations of other types of bullying, are further reduced in homophobic and transphobic situations because defending a homosexual or transgender person carries the high risk of being associated with them as homosexual or &quot;abnormal,&quot; with the consequent extension to oneself of the treatment and gossip reserved for the original victim (this is the typically &quot;contagious&quot; nature of sexual stigma).<\/span><\/li>\n<li style=\"font-weight: 400;\"><span style=\"font-weight: 400;\">Internalized homophobia increases the victim&#039;s vulnerability: the already difficult journey of self-discovery and self-definition makes the person vulnerable to attacks, but this situation worsens when homo-transphobia is internalized by the victim to the point of even making them adopt an attitude of justifying the aggressor and punishing themselves. <\/span><\/li>\n<\/ul>\n<p>&nbsp;<\/p>\n<p><span style=\"font-weight: 400;\">According to the Schoolmates study of a sample of high school students in Bologna and Modena in 2005\/2006, more than 50% of students had frequently heard homophobic insults at school and had seen homophobic graffiti, particularly targeting gay men. This figure was lower than that for female homosexuality. Overall, male homosexuality was more prevalent, with 15% of students reporting having witnessed the exclusion or isolation of gay or suspected gay boys, and 14% reporting having witnessed acts of verbal or physical aggression. <strong>A subsequent research by Arcigay in 2010 on homophobic bullying (commissioned by the Ministry of Social Policies) on more than 800 students in a representative sample of high schools, two thirds of the students reported having heard homophobic insults in the last month at school or teasing towards gay or presumed gay boys, one student in 8 had witnessed sexual harassment, graffiti on walls or threats of physical aggression, and one in 13 had witnessed physical aggression for this reason.<\/strong>. In this case, too, it was primarily male homosexuality that was targeted. Nearly 41% of students were victims of homophobic and transphobic bullying in the last month considered: at the time, considering the student population at that time, one could have spoken of 100,000 victims of homophobic and transphobic bullying in Italy.<\/span><\/p>\n<p>&nbsp;<\/p>\n<p><span style=\"font-weight: 400;\"><strong>It should be noted that during the research that Arcigay conducted on homophobic bullying, the 50% of the selected schools (especially in the south and north-east) refused to collaborate even just for the data collection, which says a lot about the cultural and institutional delay in which the association still finds itself operating.<\/strong> (and young LGBTI people living) in Italy, currently exacerbated by the misinformation propaganda of the so-called \u201canti-gender\u201d homophobic and transphobic movement.<\/span><\/p>\n<p>&nbsp;<\/p>\n<p>&nbsp;<\/p>\n<p><b>Arcigay School Groups and intervention programs\/projects in schools<\/b><\/p>\n<p><span style=\"font-weight: 400;\">For these reasons, with a view to combating all forms of discrimination against LGBTI people in schools and promoting the development of a more open, secular, and inclusive society, Arcigay has been working in schools for 16 years through its School Groups, carrying out specific interventions and actual curricular and extracurricular workshops to prevent bullying and educate about otherness, as well as training school staff.<\/span><\/p>\n<p><span style=\"font-weight: 400;\">The primary goal of our interventions and programs is to contribute to creating an inclusive, multicultural school environment that is open to all forms of diversity. <\/span><\/p>\n<p><span style=\"font-weight: 400;\">The objectives of Arcigay&#039;s interventions in schools are:<\/span><\/p>\n<ul>\n<li style=\"font-weight: 400;\"><span style=\"font-weight: 400;\">supply <\/span> <span style=\"font-weight: 400;\">the tools for relating to all types of otherness;<\/span><\/li>\n<li style=\"font-weight: 400;\"><span style=\"font-weight: 400;\">contribute to the expansion of relational skills with oneself and with others;<\/span><\/li>\n<li style=\"font-weight: 400;\"><span style=\"font-weight: 400;\">supply <\/span> <span style=\"font-weight: 400;\">accurate information about sexual orientation, gender identity and gender roles;<\/span><\/li>\n<li style=\"font-weight: 400;\"><span style=\"font-weight: 400;\">involve students in bullying prevention;<\/span><\/li>\n<li style=\"font-weight: 400;\"><span style=\"font-weight: 400;\">provide tools for the analysis of stereotypical representations;<\/span><\/li>\n<li style=\"font-weight: 400;\"><span style=\"font-weight: 400;\">supply <\/span> <span style=\"font-weight: 400;\">tools for deconstructing representations of various sexual identities;<\/span><\/li>\n<li style=\"font-weight: 400;\"><span style=\"font-weight: 400;\">explore issues of gender, corporeality, and sexual orientation;<\/span><\/li>\n<li style=\"font-weight: 400;\"><span style=\"font-weight: 400;\">to favor <\/span> <span style=\"font-weight: 400;\">gaining perspectives on the influence of such <\/span> <span style=\"font-weight: 400;\">representations of the individual and the person, placed in an intersubjective perspective, or included in a community;<\/span><\/li>\n<li style=\"font-weight: 400;\"><span style=\"font-weight: 400;\">to favor <\/span> <span style=\"font-weight: 400;\">the acquisition of analytical tools for understanding the <\/span> <span style=\"font-weight: 400;\">intentionality of languages, of different expressive registers, of any mass media incompleteness;<\/span><\/li>\n<\/ul>\n<p>&nbsp;<\/p>\n<p>&nbsp;<\/p>\n<p><b>The methodologies we use at school<\/b><\/p>\n<p><span style=\"font-weight: 400;\">The methodologies are usually characterised by highly interactive methods, thanks also to the use of\u2019<\/span><b>non-formal education<\/b><span style=\"font-weight: 400;\">, which is an individual and group educational activity aimed at improving skills and abilities outside of the formal curriculum (examples: brainstorming, small-group work, simulations, games, life stories, and firsthand accounts). During the workshops, teaching materials are distributed for use in the classroom and\/or for independent work, such as bibliographies, filmographies, annotated discographies, terminology glossaries, literary and audiovisual materials.<\/span><\/p>\n<p>&nbsp;<\/p>\n<p><b>All training courses are divided into several meetings lasting approximately two hours each.<\/b><span style=\"font-weight: 400;\">, from <\/span><b>to be included in the usual daytime teaching activities, or to be carried out as an additional extra-curricular afternoon activity.<\/b><span style=\"font-weight: 400;\"> At the end of the courses, a feedback phase is planned through short questionnaires or plenary discussions. Some courses also include follow-up activities. <\/span><b>peer education<\/b><span style=\"font-weight: 400;\">, during which workshop participants experience a peer mediation role within the classroom regarding the content learned during the course. The peer education activities and experiences will then be verified and self-evaluated by the participants.<\/span><\/p>\n<p>&nbsp;<\/p>\n<p><span style=\"font-weight: 400;\">When it&#039;s not possible to activate training courses, Arcigay, also through collaboration with student organizations, tries to at least carry out interventions in less structured contexts, typically such as assemblies organized by students.<\/span><\/p>\n<p>&nbsp;<\/p>\n<p>&nbsp;<\/p>\n<p>&nbsp;<\/p>\n<p><span style=\"font-weight: 400;\">For more information on routes and availability:<\/span><\/p>\n<p><a href=\"mailto:scuola@arcigay.it\"><span style=\"font-weight: 400;\">scuola@arcigay.it<\/span><\/a><\/p>\n<p>&nbsp;<\/p>\n<p><span style=\"font-weight: 400;\"><strong>Do you want to become a school volunteer?<\/strong> <a href=\"\/en\/sedi\/\">Search here<\/a> the member association closest to you to find out if it has a school group or intends to form one, and thus be involved, or write to <\/span><a href=\"mailto:scuola@arcigay.it\"><span style=\"font-weight: 400;\">scuola@arcigay.it<\/span><\/a><span style=\"font-weight: 400;\"> if you don&#039;t get a response from the local association.<\/span><\/p>\n<p>&nbsp;<\/p>","protected":false},"excerpt":{"rendered":"<p>&nbsp; La scuola \u00e8 une delle pi\u00f9 faticose e stimolanti prove della transizione all&#8217;et\u00e0 adulta: \u00e8 il periodo in cui ogni individuo compone il tessuto della propria identit\u00e0 (personale, sociale, [&hellip;]<\/p>\n","protected":false},"author":1,"featured_media":45342,"parent":29156,"menu_order":31,"comment_status":"closed","ping_status":"closed","template":"","meta":{"_acf_changed":false,"footnotes":""},"class_list":["post-44115","page","type-page","status-publish","has-post-thumbnail","hentry"],"acf":[],"_links":{"self":[{"href":"https:\/\/www.arcigay.it\/en\/wp-json\/wp\/v2\/pages\/44115","targetHints":{"allow":["GET"]}}],"collection":[{"href":"https:\/\/www.arcigay.it\/en\/wp-json\/wp\/v2\/pages"}],"about":[{"href":"https:\/\/www.arcigay.it\/en\/wp-json\/wp\/v2\/types\/page"}],"author":[{"embeddable":true,"href":"https:\/\/www.arcigay.it\/en\/wp-json\/wp\/v2\/users\/1"}],"replies":[{"embeddable":true,"href":"https:\/\/www.arcigay.it\/en\/wp-json\/wp\/v2\/comments?post=44115"}],"version-history":[{"count":15,"href":"https:\/\/www.arcigay.it\/en\/wp-json\/wp\/v2\/pages\/44115\/revisions"}],"predecessor-version":[{"id":82032,"href":"https:\/\/www.arcigay.it\/en\/wp-json\/wp\/v2\/pages\/44115\/revisions\/82032"}],"up":[{"embeddable":true,"href":"https:\/\/www.arcigay.it\/en\/wp-json\/wp\/v2\/pages\/29156"}],"wp:featuredmedia":[{"embeddable":true,"href":"https:\/\/www.arcigay.it\/en\/wp-json\/wp\/v2\/media\/45342"}],"wp:attachment":[{"href":"https:\/\/www.arcigay.it\/en\/wp-json\/wp\/v2\/media?parent=44115"}],"curies":[{"name":"wp","href":"https:\/\/api.w.org\/{rel}","templated":true}]}}