{"id":44175,"date":"2016-08-31T00:42:34","date_gmt":"2016-08-30T22:42:34","guid":{"rendered":"http:\/\/www.arcigay.it\/?page_id=44175"},"modified":"2026-01-24T15:01:38","modified_gmt":"2026-01-24T14:01:38","slug":"diritti-e-matrimonio","status":"publish","type":"page","link":"https:\/\/www.arcigay.it\/en\/cosafacciamo\/diritti-e-matrimonio\/","title":{"rendered":"Rights and marriage"},"content":{"rendered":"<p><span style=\"font-weight: 400;\">Si stima che l\u2019omosessualit\u00e0 e la bisessualit\u00e0 riguardino milioni di persone in Italia. A questi cittadini, che vivono relazioni d\u2019amore con persone del proprio sesso, l\u2019Italia ha da sempre negato il diritto a una vita familiare riconosciuta e tutelata, discriminando in questo modo queste relazioni e ponendole socialmente e giuridicamente a un livello di minore tutela rispetto a quelle costituite da persone di sesso opposto.<\/span><\/p>\n<p><iframe loading=\"lazy\" title=\"LoStessoS\u00ec - Festival Collisioni 2016\" width=\"750\" height=\"422\" src=\"https:\/\/www.youtube.com\/embed\/1itx53LGYug?feature=oembed\" frameborder=\"0\" allow=\"accelerometer; autoplay; clipboard-write; encrypted-media; gyroscope; picture-in-picture; web-share\" referrerpolicy=\"strict-origin-when-cross-origin\" allowfullscreen><\/iframe><\/p>\n<p><b>La battaglia per la piena uguaglianza <\/b><\/p>\n<p><span style=\"font-weight: 400;\"><strong>Eppure \u00e8 stato dimostrato che il riconoscimento dell\u2019eguaglianza piena ha effetti positivi non solo per le persone gay, lesbiche e bisessuali, ma anche per l\u2019intera collettivit\u00e0<\/strong>. Innanzitutto lancia un messaggio positivo di riconoscimento e accettazione culturale delle relazioni tra persone dello stesso sesso, consentendo anche alle giovani generazioni di gay, lesbiche e bisessuali (ma anche transessuali e intersessuali) di crescere pi\u00f9 serenamente potendo finalmente immaginare un futuro di eguaglianza almeno sul piano legale. <strong>Ma c\u2019\u00e8 di pi\u00f9: uno studio fatto negli Stati Uniti dopo l\u2019introduzione del matrimonio egualitario in Massachussets, pubblicato dall\u2019<\/strong><\/span><strong><i>American Journal of Public Health<\/i>, [<i>Hatzenbuehler e altri, 2012<\/i>] ha dimostrato come l\u2019introduzione di questo istituto abbia favorito il miglioramento del benessere delle persone omosessuali, con una riduzione del <i>minority stress <\/i>in termini di depressione e problematiche similari e una conseguente riduzione della spesa sanitaria.<\/strong><\/p>\n<p><b>La genitorialit\u00e0 gay e lesbica<\/b><\/p>\n<p><span style=\"font-weight: 400;\">Anche la contrariet\u00e0 alla possibilit\u00e0 che le persone LGBTI possano essere genitori o adottare figli, esattamente come le persone eterosessuali, non ha fondamento scientifico: <strong>sono oltre 70 gli studi che dimostrano che non vi \u00e8 alcuna differenza nello sviluppo di figli di coppie dello stesso sesso rispetto ai figli delle coppie eterosessuali<\/strong> [<\/span><i><span style=\"font-weight: 400;\">Manning e altri, 2014<\/span><\/i><span style=\"font-weight: 400;\">; si veda anche il <\/span><a href=\"http:\/\/whatweknow.law.columbia.edu\/topics\/lgbt-equality\/what-does-the-scholarly-research-say-about-the-wellbeing-of-children-with-gay-or-lesbian-parents\/\"><span style=\"font-weight: 400;\">link della Columbia Law School<\/span><\/a><span style=\"font-weight: 400;\">] e uno studio pubblicato nel 2015 dalla rivista scientifica Social Science Research dimostra come ormai il consenso degli studiosi in merito sia schiacciante [Adams e Light, 2015]. I pochi studi in controtendenza si contano sulle dita di una mano e sono stati fortemente criticati per la metodologia, tanto da essere considerati fondamentalmente fallaci [Cheng e Powell, 2015].<\/span><\/p>\n<p><strong>Per questi motivi, l\u2019estensione del matrimonio\u00a0civile a persone dello stesso sesso<\/strong><span style=\"font-weight: 400;\"><strong>, il pieno riconoscimento della\u00a0genitorialit\u00e0 gay e lesbica, e la possibilit\u00e0 di accedere ad una pluralit\u00e0 di forme di regolamentazione delle famiglie, sono per Arcigay obiettivi di lungo corso<\/strong>.<\/span><\/p>\n<p>&nbsp;<\/p>\n<p><b>Dalle unioni civili al matrimonio egualitario<\/b><\/p>\n<p><span style=\"font-weight: 400;\">Il matrimonio egualitario, in particolare, \u00e8 tra gli obiettivi prioritari nella battaglia dell&#8217;Associazione a favore della piena cittadinanza e uguaglianza delle persone LGBTI, sin dal Congresso dell\u2019associazione del febbraio 2010, nonch\u00e9 uno degli obiettivi strategici per il futuro dell&#8217;associazione, essendo per altro previsto in moltissimi paesi al mondo <\/span><span style=\"font-weight: 400;\">[<\/span><a href=\"https:\/\/en.wikipedia.org\/wiki\/Same-sex_marriage#\/media\/File:World_marriage-equality_laws.svg\"><span style=\"font-weight: 400;\">scarica qui la mappa<\/span><\/a><span style=\"font-weight: 400;\">].<\/span><\/p>\n<p><span style=\"font-weight: 400;\">Fino alla legge Cirinn\u00e0 del 2016, recentemente introdotta anche grazie all&#8217;attivit\u00e0 di advocacy di Arcigay, centinaia di migliaia di persone LGBTI italiane che costituiscono nuclei familiari (anche con figli) non avevano riconosciuto in alcun modo la propria relazione ed incorrevano quotidianamente in esclusioni e difficolt\u00e0.<\/span><\/p>\n<p><span style=\"font-weight: 400;\">Ad oggi, le unioni civili riconosciute dalla legge garantiscono alcuni diritti fondamentali alle coppie dello stesso sesso come il diritto alla cura e alle decisioni sulla salute in caso di incapacit\u00e0, unione o separazione dei beni, reversibilit\u00e0 della pensione, eredit\u00e0 e possibilit\u00e0 di subentrare in contratti, congedo matrimoniale e assegni famigliari, diritto di assumere il cognome del partner e diversi altri. Purtroppo per\u00f2 non \u00e8 previsto nessun diritto riguardo ai figli della coppia perch\u00e9 il legislatore non ha voluto riconoscere l\u2019esistenza e la legittimit\u00e0 piena delle famiglie omosessuali che hanno figli. <\/span><span style=\"font-weight: 400;\">[\u00a0<a href=\"http:\/\/www.gazzettaufficiale.it\/eli\/id\/2016\/05\/21\/16G00082\/sg\">scarica qui il testo di legge<\/a> ] <\/span><span style=\"font-weight: 400;\">Per questo motivo, e <strong>per \u00a0l&#8217;affermazione dell&#8217;uguaglianza di tutte le coppie costituite da un legame affettivo, siano esse formate da persone dello stesso sesso o di sesso diverso, e dei figli nati all&#8217;interno di queste coppie, l&#8217;accesso al matrimonio egualitario \u00e8 un obiettivo irrinunciabile per il pieno riconoscimento civile e sociale delle persone LGBTI italiane<\/strong>.<\/span><\/p>\n<p>&nbsp;<\/p>\n<p><b>Il nostro lungo cammino di battaglie verso il matrimonio egualitario<\/b><\/p>\n<p><strong>Dopo aver sostenuto con energia e organizzato partecipate manifestazioni di supporto per le proposte di legge sui Pacs del 2007 (poi definiti DICO), l&#8217;<\/strong><span style=\"font-weight: 400;\"><strong>associazione ha poi inaugurato nel 2010 un lungo cammino verso il matrimonio egualitario<\/strong>, anche aderendo con convinzione alla battaglia giuridica del Comitato \u201cS\u00ec lo voglio\u201d che ha portato la Corte Costituzionale ad esprimersi favorevolmente sul matrimonio gay e ad invitare il Parlamento a legiferare sulla questione. Durante le elezioni politiche del 2013 Arcigay ha per la prima volta inaugurato la campagna #temposcaduto di monitoraggio e pressione sui candidati e le candidate di tutti i partiti in campagna elettorale, chiedendo precisi impegni su 4 punti, e attribuendo un punteggio a ciascuno\/a: tra questi impegni c\u2019era la posizione positiva sul matrimonio egualitario e la genitorialit\u00e0 gay e lesbica. Campagna simile e ancor pi\u00f9 articolata \u00e8 stata invece fatta nel 2014 per le Europee, con #cominciatu, in cui ancora si \u00e8 chiesto a tutti i candidati e candidate di dare il proprio sostegno alla battaglia sul matrimonio eguaitario e ad aderire alla piattaforma di ILGA Europe, l\u2019associazione LGBTI europea che a sua volta chiedeva precisi impegni. Agli inizi del 2015 l\u2019associazione ha cominciato, anche grazie alla collaborazione con Condividilove, ad impostare invece la campagna per il matrimonio egualitario, che sarebbe diventata poi <strong>la campagna #lostessos\u00ec &#8211; lo stesso amore gli stessi diritti, chiamando a raccolta diverse organizzazioni LGBTI e non: da l\u00ec nasce il simbolo del cuore rosso con l\u2019uguale che ha caratterizzato tutti i mesi di lotta durante il dibattito sulle unioni civili e che caratterizzer\u00e0 anche il proseguo della battaglia sul matrimonio egualitario<\/strong>: in questa chiave sono state fatte diverse azioni, come i <strong>flashmob<\/strong> nelle giornate di <strong>San Valentino<\/strong> e della <strong>Giornata Mondiale contro l\u2019Omofobia<\/strong> nel 2015 e nel 2016, o durante i Pride del 2015, o all\u2019interno della <strong>mobilizazione #svegliatitalia<\/strong> che ha portato in piazza 1 milione di cittadini in decine di citt\u00e0 italiane il 23 gennaio 2016, o ancora <strong>l\u2019azione al Festival Internazionale di Collisioni<\/strong> in luglio 2016.<\/span><\/p>\n<p>&nbsp;<\/p>\n<p><b>Riferimenti:<\/b><\/p>\n<p><span style=\"font-weight: 400;\">ISTAT, <\/span><i><span style=\"font-weight: 400;\">La popolazione omosessuale nella societ\u00e0 italiana, <\/span><\/i><span style=\"font-weight: 400;\">Maggio 2012<\/span><i><span style=\"font-weight: 400;\">. (<\/span><\/i><a href=\"http:\/\/www.istat.it\/it\/archivio\/62168\" target=\"_blank\" rel=\"noopener noreferrer\"><span style=\"font-weight: 400;\">http:\/\/www.istat.it\/it\/archivio\/62168<\/span><\/a><i><span style=\"font-weight: 400;\">)<\/span><\/i><\/p>\n<p>Mark L. Hatzenbuehler, Conall O&#8217;Cleirigh, Chris Grasso, Kenneth Mayer, Steven Safren, and Judith Bradford, <em>Effect of Same-Sex Marriage Laws on Health Care Use and Expenditures in Sexual Minority Men: A Quasi-Natural Experiment<\/em>, American Journal of Public Health, February 2012, Vol. 102, N. 2, pp. 285-291. (<a href=\"http:\/\/ajph.aphapublications.org\/doi\/abs\/10.2105\/AJPH.2011.300382\">http:\/\/ajph.aphapublications.org\/doi\/abs\/10.2105\/AJPH.2011.300382<\/a>)<\/p>\n<p>Wendy D. Manning, Marshal N. Fettro, Esther Lamidi, <em>Child Well-Being in Same-Sex Parent Families: Review of Research Prepared for American Sociological Association Amicus Brief<\/em>, Population Research and Policy Review, 2014, Vol. 33, N. 4, pp. 485-502.<\/p>\n<p>Jimi Adams, Ryan Light, <em>Scientific consensus, the law, and same sex parenting outcomes<\/em>, Social Science Research, Vol. 53, September 2015, pp. 300-310.<\/p>\n<p>Simon Cheng, Brian Powell, <em>Measurement, methods, and divergent patterns: Reassessing the effects of same-sex parents<\/em>, Social Science Research, Vol. 52, July 2015, pp. 615-626[:en]<strong>Equal Rights and Equal Marriage<\/strong><\/p>\n<p>According to estimates, homosexuality and bisexuality concern millions of people in Italy. Citizens who live into love relationships with people of their same sex have always been denied the right to a recognized and protected family life. Italy thus discriminates these relationships and places them into a lower level of social and legal protection, compared to straight couples.<\/p>\n<p><iframe loading=\"lazy\" title=\"LoStessoS\u00ec - Festival Collisioni 2016\" width=\"750\" height=\"422\" src=\"https:\/\/www.youtube.com\/embed\/1itx53LGYug?feature=oembed\" frameborder=\"0\" allow=\"accelerometer; autoplay; clipboard-write; encrypted-media; gyroscope; picture-in-picture; web-share\" referrerpolicy=\"strict-origin-when-cross-origin\" allowfullscreen><\/iframe><\/p>\n<p>&nbsp;<\/p>\n<p><b>The Fight for Full Equality<\/b><\/p>\n<p><b>Yet studies show that by recognizing full equality, there are positive effects not only for gay, lesbian and bisexual people, but for the entire community.<\/b><span style=\"font-weight: 400;\"> First of all, this would launch a positive message of cultural recognition and acceptance, while also allowing a younger generation of gay, lesbian and bisexual (but also transgender and intersex) people to grow up in a more peaceful environment, allowing them to imagine a future of equality, at least on the legal level. <\/span><b>But there&#8217;s more: a study conducted in the United States after the introduction of equal marriage in Massachusetts, published in the American Journal of Public Health, [Hatzenbuehler et al., 2012] shows that the introduction of same-sex marriage has favored an increase in the well-being of homosexual people, with reduced minority stress, measured in terms of depression and similar problems, and a subsequent decrease in healthcare spending.<\/b><\/p>\n<p><b>Gay and Lesbian Parenting<\/b><\/p>\n<p><span style=\"font-weight: 400;\">Also the opposition to LGBTI people being parents or adopting children has no scientific basis: there are over 70 studies showing that there is no difference in the development of children of same-sex couples and of children of heterosexual couples [Manning et al., 2014; see also <\/span><span style=\"font-weight: 400;\">Columbia Law School<\/span><span style=\"font-weight: 400;\">]. A study published in 2015 in the Social Science Research journal shows how the general consensus of scholars is overwhelming positive [Adams and Light, 2015]. Opposition studies can be counted on the fingers of one hand and have been strongly criticized for their methodology: they are in fact considered fundamentally flawed [Cheng and Powell, 2015].<\/span><\/p>\n<p><b>For these reasons, the extension of civil marriage to same-sex couples, the full recognition of gay and lesbian parenting rights, and the possibility to access a plurality of family regulatory forms, are longtime objectives for us at Arcigay.<\/b><\/p>\n<p><b>From Civil Unions To Equal Marriage<\/b><\/p>\n<p><span style=\"font-weight: 400;\">Equal marriage is among our priorities as we fight for full citizenship and equality for LGBTI people. This goal was set in February 2010 at the Association&#8217;s Congress. Equal marriage represents obviously one of the strategic objectives for the association: Italy should become one of the many countries worldwide to have it [<\/span><span style=\"font-weight: 400;\">click here to download the map].<\/span><\/p>\n<p><span style=\"font-weight: 400;\">Until the Civil Union Law was passed in 2016, also thanks to the role played by Arcigay, hundreds of thousands of Italian LGBTI families were not recognized in any way, as they incurred daily in discrimination and difficulties, even when there were children involved.<\/span><\/p>\n<p><span style=\"font-weight: 400;\">The Italian Civil Unions guarantee basic rights to same-sex couples, like the right to take healthcare decisions on behalf of the spouse in case of incapacity, fiscal property determination, survivor beneficiary pension, inheritance, taking over of contracts, marriage leave, child support, the right to acquire the surname of the partners, and more. Despicably as it may seem, no parenting rights are recognized: the Italian lawmakers decided to avoid full recognition of same-sex parents with children. <\/span><span style=\"font-weight: 400;\">[Click here to download the law]<\/span><span style=\"font-weight: 400;\"> This is one of the main reasons why <\/span><b>we consider equal marriage as a fundamental goal, for the affirmation of equality of all couples, no matter their sexual orientation, for the sake of their children. This is an essential objective for full civil and social recognition of Italian LGBTI people.<\/b><\/p>\n<p><b>Our long-standing battle for equal marriage<\/b><\/p>\n<p><span style=\"font-weight: 400;\">Arcigay was already on the battlefield organizing mass-gatherings as a first proposal for a civil-union law (the then called \u201cDICO\u201d, inspired by the French PACS law) reached the Parliament in 2007. That was the first step in a long-time battle for equal marriage. Arcigay took part to the legal battle that started in 2010 by joining the \u201cS\u00ec lo voglio\u201d (lit. \u201cYes I do\u201d) Committee, that successfully led the Italian Constitutional Court to express itself in favor of gay marriages and to invite the Parliament to pass a law. During the 2013 general election, Arcigay started the first #temposcaduto campaign (lit. \u201ctime is over\u201d), monitoring and pressuring candidates of all political parties to firmly commit on 4 points, and assigning a score to each one of them: one of these points was about supporting equal marriage and parenting rights. A similar campaign, but more sophisticated, was launched for the 2014 European elections: #cominciatu (lit. \u201cyou start\u201d, from a famous hit from the 70s), which still asked all candidates to support the battle for equal marriage and to sign the platform put together by ILGA-Europe, the European LGBTI association which in turn called for firm commitments.<\/span><\/p>\n<p><span style=\"font-weight: 400;\">At the beginning of 2015, Arcigay began working on a campaign strategy for reaching equal marriage, also thanks to the collaboration with Condividilove. The result was #lostessos\u00ec &#8211; <\/span><b>lo stesso amore gli stessi diritti<\/b><span style=\"font-weight: 400;\"> (\u201cThe same \u2018I do\u2019 \u2013 same love, same rights\u201d) <\/span><b>a nation-wide campaign involving several LGBTI and non-LGBTI organizations.<\/b><span style=\"font-weight: 400;\"> The campaign symbol (a red heart with a \u201c = \u201d sign in the middle) was featured during the long public debate on civil unions and will characterize the continuation of the battle for egalitarian marriage. Several actions were carried during that period, like <\/span><b>flash mobs on Valentine&#8217;s Day and on the International Day Against Homophobia in 2015 and 2016, during the Pride Parades of 2015, as well as during the mass-gatherings of #svegliatitalia<\/b><span style=\"font-weight: 400;\"> (lit. \u201cItaly, wake up!\u201d) when 1 million citizens took over dozens of squares all over Italy on January 23<\/span><span style=\"font-weight: 400;\">rd<\/span><span style=\"font-weight: 400;\">, 2016, or during the <\/span><b>Collisioni International Festival<\/b><span style=\"font-weight: 400;\"> in July 2016.<\/span><\/p>\n<p>&nbsp;<\/p>\n<p>&nbsp;<\/p>\n<p><b>Riferimenti:<\/b><\/p>\n<p><span style=\"font-weight: 400;\">ISTAT, <\/span><i><span style=\"font-weight: 400;\">La popolazione omosessuale nella societ\u00e0 italiana, <\/span><\/i><span style=\"font-weight: 400;\">Maggio 2012<\/span><i><span style=\"font-weight: 400;\">. (<\/span><\/i><a href=\"http:\/\/www.istat.it\/it\/archivio\/62168\" target=\"_blank\" rel=\"noopener noreferrer\"><span style=\"font-weight: 400;\">http:\/\/www.istat.it\/it\/archivio\/62168<\/span><\/a><i><span style=\"font-weight: 400;\">)<\/span><\/i><\/p>\n<p>Mark L. Hatzenbuehler, Conall O&#8217;Cleirigh, Chris Grasso, Kenneth Mayer, Steven Safren, and Judith Bradford, <em>Effect of Same-Sex Marriage Laws on Health Care Use and Expenditures in Sexual Minority Men: A Quasi-Natural Experiment<\/em>, American Journal of Public Health, February 2012, Vol. 102, N. 2, pp. 285-291. (<a href=\"http:\/\/ajph.aphapublications.org\/doi\/abs\/10.2105\/AJPH.2011.300382\">http:\/\/ajph.aphapublications.org\/doi\/abs\/10.2105\/AJPH.2011.300382<\/a>)<\/p>\n<p>Wendy D. Manning, Marshal N. Fettro, Esther Lamidi, <em>Child Well-Being in Same-Sex Parent Families: Review of Research Prepared for American Sociological Association Amicus Brief<\/em>, Population Research and Policy Review, 2014, Vol. 33, N. 4, pp. 485-502.<\/p>\n<p>Jimi Adams, Ryan Light, <em>Scientific consensus, the law, and same sex parenting outcomes<\/em>, Social Science Research, Vol. 53, September 2015, pp. 300-310.<\/p>\n<p>Simon Cheng, Brian Powell, <em>Measurement, methods, and divergent patterns: Reassessing the effects of same-sex parents<\/em>, Social Science Research, Vol. 52, July 2015, pp. 615-626<\/p>\n","protected":false},"excerpt":{"rendered":"<p>Si stima che l\u2019omosessualit\u00e0 e la bisessualit\u00e0 riguardino milioni di persone in Italia. A questi cittadini, che vivono relazioni d\u2019amore con persone del proprio sesso, l\u2019Italia ha da sempre negato [&hellip;]<\/p>\n","protected":false},"author":1,"featured_media":45334,"parent":29156,"menu_order":21,"comment_status":"closed","ping_status":"closed","template":"","meta":{"_acf_changed":false,"footnotes":""},"class_list":["post-44175","page","type-page","status-publish","has-post-thumbnail","hentry"],"acf":[],"_links":{"self":[{"href":"https:\/\/www.arcigay.it\/en\/wp-json\/wp\/v2\/pages\/44175","targetHints":{"allow":["GET"]}}],"collection":[{"href":"https:\/\/www.arcigay.it\/en\/wp-json\/wp\/v2\/pages"}],"about":[{"href":"https:\/\/www.arcigay.it\/en\/wp-json\/wp\/v2\/types\/page"}],"author":[{"embeddable":true,"href":"https:\/\/www.arcigay.it\/en\/wp-json\/wp\/v2\/users\/1"}],"replies":[{"embeddable":true,"href":"https:\/\/www.arcigay.it\/en\/wp-json\/wp\/v2\/comments?post=44175"}],"version-history":[{"count":32,"href":"https:\/\/www.arcigay.it\/en\/wp-json\/wp\/v2\/pages\/44175\/revisions"}],"predecessor-version":[{"id":82080,"href":"https:\/\/www.arcigay.it\/en\/wp-json\/wp\/v2\/pages\/44175\/revisions\/82080"}],"up":[{"embeddable":true,"href":"https:\/\/www.arcigay.it\/en\/wp-json\/wp\/v2\/pages\/29156"}],"wp:featuredmedia":[{"embeddable":true,"href":"https:\/\/www.arcigay.it\/en\/wp-json\/wp\/v2\/media\/45334"}],"wp:attachment":[{"href":"https:\/\/www.arcigay.it\/en\/wp-json\/wp\/v2\/media?parent=44175"}],"curies":[{"name":"wp","href":"https:\/\/api.w.org\/{rel}","templated":true}]}}