{"id":44635,"date":"2016-11-06T02:51:05","date_gmt":"2016-11-06T00:51:05","guid":{"rendered":"http:\/\/www.arcigay.it\/?page_id=44635"},"modified":"2026-01-24T14:55:28","modified_gmt":"2026-01-24T13:55:28","slug":"protest","status":"publish","type":"page","link":"https:\/\/www.arcigay.it\/en\/cosafacciamo\/salute\/protest\/","title":{"rendered":"ProTEST"},"content":{"rendered":"<p>&nbsp;<\/p>\n<h2><b>Test\u00a0HIV rapido, gratuito e anonimo, dedicato a uomini che fanno sesso con uomini, a persone trans e ai loro partner.<\/b><\/h2>\n<p><img loading=\"lazy\" decoding=\"async\" class=\"wp-image-44945 alignleft\" src=\"https:\/\/www.arcigay.it\/wp-content\/uploads\/2016\/11\/Test-2017.jpg\" alt=\"test-2017\" width=\"292\" height=\"412\" srcset=\"https:\/\/www.arcigay.it\/wp-content\/uploads\/2016\/11\/Test-2017.jpg 517w, https:\/\/www.arcigay.it\/wp-content\/uploads\/2016\/11\/Test-2017-150x212.jpg 150w, https:\/\/www.arcigay.it\/wp-content\/uploads\/2016\/11\/Test-2017-445x630.jpg 445w\" sizes=\"auto, (max-width: 292px) 100vw, 292px\" \/><\/p>\n<p><strong>Fare il test HIV, oggi, conviene sempre<\/strong>, perch\u00e9 pi\u00f9 tardi si scopre di avere l\u2019HIV peggio \u00e8 per il sistema immunitario, mentre una diagnosi tempestiva consente di:<\/p>\n<ul>\n<li><span style=\"font-weight: 400;\"><strong> gestire l\u2019infezione in modo efficace e duraturo<\/strong> nel tempo con la terapia,<\/span><\/li>\n<li><span style=\"font-weight: 400;\"><strong> ridurre gli effetti negativi sulla salute<\/strong> a lungo termine, <\/span><\/li>\n<li><span style=\"font-weight: 400;\">ridurre praticamente <strong>a zero la propria infettivit\u00e0<\/strong> verso gli altri.<\/span><\/li>\n<\/ul>\n<p><span style=\"font-weight: 400;\">Obiettivo del <a href=\"https:\/\/www.arcigay.it\/cosafacciamo\/salute\/protest\/cose-il-programma-protest\/\"><strong>programma ProTEST<\/strong><\/a>\u00a0\u00e8 in primo luogo l\u2019<strong>emersione del sommerso di infezioni HIV non diagnosticate<\/strong> e solo in secondo luogo \u00e8 attivit\u00e0 la promozione del test in generale: per questo, considerata la maggiore vulnerabilit\u00e0 degli uomini gay e bisessuali e degli uomini che fanno sesso con uomini in generale, delle persone trans e dei loro partner rispetto al resto della popolazione, il programma gratuito \u00e8 dedicato in particolare a questa parte della comunit\u00e0 LGBTI.<\/span><\/p>\n<h3><span style=\"text-decoration: underline;\"><strong>Dove fare il test rapido HIV<\/strong> <strong>community-based del programma ProTEST di Arcigay<\/strong><\/span><\/h3>\n<p>In questo momento le citt\u00e0 in cui \u00e8 (o sta diventando) operativo il programma ProTEST sono: <strong>Torino, Milano, Verona (e Desenzano), \u00a0Modena, Perugia, Catania, Palermo, Padova,<\/strong><strong>\u00a0Roma, Napoli. <span style=\"color: #f30e61;\">VEDI MAPPA SOTTO<\/span><\/strong><\/p>\n<h3><strong>Dove fare il test standard HIV<\/strong>\u00a0<strong>nei centri clinici\u00a0pubblici<\/strong><\/h3>\n<p>Per trovare il centro clinico pi\u00f9 vicino a te dove puoi fare il test HIV gratuito clicca sul sito <a href=\"http:\/\/www.uniticontrolaids.it\/aids-ist\/test\/dove.aspx\">UNITI CONTRO L&#8217;AIDS del Ministero.<\/a><\/p>\n<p><span style=\"color: #f30e61;\"><em>Il programma ProTEST di offerta gratuita del test HIV \u00e8 stato reso possibile nel 2015 e nel 2016 grazie\u00a0ai contributi 8 per mille della Chiesa Evangelica Valdese &#8211; Unione delle Chiese Metodiste Valdesi e ad una donazione liberale non condizionata di ViiV-Healthcare.<\/em><\/span>[:en]<\/p>\n<h2><b>ProTEST: Programma community-based di offerta gratuita del test HIV rapido in contesti non clinici, dedicato a uomini che fanno sesso con uomini, a persone trans e ai loro partner.<\/b><\/h2>\n<p><img loading=\"lazy\" decoding=\"async\" class=\"wp-image-44945 alignleft\" src=\"https:\/\/www.arcigay.it\/wp-content\/uploads\/2016\/11\/Test-2017.jpg\" alt=\"test-2017\" width=\"292\" height=\"412\" srcset=\"https:\/\/www.arcigay.it\/wp-content\/uploads\/2016\/11\/Test-2017.jpg 517w, https:\/\/www.arcigay.it\/wp-content\/uploads\/2016\/11\/Test-2017-150x212.jpg 150w, https:\/\/www.arcigay.it\/wp-content\/uploads\/2016\/11\/Test-2017-445x630.jpg 445w\" sizes=\"auto, (max-width: 292px) 100vw, 292px\" \/><\/p>\n<p><span style=\"font-weight: 400;\"><strong>Dal 2015 Arcigay lavora per offrire direttamente, tramite i propri comitati locali e con fondi propri, il test rapido HIV nel maggior numero di citt\u00e0 possibili,<\/strong> in una modalit\u00e0 community-based, ovvero gestita dai volontari dell\u2019associazione, sanitari e non sanitari, direttamente nelle sue sedi o nei luoghi di incontro gay (saune, discoteche, cruising, ecc.).<\/span><\/p>\n<p><span style=\"font-weight: 400;\"><strong>Tra il 2015 e il 2016 Arcigay ha offerto oltre 2000 test rapidi<\/strong>, e sono state fatte pi\u00f9 di 30 diagnosi, soprattutto nelle 10 citt\u00e0 coinvolte nel programma, e prevede di farne almeno altri 4000 entro la fine del 2017.<\/span><\/p>\n<p><span style=\"font-weight: 400;\"><strong>Fare il test HIV, oggi, conviene sempre<\/strong>, perch\u00e9 pi\u00f9 tardi si scopre di avere l\u2019HIV peggio \u00e8 per il sistema immunitario, mentre una diagnosi tempestiva consente di gestire l\u2019infezione in modo efficace e duraturo nel tempo con la terapia, ridurre gli effetti negativi sulla salute a lungo termine, oltre che ridurre praticamente a zero la propria infettivit\u00e0 verso gli altri.<\/span><\/p>\n<p><span style=\"font-weight: 400;\">Obiettivo del programma di offerta \u00e8 in primo luogo l\u2019emersione del sommerso di infezioni HIV non diagnosticate e solo in secondo luogo \u00e8 attivit\u00e0 la promozione del test in generale: per questo, considerata la maggiore vulnerabilit\u00e0 degli uomini gay e bisessuali e degli uomini che fanno sesso con uomini in generale, delle persone trans e dei loro partner rispetto al resto della popolazione, il programma gratuito \u00e8 dedicato in particolare a questa parte della comunit\u00e0 LGBTI.<\/span><\/p>\n<p><span style=\"font-weight: 400;\"><strong>Arcigay sta inoltre lavorando affinch\u00e9 questa offerta diventi strutturalmente complementare<\/strong>, con convenzioni e accordi con le ASL, a quella standard dei servizi sanitari locali nelle citt\u00e0 in cui il programma \u00e8 implementato, e l\u2019approccio community-based venga incluso stabilmente nelle previsioni normative e di politica sanitaria da parte del Ministero della salute.<\/span><\/p>\n<h3><\/h3>\n<h3><span style=\"text-decoration: underline;\"><strong>Dove fare il test rapido HIV<\/strong> <strong>community-based del programma ProTEST<\/strong><\/span><\/h3>\n<p>In questo momento le citt\u00e0 in cui \u00e8 (o sta diventando) operativo il programma ProTEST sono: <strong>Torino, Milano, Verona (e Desenzano), \u00a0Modena, Perugia, Catania, Palermo, Padova,<\/strong><strong>\u00a0Roma, Napoli. <span style=\"color: #f30e61;\">VEDI MAPPA SOTTO<\/span><\/strong><\/p>\n<h3><strong>Dove fare il test standard HIV<\/strong>\u00a0<strong>nei centri clinici\u00a0pubblici<\/strong><\/h3>\n<p>Per trovare il centro clinico pi\u00f9 vicino a te dove puoi fare il test HIV gratuito clicca sul sito <a href=\"http:\/\/www.uniticontrolaids.it\/aids-ist\/test\/dove.aspx\">UNITI CONTRO L&#8217;AIDS del Ministero.<\/a><\/p>\n<p>&nbsp;<\/p>\n<p><span style=\"color: #f30e61;\"><em>Il programma ProTEST di offerta gratuita del test HIV \u00e8 stato reso possibile nel 2015 e nel 2016 grazie ai contributi 8 per mille della Chiesa Evangelica Valdese &#8211; Unione delle Chiese Metodiste Valdesi e ad una donazione liberale non condizionata di ViiV.<\/em><\/span><\/p>\n","protected":false},"excerpt":{"rendered":"<p>&nbsp; Test\u00a0HIV rapido, gratuito e anonimo, dedicato a uomini che fanno sesso con uomini, a persone trans e ai loro partner. Fare il test HIV, oggi, conviene sempre, perch\u00e9 pi\u00f9 [&hellip;]<\/p>\n","protected":false},"author":1,"featured_media":45104,"parent":44156,"menu_order":38,"comment_status":"closed","ping_status":"closed","template":"","meta":{"_acf_changed":false,"footnotes":""},"class_list":["post-44635","page","type-page","status-publish","has-post-thumbnail","hentry"],"acf":[],"_links":{"self":[{"href":"https:\/\/www.arcigay.it\/en\/wp-json\/wp\/v2\/pages\/44635","targetHints":{"allow":["GET"]}}],"collection":[{"href":"https:\/\/www.arcigay.it\/en\/wp-json\/wp\/v2\/pages"}],"about":[{"href":"https:\/\/www.arcigay.it\/en\/wp-json\/wp\/v2\/types\/page"}],"author":[{"embeddable":true,"href":"https:\/\/www.arcigay.it\/en\/wp-json\/wp\/v2\/users\/1"}],"replies":[{"embeddable":true,"href":"https:\/\/www.arcigay.it\/en\/wp-json\/wp\/v2\/comments?post=44635"}],"version-history":[{"count":64,"href":"https:\/\/www.arcigay.it\/en\/wp-json\/wp\/v2\/pages\/44635\/revisions"}],"predecessor-version":[{"id":82051,"href":"https:\/\/www.arcigay.it\/en\/wp-json\/wp\/v2\/pages\/44635\/revisions\/82051"}],"up":[{"embeddable":true,"href":"https:\/\/www.arcigay.it\/en\/wp-json\/wp\/v2\/pages\/44156"}],"wp:featuredmedia":[{"embeddable":true,"href":"https:\/\/www.arcigay.it\/en\/wp-json\/wp\/v2\/media\/45104"}],"wp:attachment":[{"href":"https:\/\/www.arcigay.it\/en\/wp-json\/wp\/v2\/media?parent=44635"}],"curies":[{"name":"wp","href":"https:\/\/api.w.org\/{rel}","templated":true}]}}