{"id":45323,"date":"2017-01-20T14:46:09","date_gmt":"2017-01-20T12:46:09","guid":{"rendered":"http:\/\/www.arcigay.it\/?page_id=45323"},"modified":"2026-01-24T14:57:44","modified_gmt":"2026-01-24T13:57:44","slug":"lostessosi","status":"publish","type":"page","link":"https:\/\/www.arcigay.it\/en\/cosafacciamo\/diritti-e-matrimonio\/lostessosi\/","title":{"rendered":"#LoStessoS\u00ec"},"content":{"rendered":"<h2 style=\"text-align: justify;\"><strong>Iniziativa permanente per la piena uguaglianza, il matrimonio egualitario e il riconoscimento della genitorialit\u00e0 gay e lesbica.<\/strong><\/h2>\n<p>&nbsp;<\/p>\n<p style=\"text-align: justify;\"><strong>La piena uguaglianza \u00e8 tra gli obiettivi principali delle attivit\u00e0 di Arcigay: <\/strong>nell\u2019ambito della famiglia, questo significa accesso per tutti al matrimonio e pieno riconoscimento della genitorialit\u00e0 gay e lesbica.<strong> La campagna #lostessos\u00ec, avviata da Arcigay assieme ad altri soggetti LGBTI e non, nel 2015, ha proprio questo obiettivo: la piena uguaglianza.<\/strong><\/p>\n<p style=\"text-align: justify;\"><img decoding=\"async\" src=\"https:\/\/www.arcigay.it\/wp-content\/uploads\/2017\/01\/IMG-20170119-WA0000-600x338.jpg\" \/><\/p>\n<p><strong>A maggio sono state approvate le unioni civili, grazie anche alle attivit\u00e0 di advocacy di Arcigay, nel pieno della campagna #lostessos\u00ec<\/strong>: un passo in avanti importante per ognuno e ognuna di noi, per la societ\u00e0, per il Paese, perch\u00e9 hanno riconosciuto concreti diritti a molte famiglie gay e lesbiche. Ma il riconoscimento delle Unioni Civili \u00e8 stato l\u2019escamotage politico per evitare di sciogliere del tutto il nodo fondamentale: il riconoscimento della piena uguaglianza tra famiglie gay e lesbiche e famiglie eterosessuali, ivi incluse quelle con \u00a0figli. <strong>L\u2019uguaglianza e i diritti sono princ\u00ecpi ai quali aspirare nella loro completezza, e soltanto quando tutt* avremo pari condizioni di accesso ai diritti potremo ritenerci soddisfatti come associazione, come unione di persone che hanno in comune l\u2019amore per la libert\u00e0.<\/strong><\/p>\n<p>Arcigay \u00e8 ripartita da questo tassello procedendo verso il riconoscimento della piena uguaglianza. Se \u00e8 vero che \u201ctutti i cittadini hanno pari dignit\u00e0 sociale e sono eguali davanti alla legge\u201d noi crediamo che tocchi a noi, a tutti noi, rendere tutto questo realt\u00e0.<\/p>\n<p><strong>LoStessoS\u00ec \u00e8 quindi un collettore di slanci positivi che cresce grazie al sostegno e alla passione di una fitta rete di volontari e attivisti che si impegnano nelle varie azioni locali e nazionali<\/strong>. Il suo simbolo, un cuore rosso con il segno \u201cuguale\u201d bianco all\u2019interno, \u00e8 diventato presto il simbolo, riconosciuto ovunque nel Paese, di una mobilitazione per la piena uguaglianza.<\/p>\n<p>&nbsp;<\/p>\n<h3><span style=\"color: #f30e61;\"><strong>LE TAPPE DELLA CAMPAGNA<\/strong><\/span><\/h3>\n<p><span style=\"color: #60226f;\"><strong>14 febbraio e 17 maggio 2015 \/ I flashmob \u201cPiazzate d\u2019amore\u201d<\/strong><\/span><\/p>\n<p>Nei giorni simbolici di San Valentino e della giornata mondiale contro l\u2019omofobia, #lostessos\u00ec ha organizzato flashmob per stimolare il dibattito pubblico sui temi dei diritti e dell\u2019uguaglianza. Le citt\u00e0 partecipanti sono state oltre 30 e migliaia le persone coinvolte.<\/p>\n<p><strong><span style=\"color: #60226f;\">1 maggio 2015 \/ Il concerto del I maggio<\/span><\/strong><\/p>\n<p>Gli artisti che si sono esibiti durante <strong>il concerto del primo maggio<\/strong>, festa dei lavoratori, sono stati coinvolti in un\u2019azione di visibilit\u00e0 della campagna.<\/p>\n<p><span style=\"color: #60226f;\"><strong>Il 1 e 17 maggio del 2015 \/ Le prime \u201ctavolate di uguaglianza\u201d<\/strong><\/span><\/p>\n<p>A Roma e a Ravenna, un\u2019occasione per portare all\u2019attenzione dell\u2019opinione pubblica la necessit\u00e0 di <strong>discutere di uguaglianza delle famiglie<\/strong> attraverso il gesto simbolico del \u201cpranzare tutt* assieme\u201d, trasmettendo il senso di comunit\u00e0 e di famiglia.<\/p>\n<p><span style=\"color: #60226f;\"><strong>Dicembre 2015 \/ Campagna #DisegnodiFamiglia<\/strong><\/span><\/p>\n<p>Nel pieno del dibattito sulla stepchild adoption Arcigay lancia assieme a Famiglie Arcobaleno e Condividilove un <strong>video di sensibilizzazione<\/strong> circa il concetto di famiglia, raccontato direttamente dai bambini e dalle bambine di famiglie gay e lesbiche.<\/p>\n<p><span style=\"color: #60226f;\"><strong>Giugno 2015 \/ I Pride<\/strong><\/span><\/p>\n<p>Un mese durante il quale dimostrare l<strong>\u2019orgoglio della propria identit\u00e0<\/strong>, unirci e fare massa critica, direttamente nelle piazze dell\u2019Italia intera: il simbolo della campagna \u00e8 presente in massa in quasi tutti i pride italiani<\/p>\n<p><span style=\"color: #60226f;\"><strong>23 gennaio 2016 \/ SvegliatiItalia<\/strong><\/span><\/p>\n<p>I<strong>l simbolo di #lostessos\u00ec \u00e8 parte di una mobilitazione nazionale che ha portato oltre 1 milione di persone in 90 piazze italiane con l\u2019obiettivo di spronare il Parlamento Italiano<\/strong> a svegliarsi e a fare finalmente dell\u2019Italia un paese pi\u00f9 civile. La straordinaria mobilitazione nel pieno del dibattito finale sulle Unioni Civili costituisce una delle ragioni di tenuta del percorso legislativo anche contro il \u201cFamily Day\u201d che si sarebbe tenuto subito dopo.<\/p>\n<p><span style=\"color: #60226f;\"><strong>5 marzo 2016 \u00a0\/ Manifestazione \u201cORA Basta &#8211; Diritti alla meta\u201d<\/strong><\/span><\/p>\n<p><strong>Il simbolo di #lostessos\u00ec \u00e8 di nuovo parte della manifestazione tenutasi a Roma il 5 marzo \u201cORA Basta &#8211; Diritti alla meta\u201d<\/strong>, in risposta all\u2019approvazione al Senato del disegno di legge sulle Unioni Civili senza stepchild adoption. Arcigay partecipa chiedendo che si proceda comunque ad approvare la legge, ma avvertendo che si tratta solo di un \u201cpunto di inizio\u201d sulla strada per la piena uguaglianza.<\/p>\n<p>[5 giugno 2016 \/ La Leg. 76\/2016 sulle Unioni Civili entra in vigore]<\/p>\n<p><span style=\"color: #60226f;\"><strong>Luglio 2016 \/ LoStessoS\u00ec al Festival Internazionale \u201cCollisioni<\/strong>\u201d<\/span><\/p>\n<p>LoStessoS\u00ec ha partecipato al <strong>Festival Internazionale Collisioni 2016<\/strong>, Barolo (CN), dopo che il Festival aveva subito pesanti attacchi omofobi. Si sono coinvolte migliaia di persone non LGBTI. #Lostessos\u00ec ha incontrato decine di artisti che dal palco hanno condiviso il simbolo della campagna.<\/p>\n<p><span style=\"color: #60226f;\"><strong>Ottobre 2016 \/<\/strong> <strong>Conferenza \u201cLoStessoS\u00ec: i percorsi verso l\u2019uguaglianza\u201d e partecipazione a Gaybride 2016<\/strong><\/span><\/p>\n<p><strong><em>Due giorni di conferenza<\/em><\/strong> &#8211; Dopo il cambiamento di scenario introdotto dalle Unioni Civili, Arcigay organizza una <strong>conferenza per riorganizzare la campagna<\/strong>, con la presenza di relatori e relatrici esperti, ragionando dal punto di vista giuridico, politico-istituzionale e comunicativo e della percezione pubblica. La due giorni ha visto protagoniste associazioni e realt\u00e0 che avevano aderito alla campagna e che hanno avuto modo di confrontarsi.<strong><em>Lo stand a Gaybride 2016 &#8211;<\/em><\/strong> Tra sfilate, esibizioni, sportelli tematici e stand commerciali della fiera sul tema wedding di Bologna, la campagna #lostessos\u00ec era presente con uno <strong>stand in cui si \u00e8 distribuito materiale divulgativo sul Matrimonio Egualitario<\/strong> come diritto e come principio.<\/p>\n<p><strong><em>L\u2019aggregazione e il senso di comunit\u00e0 sono elementi fondanti per Arcigay, ecco perch\u00e9 nei prossimi mesi verranno intraprese una serie di iniziative volte a lottare per il principio che \u201ci diritti o sono di tutt* o non sono diritti\u201d.<br \/>\n<\/em><\/strong><\/p>\n<p><em><br \/>\n*La campagna #lostessos\u00ec \u00e8 stata resa possibile grazie al finanziamento da parte di Open Society Iniziative for Europe &#8211; Open Society Foundations, grazie ad un contributo di CILD &#8211; Coalizione Italiana Libert\u00e0 e Diritti e a donazioni private individuali. La campagna #disegnodifamiglia \u00e8 stata resa possibile grazie ad un finanziamento di ILGA Europe.<\/em><\/p>\n<h2 style=\"text-align: justify;\"><img decoding=\"async\" src=\"https:\/\/www.arcigay.it\/wp-content\/uploads\/2017\/01\/IMG-20170119-WA0000-600x338.jpg\" \/><\/h2>\n<p><b>#LoStessoS\u00ec: a campaign for full equality and equal marriage<\/b><\/p>\n<p><span style=\"font-weight: 400;\">Achieving full equality is one of the main objectives of Arcigay: to our families, this really means access to marriage for all, including full parenting rights. The #lostessos\u00ec (\u201cThe same \u2018I do\u2019\u201d) campaign, which was jump-started by Arcigay together with other LGBTI and non-LGBTI associations in 2015, has exactly this goal: full equality.<\/span><\/p>\n<p><span style=\"font-weight: 400;\">The Civil Union law was passed in May 2016, also thanks to the advocacy work done by Arcigay, at the heights of the # lostessos\u00ec campaign. This represents a major step forward for each and every one of us, for our society, for our country: finally factual rights were recognized for many lesbian and gay families. At the same time, the law was also the result of a vile political plot to avoid facing the fundamental issue of making gay and lesbian families equal to heterosexual families, including parenting rights. Equality and rights are principles to which we aspire in their entirety, and only when we all have access to equal rights and conditions, will we be satisfied as an association of people who love freedom.<\/span><\/p>\n<p><span style=\"font-weight: 400;\">This is where Arcigay starts moving forward for the recognition of full equality. If it is true that \u201call citizens have equal social status and are equal before the law\u201d, we believe that this is our responsibility, and we all need to turn this into reality.<\/span><\/p>\n<p><span style=\"font-weight: 400;\">LoStessoS\u00ec acts as a collector of positive inputs that grows with the support and passion of a great network of volunteers and activists who engage locally and nationally. It became the Italian symbol of fighting for full equality.<\/span><\/p>\n<p><b>CAMPAIGN MILESTONES<\/b><\/p>\n<p><b>February 14<\/b><b>th<\/b><b> and May 17<\/b><b>th<\/b><b>, 2015 \/ \u201cPiazzate d\u2019amore\u201d (\u201cSquares of love\u201d) flash mobs<\/b><\/p>\n<p><span style=\"font-weight: 400;\">The symbolic days of Valentine&#8217;s and the International Day Against Homophobia, were chosen by #lostessos\u00ec to organize flash mobs that would provoke a public debate on rights and equality issues. This happened in 30 cities, with thousands of people involved.<\/span><\/p>\n<p><b>May 1<\/b><b>st<\/b><b>, 2015 \/ Labor Day Concert<\/b><\/p>\n<p><span style=\"font-weight: 400;\">The artists who performed during the traditional Labor Day Concert, which is broadcasted live national wide, were involved in the campaign for visibility.<\/span><\/p>\n<p><b>May 1<\/b><b>st<\/b><b> ad 17<\/b><b>th<\/b><b>, 2015 \/ First \u201cEquality tables\u201d<\/b><\/p>\n<p><span style=\"font-weight: 400;\">In Rome and Ravenna, long tables were set on public squares, as a symbolic gesture. The goal was to bring public attention to how families are equal through \u201chaving lunch together\u201d, to convey a sense of community and family.<\/span><\/p>\n<p><b>December 2015 \/ The #DisegnodiFamiglia (\u201cFamilyDrawing\u201d) Campaign<\/b><\/p>\n<p><span style=\"font-weight: 400;\">In the midst of the heated debate about stepchild-adoption rights, Arcigay collaborated with Famiglie Arcobaleno and Condividilove to launch a video raising awareness about what families really are about, as told directly by children lesbian and gay parents.<\/span><\/p>\n<p><b>June 2015 \/ Pride Parades<\/b><\/p>\n<p><span style=\"font-weight: 400;\">A month during which we demonstrated how proud we are about our identities, a mass demonstration of unity taking the stage in squares all over Italy: the campaign symbol is present in almost all of the Italian pride parades.<\/span><\/p>\n<p><b>January 23<\/b><b>rd<\/b><b>, 2016 \/ SvegliatiItalia (Italy, Wake UP!) demonstrations<\/b><\/p>\n<p><span style=\"font-weight: 400;\">The #lostessos\u00ec symbol was part of a national mass demonstration that brought more than 1 million people in 90 Italian cities to gather with the goal of convincing the Italian Parliament to wake up and finally turn Italy into a more civilized country. This extraordinary demonstration during the final days of the civil unions debate was one of the reasons why the law held despite opposing demonstrations (such as the \u201cFamily Day\u201d mass gathering).<\/span><\/p>\n<p><b>March 5<\/b><b>th<\/b><b>, 2016 \u00a0\/ \u201cORA Basta &#8211; Diritti alla meta\u201d (\u201cThat\u2019s It \u2013 Right On\u201d) demonstration<\/b><\/p>\n<p><span style=\"font-weight: 400;\">The symbol #lostessos\u00ec is also part of the event held in Rome on March 5<\/span><span style=\"font-weight: 400;\">th<\/span><span style=\"font-weight: 400;\"> in response to the Senate passing the Civil Union law by scratching stepchild adoption rights. Arcigay takes part to the demonstration to stress out that the law needs to be passed, warning at the same time that this is only a &#8220;starting point&#8221; on the pathway towards full equality.<\/span><\/p>\n<p><span style=\"font-weight: 400;\"> [June 5<\/span><span style=\"font-weight: 400;\">th<\/span><span style=\"font-weight: 400;\">, 2016 \/ The Bill 76\/2016 about Civil Unions becomes law]<\/span><\/p>\n<p><b>July 2016 \/ LoStessoS\u00ec \u201cCollisioni<\/b><span style=\"font-weight: 400;\">\u201d <\/span><b>International Festival<\/b><\/p>\n<p><span style=\"font-weight: 400;\">LoStessoS\u00ec took part to the International Festival Collisions 2016, in Barolo (Northern Italy), after the festival had suffered heavy homophobic episodes. Thousands of non-LGBTI people were involved. #lostessos\u00ec met with dozens of artists who shared the campaign symbol on stage.<\/span><\/p>\n<p><b>October 2016 \/<\/b> <b>\u201cLoStessoS\u00ec: i percorsi verso l\u2019uguaglianza\u201d Conference and \u201cGaybride 2016\u201d<\/b><\/p>\n<p><b><i>Two-day Conference <\/i><\/b><span style=\"font-weight: 400;\">\u2013 After the change of situation brought by the Civil Unions, Arcigay organized a conference to reorganize the campaign, inviting expert speakers, discussing legal and political-institutional implications, as well as communicative and public perception. It was an important opportunity for all the associations involved to reassess campaign strategies and discuss future action.<\/span><\/p>\n<p><b><i>A stand at Gaybride 2016 \u2013<\/i><\/b><span style=\"font-weight: 400;\"> #lostessos\u00ec also took part to the LGBTI wedding fair in Bologna, renting a stand among shows, exhibitions, thematic and commercial stands, distributing informational materials on the important of fighting for equal marriage as a right and as a principle.<\/span><\/p>\n<p><span style=\"font-weight: 400;\">Arcigay is all about getting together and creating a sense of community. Because of this, in the coming months, a number of initiatives will be implemented to fight in the name of the principle that \u201ceither we all have rights, or none of us do\u201d.<\/span><\/p>\n<p><i><span style=\"font-weight: 400;\">The #lostessos\u00ec campaign was made possible through the financial contributions of Open Society Initiative for Europe &#8211; Open Society Foundations, CILD &#8211; Coalizione Italiana Libert\u00e0 e Diritti and of several private citizens. The #disegnodifamiglia campaign was made possible through a financial contribution of ILGA Europe.<\/span><\/i><\/p>\n","protected":false},"excerpt":{"rendered":"<p>Iniziativa permanente per la piena uguaglianza, il matrimonio egualitario e il riconoscimento della genitorialit\u00e0 gay e lesbica. &nbsp; La piena uguaglianza \u00e8 tra gli obiettivi principali delle attivit\u00e0 di Arcigay: [&hellip;]<\/p>\n","protected":false},"author":33,"featured_media":0,"parent":44175,"menu_order":23,"comment_status":"closed","ping_status":"closed","template":"","meta":{"_acf_changed":false,"footnotes":""},"class_list":["post-45323","page","type-page","status-publish","hentry"],"acf":[],"_links":{"self":[{"href":"https:\/\/www.arcigay.it\/en\/wp-json\/wp\/v2\/pages\/45323","targetHints":{"allow":["GET"]}}],"collection":[{"href":"https:\/\/www.arcigay.it\/en\/wp-json\/wp\/v2\/pages"}],"about":[{"href":"https:\/\/www.arcigay.it\/en\/wp-json\/wp\/v2\/types\/page"}],"author":[{"embeddable":true,"href":"https:\/\/www.arcigay.it\/en\/wp-json\/wp\/v2\/users\/33"}],"replies":[{"embeddable":true,"href":"https:\/\/www.arcigay.it\/en\/wp-json\/wp\/v2\/comments?post=45323"}],"version-history":[{"count":12,"href":"https:\/\/www.arcigay.it\/en\/wp-json\/wp\/v2\/pages\/45323\/revisions"}],"predecessor-version":[{"id":82063,"href":"https:\/\/www.arcigay.it\/en\/wp-json\/wp\/v2\/pages\/45323\/revisions\/82063"}],"up":[{"embeddable":true,"href":"https:\/\/www.arcigay.it\/en\/wp-json\/wp\/v2\/pages\/44175"}],"wp:attachment":[{"href":"https:\/\/www.arcigay.it\/en\/wp-json\/wp\/v2\/media?parent=45323"}],"curies":[{"name":"wp","href":"https:\/\/api.w.org\/{rel}","templated":true}]}}