{"id":45382,"date":"2017-01-24T22:55:23","date_gmt":"2017-01-24T20:55:23","guid":{"rendered":"http:\/\/www.arcigay.it\/?page_id=45382"},"modified":"2026-01-24T14:55:46","modified_gmt":"2026-01-24T13:55:46","slug":"silver-rainbow","status":"publish","type":"page","link":"https:\/\/www.arcigay.it\/en\/cosafacciamo\/salute\/silver-rainbow\/","title":{"rendered":"Silver Rainbow"},"content":{"rendered":"<p><img loading=\"lazy\" decoding=\"async\" class=\"aligncenter wp-image-57838 size-large\" style=\"border: none!important;\" src=\"https:\/\/www.arcigay.it\/wp-content\/uploads\/2019\/11\/Schermata-2019-11-06-alle-19.44.16-1200x236.png\" alt=\"\" width=\"750\" height=\"148\" srcset=\"https:\/\/www.arcigay.it\/wp-content\/uploads\/2019\/11\/Schermata-2019-11-06-alle-19.44.16-1200x236.png 1200w, https:\/\/www.arcigay.it\/wp-content\/uploads\/2019\/11\/Schermata-2019-11-06-alle-19.44.16-768x151.png 768w, https:\/\/www.arcigay.it\/wp-content\/uploads\/2019\/11\/Schermata-2019-11-06-alle-19.44.16-150x29.png 150w, https:\/\/www.arcigay.it\/wp-content\/uploads\/2019\/11\/Schermata-2019-11-06-alle-19.44.16-600x118.png 600w, https:\/\/www.arcigay.it\/wp-content\/uploads\/2019\/11\/Schermata-2019-11-06-alle-19.44.16.png 1486w\" sizes=\"auto, (max-width: 750px) 100vw, 750px\" \/><\/p>\n<p><strong>Silver Rainbow: programma per il contrasto alle solitudini involontarie della terza e quarta et\u00e0 LGBTI e la promozione dell\u2019invecchiamento attivo.<\/strong><\/p>\n<p><strong>\u00a0<\/strong><\/p>\n<p><strong><u>Il progetto<\/u><\/strong><\/p>\n<p>Arcigay Associazione LGBTI Nazionale, in partenariato con Arci Pesca FISA, \u00e8 capofila del progetto \u201cSILVER RAINBOW\u201d &#8211; Azioni multilivello per l\u2019invecchiamento positivo della popolazione anziana LGBTI, il contrasto alle solitudini involontarie, il dialogo intergenerazionale e la promozione dell\u2019accoglienza e della visibilit\u00e0 in contesti non LGBTI finanziato dal Ministero del Lavoro e delle Politiche Sociali ai sensi dell\u2019articolo 72 del decreto legislativo 3 luglio 2017, n. 117 &#8211; anno 2017.<\/p>\n<p>Con questo progetto intendiamo lavorare per il contrasto alle solitudini involontarie e per l\u2019empowerment delle persone LGBTI anziane, in un\u2019ottica programmatica di intervento di lungo periodo nell\u2019ambito della terza (over 60) e quarta et\u00e0 (over 75) LGBTI.\u00a0 Il processo di invecchiamento \u00e8 di per s\u00e9 una condizione che porta gli individui ad un periodo della vita nel quale si \u00e8 maggiormente a rischio di invisibilit\u00e0, solitudine involontaria, esclusione sociale. La <strong>terza e quarta et\u00e0 LGBTI <\/strong>\u00e8 questione ancora pi\u00f9 complessa e relativamente nuova che va affrontata su pi\u00f9 livelli.<\/p>\n<p><strong>Oggi le persone LGBTI senior sono tendenzialmente invisibili e la solitudine involontaria per l\u2019anziano LGBTI \u00e8 dunque un rischio concreto e doppio<\/strong>: in quanto anziano e in quanto LGBTI. Da una parte lo stigma sull\u2019invecchiamento ha un peso rilevante nella comunit\u00e0 e nella cultura LGBTI, ed \u00e8 un tema con cui gi\u00e0 i grandi adulti over 50 che si avviano alla terza et\u00e0 devono fare i conti. Dall\u2019altra la propria specificit\u00e0 LGBTI presenta elementi molteplici di rischio, o quantomeno di sfida, che cambiano fisionomia in base alla maggiore o minore \u201cvisibilit\u00e0\u201d come persone LGBTI, e a cui si aggiunge la fragilit\u00e0 potenziale di un supporto sociale che in Italia si basa spesso sui legami famigliari di sangue, destinati a scemare per la persona anziana LGBTI senza discendenti.<\/p>\n<p><strong>Mancano \u201cmodelli di riferimento\u201d sull\u2019invecchiare bene <\/strong>per le persone LGBTI, per quanto esistano esperienze che affrontano per esempio il tema dell\u2019abitare della terza e quarta et\u00e0 LGBTI guardando al co-housing intergenerazionale o a modelli similari. E del resto <strong>l\u2019anziano LGBTI gi\u00e0 oggi mette in campo risorse <\/strong>per far fronte al cambiamento, ma non le conosciamo.<\/p>\n<p><strong>L\u2019idea del progetto \u00e8 di affrontare questa invisibilit\u00e0 e contrastare le solitudini involontarie <\/strong>da pi\u00f9 punti di vista e a pi\u00f9 livelli territoriali, uno nazionale su tutto il territorio italiano e uno locale nei territori di Bologna e Torino, con alcune azioni specifiche.<\/p>\n<p><strong>Obiettivo generale <\/strong>del progetto \u00e8 dunque la riduzione della discriminazione nei confronti della persona anziana LGBTI e la sperimentazione di forme innovative di \u201cabitare\u201d per la persona anziana.<\/p>\n<p><strong>Obiettivi specifici<\/strong>\u00a0sono:<\/p>\n<ol>\n<li>una maggiore conoscenza dei bisogni della persona anziana LGBTI;<\/li>\n<li>l\u2019aumento di competenze sulla persona anziana LGBTI nei care givers in senso lato e nelle organizzazioni che lavorano sull\u2019invecchiamento attivo;<\/li>\n<li>la riduzione del gap generazionale tra anziani LGBTI e la comunit\u00e0 LGBTI pi\u00f9 giovane;<\/li>\n<li>la definizione di un modello innovativo di\u00a0<em>housing\u00a0<\/em>per la persona anziana LGBTI.<\/li>\n<\/ol>\n<p>&nbsp;<\/p>\n<p><strong><u>I risultati della ricerca sociale<\/u><\/strong><\/p>\n<p>Ad inizio 2019 \u00e8 stato diffuso un sondaggio online \u2013 dal titolo \u201cGli anni che passano\u201d, a cura del dott. Raffaele Lelleri, sociologo e responsabile scientifico della ricerca \u2013 che trattava i temi della visibilit\u00e0 personale e sociale, dell\u2019appartenenza e della partecipazione, della salute e del benessere, delle discriminazioni e delle vittimizzazione, delle reti di aiuto presenti e future, dei vissuti in rapporto al proprio invecchiare e del co-housing. Il sondaggio ha ricevuto ben 3.006 risposte, di cui 2.975 validate (2.312 di rispondenti LGBTI+ e 663 di rispondenti eterosessuali). In particolare, le persone LGBTI almeno 50enni nel campione sono 684; 91 quelle con almeno 65 anni. Il target misto (per et\u00e0 e per orientamento sessuale) ha permesso di capire se e in che misura la vita delle persone LGBTI grandi adulte e anziane \u00e8 specifica o comune a quella delle altre generazioni LGBTI e delle persone eterosessuali di pari et\u00e0. Per la ricca articolazione dei suoi obiettivi, la sua complessit\u00e0 metodologica, la copertura nazionale e l\u2019inedita numerosit\u00e0 campionaria del suo target principale, \u201cGli anni che passano\u201d \u00e8 un punto di riferimento sui temi dell\u2019invecchiamento e della vecchiaia LGBTI oggi in Italia. La seconda azione di ricerca, realizzata tra febbraio e aprile 2019, \u00e8 consistita in sei focus group, organizzati in sei diverse citt\u00e0 (Padova, Napoli, Roma, Milano, Torino e Bologna) e aperti a rappresentanti della comunit\u00e0 LGBTI di et\u00e0 non inferiore a 50 anni e che hanno coinvolto in tutto 61 persone. I focus group sono una modalit\u00e0 di intervista collettiva, della durata di circa 2 ore, facilitata da un conduttore, in questo caso la dottoressa Ilaria Iseppato, PhD in Sociologia, che ha il ruolo di proporre stimoli e quesiti utili alla riflessione rispetto alle tematiche oggetto di indagine, agevolando la discussione ed il confronto.<\/p>\n<p>Scarica qui i due report di ricerca:<\/p>\n<table style=\"border-collapse: collapse; width: 28.095238095238095%;\">\n<tbody>\n<tr>\n<td style=\"width: 6.547619047619044%;\"><img decoding=\"async\" class=\"alignleft\" style=\"border: none!important;\" src=\"https:\/\/www.arcigay.it\/wp-content\/plugins\/postie\/icons\/silver\/pdf-32.png\" alt=\"pdf icon\" \/><\/td>\n<td style=\"width: 21.547619047619065%;\"><a href=\"https:\/\/www.arcigay.it\/wp-content\/uploads\/2019\/11\/SilverRainbow_Survey_Lelleri.pdf\">Gli anni che passano<\/a><\/td>\n<\/tr>\n<tr>\n<td style=\"width: 6.547619047619044%;\"><img decoding=\"async\" class=\"alignleft\" style=\"border: none!important;\" src=\"https:\/\/www.arcigay.it\/wp-content\/plugins\/postie\/icons\/silver\/pdf-32.png\" alt=\"pdf icon\" \/><\/td>\n<td style=\"width: 21.547619047619065%;\"><a href=\"https:\/\/www.arcigay.it\/wp-content\/uploads\/2019\/11\/SilverRainbow_Focus_Iseppato.pdf\">Focus group qualitativi<\/a><\/td>\n<\/tr>\n<\/tbody>\n<\/table>\n<p>&nbsp;<\/p>\n<p>Qui il <a href=\"https:\/\/www.arcigay.it\/comunicati\/welfare-ricerca-arcigay-su-anziani-lgbti-temono-linvecchiamento-e-sognano-spazi-sociali-e-co-housing\/\">comunicato stampa<\/a><\/p>\n<p><strong>\u00a0<\/strong><\/p>\n<p><span style=\"text-decoration: underline;\"><strong>I risultati della ricerca-azione sul cohousing intergenerazionale LGBTI <\/strong><\/span><\/p>\n<p>\u201cLe persone senior LGBTI e il cohousing intergenerazionale, un modello abitativo per ridurre i rischi di isolamento ed esclusione sociale\u201d \u00e8 il titolo del report della ricerca-azione condotta da Enrico Bramerini con il team di Elea, la societ\u00e0 che fonda la sua visione sull\u2019integrazione con la comunit\u00e0 sul territorio.<\/p>\n<p>Il report centra l\u2019attenzione su un modello innovativo e sperimentabile di \u201cabitare collaborativo\u201d: un percorso volto a sviluppare il \u00a0\u201csenso di comunit\u00e0 LGBTI\u201d con le persone nella terza e quarta et\u00e0 della vita, cos\u00ec da sopperire al ridotto supporto sociale di tipo familiare grazie alla creazione di condizioni di collaborazione attiva fra anziani LGBTI, insieme al coinvolgimento intergenerazionale di soggetti di altre fasce d\u2019et\u00e0. L\u2019auspicio \u00e8 di costruire un modello che risponda ai bisogni tipici della terza e quarta et\u00e0 LGBTI, e riduca anche i rischi legati all\u2019isolamento e alla perdita di autosufficienza.<\/p>\n<p>La ricerca che ne \u00e8 derivata si \u00e8 articolata nelle seguenti modalit\u00e0, interconnesse tra loro:<\/p>\n<ul>\n<li>una rassegna delle esperienze in ambito LGBTI italiane ed europee sul cohousing in generale e in particolare sul \u201ccohousing intergenerazionale\u201d;<\/li>\n<li>uno studio dei vincoli e delle opportunit\u00e0 attraverso l\u2019esame degli elementi normativi, amministrativi e di sostenibilit\u00e0 negli specifici contesti amministrativi di Bologna e Torino;<\/li>\n<li>la redazione di linee-guida condivise per la gestione di uno spazio abitativo di \u201ccohousing intergenerazionale\u201d in un\u2019ottica di welfare generativo e di comunit\u00e0, anche attraverso lo studio di possibili applicazioni nel contesto territoriale locale (individuazione di strutture adeguate, infrastrutture necessarie, possibili risorse private, ecc.);<\/li>\n<li>la definizione di azioni propedeutiche ad una implementazione concreta post-progetto.<\/li>\n<\/ul>\n<p>&nbsp;<\/p>\n<p>Scarica il report di ricerca:<\/p>\n<table style=\"border-collapse: collapse; width: 43.571428571428584%; height: 70px;\">\n<tbody>\n<tr>\n<td style=\"width: 6.547619047619044%;\"><img decoding=\"async\" class=\"alignleft\" style=\"border: none!important;\" src=\"https:\/\/www.arcigay.it\/wp-content\/plugins\/postie\/icons\/silver\/pdf-32.png\" alt=\"pdf icon\" \/><\/td>\n<td style=\"width: 21.547619047619065%;\"><a href=\"https:\/\/www.arcigay.it\/wp-content\/uploads\/2020\/06\/SilverRainbow-Cohousing-web.pdf\">Le persone LGBTI e il cohousing intergenerazionale<\/a><\/td>\n<\/tr>\n<\/tbody>\n<\/table>\n<p>&nbsp;<\/p>\n<p>Scarica le tavole in appendice, realizzate per essere stampate in formato A2 o superiore, quali strumenti di supporto operativo per implementare un percorso che porti all\u2019avvio di un cohousing intergenerazionale LGBTI<\/p>\n<table style=\"border-collapse: collapse; width: 28.0952380952381%;\">\n<tbody>\n<tr>\n<td style=\"width: 6.547619047619044%;\"><img decoding=\"async\" class=\"alignleft\" style=\"border: none!important;\" src=\"https:\/\/www.arcigay.it\/wp-content\/plugins\/postie\/icons\/silver\/pdf-32.png\" alt=\"pdf icon\" \/><\/td>\n<td style=\"width: 21.547619047619065%;\"><a href=\"https:\/\/www.arcigay.it\/wp-content\/uploads\/2020\/06\/Cohousing-LGBTI_def.pdf\">Cohousing LGBTI<\/a><\/td>\n<\/tr>\n<\/tbody>\n<\/table>\n<p>&nbsp;<\/p>\n<p>Qui il <a href=\"https:\/\/www.arcigay.it\/comunicati\/anziani-lgbti-arcigay-presenta-un-modello-di-cohousing-intergenerazionale-per-la-terza-e-quarta-eta\/\">comunicato stampa<\/a><\/p>\n<div><\/div>\n<div>Qui i link ai video dei due convegni:<\/div>\n<div>Cohousing Intergenerazionale &#8211; Silver Rainbow Bologna &#8211; 26 giugno 2020<\/div>\n<div><a href=\"https:\/\/youtu.be\/hWv4KqR78ZY\" target=\"_blank\" rel=\"noopener noreferrer\">https:\/\/youtu.be\/hWv4KqR78ZY<\/a><\/div>\n<div><\/div>\n<div>\n<div>Cohousing Intergenerazionale &#8211; Silver Rainbow Torino &#8211; 19 giugno 2020<\/div>\n<div><a href=\"https:\/\/youtu.be\/awYtyJpZA5g\" target=\"_blank\" rel=\"noopener noreferrer\">https:\/\/youtu.be\/awYtyJpZA5g<\/a><\/div>\n<p>&nbsp;<\/p>\n<div><\/div>\n<\/div>\n<p><strong><u>La formazione a distanza (FAD)<\/u><\/strong><\/p>\n<p>La FAD \u00e8 uno strumento rivolto agli attivisti della rete Arcigay ai fini dell\u2019implementazione di servizi e buone prassi dei comitati. L\u2019obiettivo \u00e8 fornire competenze per rendere efficaci le azioni per la prevenzione e il contrasto di forme di discriminazione nei confronti delle persone over 55, e facilitare la conoscenza dei bisogni e delle risorse di queste persone.<\/p>\n<p>Il corso \u00e8 organizzato in due moduli, ciascuno dei quali \u00e8 composto da sei lezioni. Ciascun modulo presenta i contenuti attraverso brevi presentazioni, infografiche, video di approfondimento. In particolare:<\/p>\n<p>&nbsp;<\/p>\n<ul>\n<li>Il primo modulo \u00e8 sui bisogni dell\u2019anziano in generale, con una rassegna di contenuti teorici utili alla definizione della terza e della quarta et\u00e0 e le questioni di tipo sociale, politico e culturale a queste inerenti.<\/li>\n<li>Le lezioni del modulo 2 si basano sullo studio composto, nell\u2019ambito del progetto Silver Rainbow, da: i risultati del sondaggio \u201cGli anni che passano\u201d e il report del focus group di approfondimento.<\/li>\n<\/ul>\n<p>&nbsp;<\/p>\n<p>Alla FAD potranno accedere tutte\/i le\/gli attivisti e volontari della rete di Arcigay, registrando il proprio account email oppure, se in possesso di un account\u00a0<a href=\"mailto:nome@arcigay.it\">nome@arcigay.it<\/a>\u00a0si potr\u00e0 gi\u00e0 in automatico accedere alla piattaforma.<\/p>\n<p>&nbsp;<\/p>\n<p>La FAD \u00e8 accessibile al seguente url: <a href=\"https:\/\/fad.arcigay.it\/\">https:\/\/fad.arcigay.it\/<\/a><\/p>\n<p>Per registrarsi clicca qui: <a href=\"https:\/\/fad.arcigay.it\/login\/signup.php\">https:\/\/fad.arcigay.it\/login\/signup.php<\/a>?<\/p>\n<p>&nbsp;<\/p>\n<p><strong><u>Social Network<\/u><\/strong><\/p>\n<p>Abbiamo creato una pagina Facebook di progetto in cui raccontiamo le attivit\u00e0 in corso, pubblichiamo estratti e pillole grafiche delle ricerche svolte, pubblichiamo news di interesse collettivo ed eventi futuri in realizzazione nei territori coinvolti.<\/p>\n<p>La pagina \u00e8 accessibile al seguente url: <a href=\"https:\/\/www.facebook.com\/silverainbow\/\">https:\/\/www.facebook.com\/silverainbow\/<\/a><\/p>\n<p>&nbsp;<\/p>\n<p><strong><u>Contatti<\/u><\/strong><\/p>\n<p>Per informazioni specifiche sul progetto scrivere a: <a href=\"mailto:silver@arcigay.it\">silver@arcigay.it<\/a>[:en]<img loading=\"lazy\" decoding=\"async\" class=\"aligncenter wp-image-57838 size-large\" style=\"border: none!important;\" src=\"https:\/\/www.arcigay.it\/wp-content\/uploads\/2019\/11\/Schermata-2019-11-06-alle-19.44.16-1200x236.png\" alt=\"\" width=\"750\" height=\"148\" srcset=\"https:\/\/www.arcigay.it\/wp-content\/uploads\/2019\/11\/Schermata-2019-11-06-alle-19.44.16-1200x236.png 1200w, https:\/\/www.arcigay.it\/wp-content\/uploads\/2019\/11\/Schermata-2019-11-06-alle-19.44.16-768x151.png 768w, https:\/\/www.arcigay.it\/wp-content\/uploads\/2019\/11\/Schermata-2019-11-06-alle-19.44.16-150x29.png 150w, https:\/\/www.arcigay.it\/wp-content\/uploads\/2019\/11\/Schermata-2019-11-06-alle-19.44.16-600x118.png 600w, https:\/\/www.arcigay.it\/wp-content\/uploads\/2019\/11\/Schermata-2019-11-06-alle-19.44.16.png 1486w\" sizes=\"auto, (max-width: 750px) 100vw, 750px\" \/><\/p>\n<p><strong>Silver Rainbow: programma per il contrasto alle solitudini involontarie della terza e quarta et\u00e0 LGBTI e la promozione dell\u2019invecchiamento attivo.<\/strong><\/p>\n<p><strong>\u00a0<\/strong><\/p>\n<p><strong><u>Il progetto<\/u><\/strong><\/p>\n<p>Arcigay Associazione LGBTI Nazionale, in partenariato con Arci Pesca FISA, \u00e8 capofila del progetto \u201cSILVER RAINBOW\u201d &#8211; Azioni multilivello per l\u2019invecchiamento positivo della popolazione anziana LGBTI, il contrasto alle solitudini involontarie, il dialogo intergenerazionale e la promozione dell\u2019accoglienza e della visibilit\u00e0 in contesti non LGBTI finanziato dal Ministero del Lavoro e delle Politiche Sociali ai sensi dell\u2019articolo 72 del decreto legislativo 3 luglio 2017, n. 117 &#8211; anno 2017.<\/p>\n<p>Con questo progetto intendiamo lavorare per il contrasto alle solitudini involontarie e per l\u2019empowerment delle persone LGBTI anziane, in un\u2019ottica programmatica di intervento di lungo periodo nell\u2019ambito della terza (over 60) e quarta et\u00e0 (over 75) LGBTI.\u00a0 Il processo di invecchiamento \u00e8 di per s\u00e9 una condizione che porta gli individui ad un periodo della vita nel quale si \u00e8 maggiormente a rischio di invisibilit\u00e0, solitudine involontaria, esclusione sociale. La <strong>terza e quarta et\u00e0 LGBTI <\/strong>\u00e8 questione ancora pi\u00f9 complessa e relativamente nuova che va affrontata su pi\u00f9 livelli.<\/p>\n<p><strong>Oggi le persone LGBTI senior sono tendenzialmente invisibili e la solitudine involontaria per l\u2019anziano LGBTI \u00e8 dunque un rischio concreto e doppio<\/strong>: in quanto anziano e in quanto LGBTI. Da una parte lo stigma sull\u2019invecchiamento ha un peso rilevante nella comunit\u00e0 e nella cultura LGBTI, ed \u00e8 un tema con cui gi\u00e0 i grandi adulti over 50 che si avviano alla terza et\u00e0 devono fare i conti. Dall\u2019altra la propria specificit\u00e0 LGBTI presenta elementi molteplici di rischio, o quantomeno di sfida, che cambiano fisionomia in base alla maggiore o minore \u201cvisibilit\u00e0\u201d come persone LGBTI, e a cui si aggiunge la fragilit\u00e0 potenziale di un supporto sociale che in Italia si basa spesso sui legami famigliari di sangue, destinati a scemare per la persona anziana LGBTI senza discendenti.<\/p>\n<p><strong>Mancano \u201cmodelli di riferimento\u201d sull\u2019invecchiare bene <\/strong>per le persone LGBTI, per quanto esistano esperienze che affrontano per esempio il tema dell\u2019abitare della terza e quarta et\u00e0 LGBTI guardando al co-housing intergenerazionale o a modelli similari. E del resto <strong>l\u2019anziano LGBTI gi\u00e0 oggi mette in campo risorse <\/strong>per far fronte al cambiamento, ma non le conosciamo.<\/p>\n<p><strong>L\u2019idea del progetto \u00e8 di affrontare questa invisibilit\u00e0 e contrastare le solitudini involontarie <\/strong>da pi\u00f9 punti di vista e a pi\u00f9 livelli territoriali, uno nazionale su tutto il territorio italiano e uno locale nei territori di Bologna e Torino, con alcune azioni specifiche.<\/p>\n<p><strong>Obiettivo generale <\/strong>del progetto \u00e8 dunque la riduzione della discriminazione nei confronti della persona anziana LGBTI e la sperimentazione di forme innovative di \u201cabitare\u201d per la persona anziana.<\/p>\n<p><strong>Obiettivi specifici<\/strong>\u00a0sono:<\/p>\n<ol>\n<li>una maggiore conoscenza dei bisogni della persona anziana LGBTI;<\/li>\n<li>l\u2019aumento di competenze sulla persona anziana LGBTI nei care givers in senso lato e nelle organizzazioni che lavorano sull\u2019invecchiamento attivo;<\/li>\n<li>la riduzione del gap generazionale tra anziani LGBTI e la comunit\u00e0 LGBTI pi\u00f9 giovane;<\/li>\n<li>la definizione di un modello innovativo di\u00a0<em>housing\u00a0<\/em>per la persona anziana LGBTI.<\/li>\n<\/ol>\n<p>&nbsp;<\/p>\n<p><strong><u>I risultati della ricerca sociale<\/u><\/strong><\/p>\n<p>Ad inizio 2019 \u00e8 stato diffuso un sondaggio online \u2013 dal titolo \u201cGli anni che passano\u201d, a cura del dott. Raffaele Lelleri, sociologo e responsabile scientifico della ricerca \u2013 che trattava i temi della visibilit\u00e0 personale e sociale, dell\u2019appartenenza e della partecipazione, della salute e del benessere, delle discriminazioni e delle vittimizzazione, delle reti di aiuto presenti e future, dei vissuti in rapporto al proprio invecchiare e del co-housing. Il sondaggio ha ricevuto ben 3.006 risposte, di cui 2.975 validate (2.312 di rispondenti LGBTI+ e 663 di rispondenti eterosessuali). In particolare, le persone LGBTI almeno 50enni nel campione sono 684; 91 quelle con almeno 65 anni. Il target misto (per et\u00e0 e per orientamento sessuale) ha permesso di capire se e in che misura la vita delle persone LGBTI grandi adulte e anziane \u00e8 specifica o comune a quella delle altre generazioni LGBTI e delle persone eterosessuali di pari et\u00e0. Per la ricca articolazione dei suoi obiettivi, la sua complessit\u00e0 metodologica, la copertura nazionale e l\u2019inedita numerosit\u00e0 campionaria del suo target principale, \u201cGli anni che passano\u201d \u00e8 un punto di riferimento sui temi dell\u2019invecchiamento e della vecchiaia LGBTI oggi in Italia. La seconda azione di ricerca, realizzata tra febbraio e aprile 2019, \u00e8 consistita in sei focus group, organizzati in sei diverse citt\u00e0 (Padova, Napoli, Roma, Milano, Torino e Bologna) e aperti a rappresentanti della comunit\u00e0 LGBTI di et\u00e0 non inferiore a 50 anni e che hanno coinvolto in tutto 61 persone. I focus group sono una modalit\u00e0 di intervista collettiva, della durata di circa 2 ore, facilitata da un conduttore, in questo caso la dottoressa Ilaria Iseppato, PhD in Sociologia, che ha il ruolo di proporre stimoli e quesiti utili alla riflessione rispetto alle tematiche oggetto di indagine, agevolando la discussione ed il confronto.<\/p>\n<p>Scarica qui i due report di ricerca:<\/p>\n<table style=\"border-collapse: collapse; width: 28.095238095238095%;\">\n<tbody>\n<tr>\n<td style=\"width: 6.547619047619044%;\"><img decoding=\"async\" class=\"alignleft\" style=\"border: none!important;\" src=\"https:\/\/www.arcigay.it\/wp-content\/plugins\/postie\/icons\/silver\/pdf-32.png\" alt=\"pdf icon\" \/><\/td>\n<td style=\"width: 21.547619047619065%;\"><a href=\"https:\/\/www.arcigay.it\/wp-content\/uploads\/2019\/11\/SilverRainbow_Survey_Lelleri.pdf\">Gli anni che passano<\/a><\/td>\n<\/tr>\n<tr>\n<td style=\"width: 6.547619047619044%;\"><img decoding=\"async\" class=\"alignleft\" style=\"border: none!important;\" src=\"https:\/\/www.arcigay.it\/wp-content\/plugins\/postie\/icons\/silver\/pdf-32.png\" alt=\"pdf icon\" \/><\/td>\n<td style=\"width: 21.547619047619065%;\"><a href=\"https:\/\/www.arcigay.it\/wp-content\/uploads\/2019\/11\/SilverRainbow_Focus_Iseppato.pdf\">Focus group qualitativi<\/a><\/td>\n<\/tr>\n<\/tbody>\n<\/table>\n<p>&nbsp;<\/p>\n<p>Qui il comunicato stampa:<br \/>\n<a href=\"https:\/\/www.arcigay.it\/comunicati\/welfare-ricerca-arcigay-su-anziani-lgbti-temono-linvecchiamento-e-sognano-spazi-sociali-e-co-housing\/\">https:\/\/www.arcigay.it\/comunicati\/welfare-ricerca-arcigay-su-anziani-lgbti-temono-linvecchiamento-e-sognano-spazi-sociali-e-co-housing\/<\/a><\/p>\n<p><strong>\u00a0<\/strong><\/p>\n<p><strong><u>La formazione a distanza (FAD)<\/u><\/strong><\/p>\n<p>La FAD \u00e8 uno strumento rivolto agli attivisti della rete Arcigay ai fini dell\u2019implementazione di servizi e buone prassi dei comitati. L\u2019obiettivo \u00e8 fornire competenze per rendere efficaci le azioni per la prevenzione e il contrasto di forme di discriminazione nei confronti delle persone over 55, e facilitare la conoscenza dei bisogni e delle risorse di queste persone.<\/p>\n<p>Il corso \u00e8 organizzato in due moduli, ciascuno dei quali \u00e8 composto da sei lezioni. Ciascun modulo presenta i contenuti attraverso brevi presentazioni, infografiche, video di approfondimento. In particolare:<\/p>\n<p>&nbsp;<\/p>\n<ul>\n<li>Il primo modulo \u00e8 sui bisogni dell\u2019anziano in generale, con una rassegna di contenuti teorici utili alla definizione della terza e della quarta et\u00e0 e le questioni di tipo sociale, politico e culturale a queste inerenti.<\/li>\n<li>Le lezioni del modulo 2 si basano sullo studio composto, nell\u2019ambito del progetto Silver Rainbow, da: i risultati del sondaggio \u201cGli anni che passano\u201d e il report del focus group di approfondimento.<\/li>\n<\/ul>\n<p>&nbsp;<\/p>\n<p>Alla FAD potranno accedere tutte\/i le\/gli attivisti e volontari della rete di Arcigay, registrando il proprio account email oppure, se in possesso di un account\u00a0<a href=\"mailto:nome@arcigay.it\">nome@arcigay.it<\/a>\u00a0si potr\u00e0 gi\u00e0 in automatico accedere alla piattaforma.<\/p>\n<p>&nbsp;<\/p>\n<p>La FAD \u00e8 accessibile al seguente url: <a href=\"https:\/\/fad.arcigay.it\/\">https:\/\/fad.arcigay.it\/<\/a><\/p>\n<p>Per registrarsi clicca qui: <a href=\"https:\/\/fad.arcigay.it\/login\/signup.php\">https:\/\/fad.arcigay.it\/login\/signup.php<\/a>?<\/p>\n<p>&nbsp;<\/p>\n<p><strong><u>Social Network<\/u><\/strong><\/p>\n<p>Abbiamo creato una pagina Facebook di progetto in cui raccontiamo le attivit\u00e0 in corso, pubblichiamo estratti e pillole grafiche delle ricerche svolte, pubblichiamo news di interesse collettivo ed eventi futuri in realizzazione nei territori coinvolti.<\/p>\n<p>La pagina \u00e8 accessibile al seguente url: <a href=\"https:\/\/www.facebook.com\/silverainbow\/\">https:\/\/www.facebook.com\/silverainbow\/<\/a><\/p>\n<p>&nbsp;<\/p>\n<p><strong><u>Contatti<\/u><\/strong><\/p>\n<p>Per informazioni specifiche sul progetto scrivere a: <a href=\"mailto:silver@arcigay.it\">silver@arcigay.it<\/a><\/p>\n","protected":false},"excerpt":{"rendered":"<p>Silver Rainbow: programma per il contrasto alle solitudini involontarie della terza e quarta et\u00e0 LGBTI e la promozione dell\u2019invecchiamento attivo. \u00a0 Il progetto Arcigay Associazione LGBTI Nazionale, in partenariato con [&hellip;]<\/p>\n","protected":false},"author":8,"featured_media":0,"parent":44156,"menu_order":37,"comment_status":"closed","ping_status":"closed","template":"","meta":{"_acf_changed":false,"footnotes":""},"class_list":["post-45382","page","type-page","status-publish","hentry"],"acf":[],"_links":{"self":[{"href":"https:\/\/www.arcigay.it\/en\/wp-json\/wp\/v2\/pages\/45382","targetHints":{"allow":["GET"]}}],"collection":[{"href":"https:\/\/www.arcigay.it\/en\/wp-json\/wp\/v2\/pages"}],"about":[{"href":"https:\/\/www.arcigay.it\/en\/wp-json\/wp\/v2\/types\/page"}],"author":[{"embeddable":true,"href":"https:\/\/www.arcigay.it\/en\/wp-json\/wp\/v2\/users\/8"}],"replies":[{"embeddable":true,"href":"https:\/\/www.arcigay.it\/en\/wp-json\/wp\/v2\/comments?post=45382"}],"version-history":[{"count":28,"href":"https:\/\/www.arcigay.it\/en\/wp-json\/wp\/v2\/pages\/45382\/revisions"}],"predecessor-version":[{"id":82053,"href":"https:\/\/www.arcigay.it\/en\/wp-json\/wp\/v2\/pages\/45382\/revisions\/82053"}],"up":[{"embeddable":true,"href":"https:\/\/www.arcigay.it\/en\/wp-json\/wp\/v2\/pages\/44156"}],"wp:attachment":[{"href":"https:\/\/www.arcigay.it\/en\/wp-json\/wp\/v2\/media?parent=45382"}],"curies":[{"name":"wp","href":"https:\/\/api.w.org\/{rel}","templated":true}]}}