{"id":46384,"date":"2017-03-08T19:08:44","date_gmt":"2017-03-08T17:08:44","guid":{"rendered":"http:\/\/www.arcigay.it\/?page_id=46384"},"modified":"2017-03-08T19:09:08","modified_gmt":"2017-03-08T17:09:08","slug":"hoqualcosadadirvi","status":"publish","type":"page","link":"https:\/\/www.arcigay.it\/en\/cosafacciamo\/identita-ed-orgoglio\/hoqualcosadadirvi\/","title":{"rendered":"#HoSomethingToTellYou"},"content":{"rendered":"<p><b>#HoSomethingToTellYou<\/b><span style=\"font-weight: 400;\"> it&#039;s a common incipit, but <\/span><b>for many LGBTI people, young and old, it is a phrase that means a lot<\/b><span style=\"font-weight: 400;\"> moreover. <\/span><b>Declare your sexual orientation without fear<\/b><span style=\"font-weight: 400;\"> to one&#039;s parents, friends, colleagues, children, is a gesture that, on the one hand, unfortunately still requires courage and pride, but on the other, it produces change, both personal and social. <\/span><b>\u201cComing Out\u201d is a fundamental and essential process in the life of an LGBTI person<\/b><span style=\"font-weight: 400;\">, which does not end in a single phase of life, perhaps the most difficult and critical, but continues in different forms and measures throughout one&#039;s life.<\/span><\/p>\n<h3><b>Our goal<\/b><\/h3>\n<p><b>Encourage \u201ccoming out\u201d not just as a personal gesture <\/b><span style=\"font-weight: 400;\">of love towards oneself and who one really is, <\/span><b>but also to generate a change of perspective<\/b><span style=\"font-weight: 400;\">, personal and collective, in the person receiving the declaration.<\/span><\/p>\n<h3><b>What we want to do<\/b><\/h3>\n<ul>\n<li style=\"font-weight: 400;\"><span style=\"font-weight: 400;\">a <\/span><b>permanent communication campaign on <\/b><b><i>coming out<\/i><\/b><b>,<\/b><span style=\"font-weight: 400;\"> thanks to a website which collects positive experiences in various life contexts, and resources and materials on <\/span><i><span style=\"font-weight: 400;\">coming out<\/span><\/i><span style=\"font-weight: 400;\">;<\/span><\/li>\n<li style=\"font-weight: 400;\"><span style=\"font-weight: 400;\">a <\/span><b>permanent collective mobilization through social media consisting of the circulation and collection of coming out declarations,<\/b><span style=\"font-weight: 400;\"> in photo or video format, accompanied by the hashtag #hoqualosadadirvi which will also be hosted on the site;<\/span><\/li>\n<li style=\"font-weight: 400;\"><b>specific celebratory initiatives during Coming Out Day<\/b><span style=\"font-weight: 400;\">, on October 11th of each year, the calendar of which will be hosted on the site <a href=\"http:\/\/www.comingoutday.it\">www.comingoutday.it<\/a>.<\/span><\/li>\n<\/ul>","protected":false},"excerpt":{"rendered":"<p>#HoQualcosaDaDirvi \u00e8 un incipit comune, ma per tante persone LGBTI, giovani e meno giovani, \u00e8 una frase che significa molto di pi\u00f9. Dichiarare senza paura il proprio orientamento sessuale ai [&hellip;]<\/p>\n","protected":false},"author":8,"featured_media":46385,"parent":44164,"menu_order":42,"comment_status":"closed","ping_status":"closed","template":"","meta":{"_acf_changed":false,"footnotes":""},"class_list":["post-46384","page","type-page","status-publish","has-post-thumbnail","hentry"],"acf":[],"_links":{"self":[{"href":"https:\/\/www.arcigay.it\/en\/wp-json\/wp\/v2\/pages\/46384","targetHints":{"allow":["GET"]}}],"collection":[{"href":"https:\/\/www.arcigay.it\/en\/wp-json\/wp\/v2\/pages"}],"about":[{"href":"https:\/\/www.arcigay.it\/en\/wp-json\/wp\/v2\/types\/page"}],"author":[{"embeddable":true,"href":"https:\/\/www.arcigay.it\/en\/wp-json\/wp\/v2\/users\/8"}],"replies":[{"embeddable":true,"href":"https:\/\/www.arcigay.it\/en\/wp-json\/wp\/v2\/comments?post=46384"}],"version-history":[{"count":1,"href":"https:\/\/www.arcigay.it\/en\/wp-json\/wp\/v2\/pages\/46384\/revisions"}],"predecessor-version":[{"id":46386,"href":"https:\/\/www.arcigay.it\/en\/wp-json\/wp\/v2\/pages\/46384\/revisions\/46386"}],"up":[{"embeddable":true,"href":"https:\/\/www.arcigay.it\/en\/wp-json\/wp\/v2\/pages\/44164"}],"wp:featuredmedia":[{"embeddable":true,"href":"https:\/\/www.arcigay.it\/en\/wp-json\/wp\/v2\/media\/46385"}],"wp:attachment":[{"href":"https:\/\/www.arcigay.it\/en\/wp-json\/wp\/v2\/media?parent=46384"}],"curies":[{"name":"wp","href":"https:\/\/api.w.org\/{rel}","templated":true}]}}