{"id":46659,"date":"2017-03-30T20:29:24","date_gmt":"2017-03-30T18:29:24","guid":{"rendered":"http:\/\/www.arcigay.it\/?page_id=46659"},"modified":"2026-01-24T14:50:41","modified_gmt":"2026-01-24T13:50:41","slug":"cose-il-programma-protest","status":"publish","type":"page","link":"https:\/\/www.arcigay.it\/en\/cosafacciamo\/salute\/protest\/cose-il-programma-protest\/","title":{"rendered":"Cos&#8217;\u00e8 il programma ProTEST"},"content":{"rendered":"<p>&nbsp;<\/p>\n<h2>Programma di offerta del test HIV rapido, gratuito e anonimo in modalit\u00e0 community-based<\/h2>\n<p>&nbsp;<\/p>\n<h3><span style=\"color: #000f9f;\"><b>Il problema<\/b><\/span><\/h3>\n<p><b>Oggi conoscere presto il proprio status HIV ha solo vantaggi<\/b><span style=\"font-weight: 400;\">, anche qualora fosse positivo: ha vantaggi sulla propria salute, ma anche sulla propria attivit\u00e0 sessuale, perch\u00e9 in caso di positivit\u00e0 la terapia consente di rendere praticamente nulla l\u2019infettivit\u00e0. Purtroppo per\u00f2 <\/span><b>vari fattori limitano ancora l\u2019accesso al test: <\/b>fattori logistici (come gli orari), diffidenza e paura in chi lo fa, ma anche di approccio culturale del personale coinvolto nel test<span style=\"font-weight: 400;\">. Per superare questo problema Arcigay dal 2015 offre direttamente con il programma ProTEST, in modo anonimo, rapido e gratuito, il test HIV in alcune citt\u00e0 italiane <\/span><i><span style=\"font-weight: 400;\">in una modalit\u00e0 community-based<\/span><\/i><span style=\"font-weight: 400;\">. <\/span><b>Tra il 2015 e il 2016 Arcigay ha offerto oltre 2952 test rapidi e continua fino al 2017 in 10 citt\u00e0<\/b><span style=\"font-weight: 400;\">. Tuttavia, poich\u00e9 <\/span><b>i test sono pagati da Arcigay <\/b><span style=\"font-weight: 400;\">grazie a finanziamenti privati, non in tutte le citt\u00e0 si \u00e8 riusciti a consolidare il servizio per garantire una continuit\u00e0, cos\u00ec come <\/span><b>altre citt\u00e0 attendono che ci siano risorse per iniziarlo<\/b><span style=\"font-weight: 400;\">. Attualmente solo l\u2019offerta nelle citt\u00e0 di Milano, Palermo, Catania \u00e8 coperta da risorse locali. [leggi di pi\u00f9 sulle motivazioni del progetto].<\/span><\/p>\n<h3><\/h3>\n<h3><span style=\"color: #000f9f;\"><b>L\u2019obiettivo<\/b><\/span><\/h3>\n<p><span style=\"font-weight: 400;\">Obiettivo del programma di offerta \u00e8 l\u2019emersione del sommerso di infezioni HIV non diagnosticate. Obiettivo specifico <\/span><b>\u00e8 garantire l\u2019offerta di test HIV rapidi<\/b><span style=\"font-weight: 400;\"> di quarta generazione <\/span><b>ad almeno 6000 persone, in 9 citt\u00e0 <\/b><span style=\"font-weight: 400;\">attualmente non coperte da risorse locali.<\/span><\/p>\n<h3><span style=\"color: #000f9f;\"><b>Le azioni previste<\/b><\/span><\/h3>\n<p><strong>Offrire test HIV <\/strong><\/p>\n<ul>\n<li style=\"font-weight: 400;\"><span style=\"font-weight: 400;\">di quarta generazione (anticorpo e antigene), <\/span><\/li>\n<li style=\"font-weight: 400;\"><span style=\"font-weight: 400;\">rapido (20 minuti) e gratuito, <\/span><\/li>\n<li style=\"font-weight: 400;\"><span style=\"font-weight: 400;\">con volontari alla pari (gay e\/o persone con HIV) formati per il counselling pre e post-test,<\/span><\/li>\n<li style=\"font-weight: 400;\"><span style=\"font-weight: 400;\">con personale sanitario volontario e proveniente dalla comunit\u00e0,<\/span><\/li>\n<li style=\"font-weight: 400;\"><span style=\"font-weight: 400;\">presso sedi associative e luoghi di incontro gay,<\/span><\/li>\n<li style=\"font-weight: 400;\"><span style=\"font-weight: 400;\">in almeno 9 citt\u00e0 attualmente non coperte da risorse locali (Napoli, Roma, Torino, Verona, Padova, Modena, Perugia, Lecce, Siena).<\/span><\/li>\n<\/ul>\n<h3><\/h3>\n<h3><span style=\"color: #000f9f;\"><b>Gli obiettivi intermedi <\/b><\/span><\/h3>\n<ol>\n<li style=\"font-weight: 400;\"><span style=\"font-weight: 400;\">Acquisto e offerta di <strong>2000 test HIV in 3 citt\u00e0<\/strong> attualmente non coperte da risorse locali<\/span><\/li>\n<li style=\"font-weight: 400;\"><span style=\"font-weight: 400;\">Acquisto e offerta di <strong>2000 test HIV in altre 3 citt\u00e0 <\/strong><\/span><\/li>\n<li style=\"font-weight: 400;\"><span style=\"font-weight: 400;\">Acquisto e offerta di <strong>2000 test HIV in altre 3 citt\u00e0 <\/strong><\/span><\/li>\n<\/ol>\n<h3><\/h3>\n<h3><span style=\"color: #000f9f;\"><b>Le attivit\u00e0 di supporto<\/b><\/span><\/h3>\n<p><span style=\"font-weight: 400;\">Arcigay sta inoltre lavorando affinch\u00e9:<\/span><\/p>\n<ul>\n<li style=\"font-weight: 400;\"><span style=\"font-weight: 400;\"><strong>questa offerta diventi strutturalmente complementare<\/strong>, con convenzioni e accordi con le ASL, a quella standard dei servizi sanitari locali nelle citt\u00e0 in cui il programma \u00e8 implementato: in alcune citt\u00e0 ci\u00f2 \u00e8 stato parzialmente possibile grazie al progetto ProTEST (Milano, Palermo, Catania);<\/span><\/li>\n<li style=\"font-weight: 400;\"><span style=\"font-weight: 400;\">questa offerta <strong>si articoli ulteriormente con un approccio pi\u00f9 ampio di salute sessuale<\/strong> (approccio raramente esistente in Italia), andando oltre il test HIV, verso l\u2019offerta di tutti i test per le Infezioni Sessualmente Trasmissibili e anche la possibilit\u00e0 di prescrizione della PrEP;<\/span><\/li>\n<li style=\"font-weight: 400;\"><span style=\"font-weight: 400;\">l<strong>\u2019approccio community-based venga incluso stabilmente nelle previsioni di politica sanitaria<\/strong> da parte del Ministero della salute. L\u2019attivit\u00e0 di advocacy che Arcigay svolge presso le sezioni L ed M del Comitato Tecnico-Sanitario del Ministero della Salute ha consentito all&#8217;associazione di co-redarre il primo Piano Nazionale HIV e AIDS (PNAIDS) mai fatto in Italia, che \u00e8 stato approvato dal Consiglio di Superiore di Sanit\u00e0 ed \u00e8 approdato in Conferenza Stato-Regioni. Per la prima volta il test community-based viene individuato come strategia importante da sostenere per aumentare l&#8217;accesso al test. <\/span><\/li>\n<li style=\"font-weight: 400;\"><span style=\"font-weight: 400;\"><strong>l\u2019approccio community-based venga incluso stabilmente nelle previsioni normative<\/strong>, al fine di consentire anche ad operatori non sanitari, ma opportunamente formati, di effettuare il test HIV presso i servizi community-based, e per consentire anche ai minori di 18 anni di fare il test HIV senza il consenso dei genitori.<\/span><\/li>\n<\/ul>\n<p>&nbsp;<\/p>\n","protected":false},"excerpt":{"rendered":"<p>&nbsp; Programma di offerta del test HIV rapido, gratuito e anonimo in modalit\u00e0 community-based &nbsp; Il problema Oggi conoscere presto il proprio status HIV ha solo vantaggi, anche qualora fosse [&hellip;]<\/p>\n","protected":false},"author":8,"featured_media":0,"parent":44635,"menu_order":39,"comment_status":"closed","ping_status":"closed","template":"","meta":{"_acf_changed":false,"footnotes":""},"class_list":["post-46659","page","type-page","status-publish","hentry"],"acf":[],"_links":{"self":[{"href":"https:\/\/www.arcigay.it\/en\/wp-json\/wp\/v2\/pages\/46659","targetHints":{"allow":["GET"]}}],"collection":[{"href":"https:\/\/www.arcigay.it\/en\/wp-json\/wp\/v2\/pages"}],"about":[{"href":"https:\/\/www.arcigay.it\/en\/wp-json\/wp\/v2\/types\/page"}],"author":[{"embeddable":true,"href":"https:\/\/www.arcigay.it\/en\/wp-json\/wp\/v2\/users\/8"}],"replies":[{"embeddable":true,"href":"https:\/\/www.arcigay.it\/en\/wp-json\/wp\/v2\/comments?post=46659"}],"version-history":[{"count":16,"href":"https:\/\/www.arcigay.it\/en\/wp-json\/wp\/v2\/pages\/46659\/revisions"}],"predecessor-version":[{"id":82036,"href":"https:\/\/www.arcigay.it\/en\/wp-json\/wp\/v2\/pages\/46659\/revisions\/82036"}],"up":[{"embeddable":true,"href":"https:\/\/www.arcigay.it\/en\/wp-json\/wp\/v2\/pages\/44635"}],"wp:attachment":[{"href":"https:\/\/www.arcigay.it\/en\/wp-json\/wp\/v2\/media?parent=46659"}],"curies":[{"name":"wp","href":"https:\/\/api.w.org\/{rel}","templated":true}]}}