{"id":48764,"date":"2017-09-22T13:35:57","date_gmt":"2017-09-22T11:35:57","guid":{"rendered":"http:\/\/www.arcigay.it\/?page_id=48764"},"modified":"2025-10-02T21:03:18","modified_gmt":"2025-10-02T19:03:18","slug":"comingoutday2017","status":"publish","type":"page","link":"https:\/\/www.arcigay.it\/en\/comingoutday2017\/","title":{"rendered":"Coming Out Day 2017"},"content":{"rendered":"<p>&nbsp;<\/p>\n<h3><strong>#HoSomethingToTellYou<\/strong><\/h3>\n<p>October 11th is the national day dedicated to <strong>Coming Out<\/strong>, an occasion to celebrate everyone&#039;s identities. This year, we&#039;re trying to celebrate it in a different way, getting closer to each person&#039;s daily lives and trying to put ourselves in their shoes*.<br \/>\nComing out is a delicate moment, both on a relational and personal level, and above all it recurs continuously in different situations: at home, in the extended family context (relatives and grandparents, etc.), at school, among friends, during sports, at the gym.<\/p>\n<p>This is why the #HoQualcosaDaDirvi campaign does not limit itself to describing a single episode of outburst, but delicately recounts the same outburst but made in different contexts.<\/p>\n<h3><strong>Come funziona la campagna #HoQualcosaDaDirvi?<\/strong><\/h3>\n<p>Noi abbiamo immaginato e concretizzato attraverso video, manifesti, volantini, cartoline social il coming out a casa, quello a scuola, con gli amici, e nel corso di attivit\u00e0 sportive. Sui manifesti c\u2019\u00e8 un QRcode che qualunque passante pu\u00f2 riprendere con il proprio smartphone e avere accesso immediato all\u2019intera galleria video.<\/p>\n<h3>Come si pu\u00f2 partecipare attivamente?<\/h3>\n<p>Chiunque abbia voglia pu\u00f2 girare un video da pubblicare sui social, con l\u2019hashtag <em><strong>#HoQualcosaDaDirvi,<\/strong><\/em> nel quale fare il proprio coming out, oppure raccontare la sua esperienza, o immaginare come vorrebbe che fosse, o ancora suggerire un\u2019altra categoria di situazioni in cui comunicare la propria identit\u00e0 sessuale o il proprio orientamento \u00e8 tanto importante quanto delicato. Il coming out in questa campagna \u00e8 inteso sia come rivelazione del proprio orientamento o identit\u00e1 sessuale, che come esternazione di un qualcosa rimasto nell\u2019ombra per troppo tempo, che se comunicato ci regala un senso di liberazione.<\/p>\n<p>&nbsp;<\/p>\n<p><iframe loading=\"lazy\" src=\"https:\/\/www.youtube.com\/embed\/videoseries?list=PLqBT7a-iTLgHYn5EoC0Coa1lEXWSQszo2\" width=\"853\" height=\"480\" frameborder=\"0\" allowfullscreen=\"allowfullscreen\"><\/iframe><\/p>\n<p>&nbsp;<\/p>\n<blockquote><p>Senza paure, senza timori, nell\u2019ombra facciamoci stare chi ha qualcosa da nascondere, liberi di essere, liberi di dire chi siamo!<\/p><\/blockquote>\n<h3>Scarica il materiale della campagna 2017!<\/h3>\n<ul>\n<li><a href=\"https:\/\/drive.google.com\/open?id=0B1J0RPrvhWpuZlFkZTZNemR2cFk\">Cover facebook<\/a><\/li>\n<li><a href=\"https:\/\/drive.google.com\/open?id=0B1J0RPrvhWpuckNwVXhQelJHOGs\">Locandine e flyer<\/a><\/li>\n<li><a href=\"https:\/\/www.arcigay.it\/en\/comingoutday\/cambia-immagine-profilo-facebook\/\">Imposta un motivo per la tua foto profilo Facebook<\/a><\/li>\n<\/ul>\n<h3>&#8230; e poi?<\/h3>\n<p>La campagna non \u00e9 solo virtuale, il materiale \u00e9 stato stampato ed inviato presso tutti i comitati Arcigay, oltre le affissioni in 28 citt\u00e1 Italiane: un modo concreto per portare il nostro sostengo a tutte le persone LGBT che nei piccoli o grandi centri del nostro Paese a volte non trovano la forza o il coraggio di fare coming out.<br \/>\nCon le affissioni ci trovate a Torino, Verbania, Cuneo, Varese, Pavia, Vicenza, Trento, Ravenna, Cervia, Faenza, Pisa, Siena, Arezzo, Latina, Caserta, Salerno, Torre Annunziata, Napoli, Verona, Bologna, Barletta, Andria, Trani, Lecce, Potenza, Pesaro, Chieti, Pescara!<\/p>\n<h3>Progetto sostenuto con i fondi otto per mille della Chiesa Valdese (Unione delle chiese metodiste e valdesi).<\/h3>\n<p><img loading=\"lazy\" decoding=\"async\" class=\"wp-image-49060 aligncenter\" src=\"https:\/\/www.arcigay.it\/wp-content\/uploads\/2017\/09\/8xmille_ri-bozza_1-05-600x424.png\" alt=\"\" width=\"300\" height=\"212\" srcset=\"https:\/\/www.arcigay.it\/wp-content\/uploads\/2017\/09\/8xmille_ri-bozza_1-05-600x424.png 600w, https:\/\/www.arcigay.it\/wp-content\/uploads\/2017\/09\/8xmille_ri-bozza_1-05-768x543.png 768w, https:\/\/www.arcigay.it\/wp-content\/uploads\/2017\/09\/8xmille_ri-bozza_1-05-150x106.png 150w, https:\/\/www.arcigay.it\/wp-content\/uploads\/2017\/09\/8xmille_ri-bozza_1-05-1200x849.png 1200w, https:\/\/www.arcigay.it\/wp-content\/uploads\/2017\/09\/8xmille_ri-bozza_1-05-891x630.png 891w, https:\/\/www.arcigay.it\/wp-content\/uploads\/2017\/09\/8xmille_ri-bozza_1-05-445x315.png 445w\" sizes=\"auto, (max-width: 300px) 100vw, 300px\" \/><\/p>","protected":false},"excerpt":{"rendered":"<p>&nbsp; #HoQualcosaDaDirvi L\u201911 ottobre \u00e8 la giornata nazionale dedicata al Coming Out, un\u2019occasione in cui celebrare le identit\u00e0 di tutti e tutte. Quest\u2019anno cerchiamo di festeggiarlo in un modo diverso, [&hellip;]<\/p>\n","protected":false},"author":31,"featured_media":49031,"parent":0,"menu_order":0,"comment_status":"closed","ping_status":"closed","template":"","meta":{"_acf_changed":false,"footnotes":""},"class_list":["post-48764","page","type-page","status-publish","has-post-thumbnail","hentry"],"acf":[],"_links":{"self":[{"href":"https:\/\/www.arcigay.it\/en\/wp-json\/wp\/v2\/pages\/48764","targetHints":{"allow":["GET"]}}],"collection":[{"href":"https:\/\/www.arcigay.it\/en\/wp-json\/wp\/v2\/pages"}],"about":[{"href":"https:\/\/www.arcigay.it\/en\/wp-json\/wp\/v2\/types\/page"}],"author":[{"embeddable":true,"href":"https:\/\/www.arcigay.it\/en\/wp-json\/wp\/v2\/users\/31"}],"replies":[{"embeddable":true,"href":"https:\/\/www.arcigay.it\/en\/wp-json\/wp\/v2\/comments?post=48764"}],"version-history":[{"count":15,"href":"https:\/\/www.arcigay.it\/en\/wp-json\/wp\/v2\/pages\/48764\/revisions"}],"predecessor-version":[{"id":80474,"href":"https:\/\/www.arcigay.it\/en\/wp-json\/wp\/v2\/pages\/48764\/revisions\/80474"}],"wp:featuredmedia":[{"embeddable":true,"href":"https:\/\/www.arcigay.it\/en\/wp-json\/wp\/v2\/media\/49031"}],"wp:attachment":[{"href":"https:\/\/www.arcigay.it\/en\/wp-json\/wp\/v2\/media?parent=48764"}],"curies":[{"name":"wp","href":"https:\/\/api.w.org\/{rel}","templated":true}]}}