{"id":51340,"date":"2018-04-09T17:13:06","date_gmt":"2018-04-09T15:13:06","guid":{"rendered":"https:\/\/www.arcigay.it\/?page_id=51340"},"modified":"2026-01-24T14:44:51","modified_gmt":"2026-01-24T13:44:51","slug":"social-media-policy","status":"publish","type":"page","link":"https:\/\/www.arcigay.it\/en\/social-media-policy\/","title":{"rendered":"Social Media Policy"},"content":{"rendered":"<p>&nbsp;<\/p>\n<div id=\"u_jsonp_4_t\" class=\"_5aj7 _3-8j\">\n<div class=\"_4bl9\">\n<div class=\"_3-8w\">\n<div id=\"id_5acb8289b7be34d76685348\" class=\"text_exposed_root text_exposed\">\n<p>SOCIAL MEDIA POLICY<\/p>\n<p>Benvenut* sulla <a href=\"https:\/\/www.facebook.com\/pg\/Arcigay\/about\/?ref=page_internal\">pagina ufficiale<\/a> di Arcigay \u2013 Associazione LGBTI italiana<\/p>\n<p>Arcigay attraverso i propri canali sui social media comunica e interagisce con i propri soci e le proprie socie, simpatizzanti e con la societ\u00e0 civile, diffonde i propri valori, informa sulle proprie posizioni e promuove le iniziative nazionali e locali; ascolta e sostiene la partecipazione attiva alle campagne e attivit\u00e0 dell\u2019associazione.<\/p>\n<p>Tutt* hanno il diritto di intervenire negli spazi di discussione esprimendo la propria opinione, sempre seguendo le buone regole dell&#8217;educazione, del rispetto de* altr* e delle altrui opinioni e delle regole di comportamento che rientrano nel concetto di &#8220;netiquette&#8221;. Invitiamo per quanto possibile ad utilizzare un linguaggio gender neutrale e rispettoso di tutte le identit\u00e0.<br \/>\nI canali social di Arcigay producono propri contenuti testuali, fotografie, infografiche, video e altri materiali multimediali che sono da considerarsi in licenza Creative Commons 4.0, se non diversamente indicato. Pertanto, detti contenuti possono essere condivisi liberamente, riprodotti e distribuiti, purch\u00e9 se ne riconosca e si citi sempre la fonte e non siano utilizzati a fini commerciali.<br \/>\nNon \u00e8 ammessa la condivisione di contenuti segnalati prodotti al di fuori di Arcigay, quali, a titolo esemplificativo ma non esaustivo, condivisioni di articoli, link e promozioni varie, fatta salva l\u2019ipotesi che questi contenuti vengano veicolati dall\u2019associazione stessa per propria decisione. Non \u00e8 in alcun caso ammessa la condivisione di contenuti a carattere commerciale. Solo gli amministratori possono pubblicare sulla pagina, per tutti gli altri contenuti, sempre se in linea con la presente policy, \u00e8 possibile la pubblicazione sul gruppo ufficiale collegato alla pagina Arcigay, raggiungibile al seguente link: <span class=\"fwb\"><a class=\"profileLink\" href=\"https:\/\/www.facebook.com\/groups\/arcigay\/\" data-hovercard=\"\/ajax\/hovercard\/group.php?id=23762533824\" data-hovercard-prefer-more-content-show=\"1\">https:\/\/www.facebook.com\/groups\/arcigay\/<\/a><\/span><\/p>\n<p>Chiediamo di commentare aderendo ai contenuti proposti dalla pagina, i commenti off-topic e non pertinenti saranno nascosti.<br \/>\nNon sono ammessi commenti che manifestino o istighino al razzismo, alla xenofobia, all\u2019omofobia, alla transfobia, alla bifobia, alla violenza o a qualunque forma di discriminazione: provenienza, etnia, lingua, credo religioso, opinioni politiche, orientamento sessuale, identit\u00e0 di genere, et\u00e0, condizioni personali e sociali.<br \/>\nSono altres\u00ec vietati insulti, turpiloquio, minacce, affermazioni violente, o atteggiamenti che ledano la dignit\u00e0 personale, i principi di libert\u00e0 e uguaglianza e il diritto alla riservatezza.<\/p>\n<p>I commenti o le risposte che violino le suddette regole saranno tempestivamente nascosti o rimossi e\/o segnalati alle rispettive piattaforme.<br \/>\nIn ogni caso, saranno rimossi tutti i commenti o materiali che mirano a promuovere attivit\u00e0 commerciali e con finalit\u00e0 di lucro, che presentino contenuti illeciti o di incitamento a compiere attivit\u00e0 illecite, che abbiano contenuti offensivi, ingannevoli, allarmistici, o in violazione di diritti di terzi, che divulghino dati e informazioni personali o che possono cagionare danni o ledere la reputazione a terzi e contenuti classificabili come spam.<\/p>\n<p>I canali social di Arcigay vengono moderati da propri* volontari*, compatibilmente con le disponibilit\u00e0 di tempo de* stess*. La moderazione avviene a posteriori, ovvero in un momento successivo alla pubblicazione, ed \u00e8 finalizzata al rispetto dei principi contenuti nella presente policy.<\/p>\n<p>Arcigay si riserva il diritto di nascondere o rimuovere qualsiasi contenuto che venga ritenuto in violazione di questa policy o di qualsiasi legge applicabile. Per chi dovesse violare queste condizioni si riserva il diritto di usare il ban o il blocco per impedire ulteriori interventi e di segnalare l&#8217;utente ai responsabili del social network ed eventualmente alle forze dell&#8217;ordine preposte nei casi gravi.<\/p>\n<p>Per ricevere informazioni generiche \u00e8 possibile contattare la direzione nazionale via mail all\u2019indirizzo info@arcigay.it oppure telefonicamente al numero 0510957241 dal luned\u00ec al venerd\u00ec dalle ore 9:30 alle ore 17:30 oppure inviando un messaggio privato direttamente sulla pagina. A questo link \u00e8 disponibile l\u2019elenco dei contatti specifici per aree tematiche e settori: <span class=\"fwb\"><a href=\"http:\/\/www.arcigay.it\/en\/contatti\/\" target=\"_blank\" rel=\"nofollow noopener\" data-ft=\"{&quot;tn&quot;:&quot;-U&quot;}\" data-lynx-mode=\"origin\" data-lynx-uri=\"https:\/\/l.facebook.com\/l.php?u=http%3A%2F%2Fwww.arcigay.it%2Fcontatti%2F&amp;h=ATPDTPT7JkuAoDe0N1nZmZ168_deyKMjpJYWzi5AIibSIMKBz7kXdqWdFkZhoxL_CVRcP9ZfuTjsmoyl8HCO00BDiZzv_95sGnvNZ8paaVAaiABPbI1gL2oBYJo\">http:\/\/www.arcigay.it\/contatti\/<\/a><\/span><\/p>\n<p>Per richieste di assistenza o segnalazioni inviare una mail a segnalazioni@arcigay.it, le richieste inoltrate tramite altri canali non saranno prese in considerazione.<\/p>\n<p>Il trattamento dei dati personali fa riferimento alla privacy policy di Arcigay consultabile al seguente link: <span class=\"fwb\"><a href=\"https:\/\/l.facebook.com\/l.php?u=http%3A%2F%2Fwww.arcigay.it%2Fprivacy-policy%2F&amp;h=ATP-RkmezuFyPoqto94nckSphfk030CrOX5S5FAyfaR8MCi96H_36phwK5CDeZo87OA7x4cEW99aMBRckHtE2X-iSkMHOpozsPwcIaWPMcUtZpj0CjADviFX6AA\" target=\"_blank\" rel=\"nofollow noopener\" data-ft=\"{&quot;tn&quot;:&quot;-U&quot;}\" data-lynx-mode=\"origin\">http:\/\/www.arcigay.it\/privacy-policy\/<\/a><\/span><br \/>\nLe opinioni espresse dagli utenti di questa pagina non riflettono necessariamente la posizione ufficiale di Arcigay.<\/p>\n<p>L\u2019eventuale presenza di spazi pubblicitari nei canali social utilizzati da Arcigay non sono sotto il controllo dell\u2019associazione, ma gestiti autonomamente dai social network.<\/p>\n<\/div>\n<\/div>\n<\/div>\n<div class=\"_4bl7\"><\/div>\n<\/div>\n<div id=\"u_jsonp_4_v\" class=\"_5aj7 _3-8j\"><\/div>\n<p>&nbsp;<\/p>","protected":false},"excerpt":{"rendered":"<p>&nbsp; SOCIAL MEDIA POLICY Benvenut* sulla pagina ufficiale di Arcigay \u2013 Associazione LGBTI italiana Arcigay attraverso i propri canali sui social media comunica e interagisce con i propri soci e [&hellip;]<\/p>\n","protected":false},"author":13,"featured_media":0,"parent":0,"menu_order":0,"comment_status":"closed","ping_status":"closed","template":"","meta":{"_acf_changed":false,"footnotes":""},"class_list":["post-51340","page","type-page","status-publish","hentry"],"acf":[],"_links":{"self":[{"href":"https:\/\/www.arcigay.it\/en\/wp-json\/wp\/v2\/pages\/51340","targetHints":{"allow":["GET"]}}],"collection":[{"href":"https:\/\/www.arcigay.it\/en\/wp-json\/wp\/v2\/pages"}],"about":[{"href":"https:\/\/www.arcigay.it\/en\/wp-json\/wp\/v2\/types\/page"}],"author":[{"embeddable":true,"href":"https:\/\/www.arcigay.it\/en\/wp-json\/wp\/v2\/users\/13"}],"replies":[{"embeddable":true,"href":"https:\/\/www.arcigay.it\/en\/wp-json\/wp\/v2\/comments?post=51340"}],"version-history":[{"count":2,"href":"https:\/\/www.arcigay.it\/en\/wp-json\/wp\/v2\/pages\/51340\/revisions"}],"predecessor-version":[{"id":82003,"href":"https:\/\/www.arcigay.it\/en\/wp-json\/wp\/v2\/pages\/51340\/revisions\/82003"}],"wp:attachment":[{"href":"https:\/\/www.arcigay.it\/en\/wp-json\/wp\/v2\/media?parent=51340"}],"curies":[{"name":"wp","href":"https:\/\/api.w.org\/{rel}","templated":true}]}}