{"id":53004,"date":"2018-09-13T18:42:36","date_gmt":"2018-09-13T16:42:36","guid":{"rendered":"https:\/\/www.arcigay.it\/?page_id=53004"},"modified":"2026-01-24T14:43:38","modified_gmt":"2026-01-24T13:43:38","slug":"petizione-contro-lomotransfobia","status":"publish","type":"page","link":"https:\/\/www.arcigay.it\/en\/petizione-contro-lomotransfobia\/","title":{"rendered":"Petizione contro l&#8217;omotransfobia"},"content":{"rendered":"<p>&nbsp;<\/p>\n<h2 style=\"text-align: center;\"><span style=\"font-family: georgia, palatino, serif; font-size: 12pt;\"><span style=\"font-size: 24pt;\"><strong>#nonresteremoaguardare<\/strong><\/span><img loading=\"lazy\" decoding=\"async\" class=\"size-full wp-image-52995 aligncenter\" src=\"https:\/\/www.arcigay.it\/wp-content\/uploads\/2018\/09\/safe_image.jpg\" alt=\"\" width=\"540\" height=\"282\" srcset=\"https:\/\/www.arcigay.it\/wp-content\/uploads\/2018\/09\/safe_image.jpg 540w, https:\/\/www.arcigay.it\/wp-content\/uploads\/2018\/09\/safe_image-150x78.jpg 150w\" sizes=\"auto, (max-width: 540px) 100vw, 540px\" \/><\/span><\/h2>\n<p>&nbsp;<\/p>\n<blockquote><p><span style=\"font-family: georgia, palatino, serif;\"><span style=\"font-size: 16px;\"><b>Ad Agosto una coppia di Verona \u00e8 stata aggredita in Piazza Bra, nelle settimane successive ha continuato a subire minacce e insulti, nella notte del 12 settembre i due hanno denunciato la presenza di alcuni sconosciuti sulla porta di casa, che oltre a imbrattare i muri esterni con svastiche e scritte del tipo &#8220;Bruciate culatoni&#8221; hanno gettato della benzina addosso ad uno di loro.<\/b><\/span><\/span><\/p><\/blockquote>\n<p><span style=\"font-family: georgia, palatino, serif; font-size: 12pt;\">Questo momento storico \u00e8 complicato, si incita all&#8217;odio, si legittima l&#8217;aggressivit\u00e0, si crea un nemico: <strong>gli immigrati, i rom, oggi gli omosessuali, e domani a chi toccher\u00e0?<\/strong> Il dolore e lo sconforto che ci assale dopo episodi di violenza come questo rischia di paralizzarci, ma la paura non deve vincere. <strong>Una societ\u00e0 migliore \u00e8 possibile se restiamo uniti, un posto dove tutte e tutti possano essere liberi e al sicuro.<\/strong><\/span><\/p>\n<p><span style=\"color: #f30e61; font-size: 18pt;\"><strong><span style=\"font-family: georgia, palatino, serif;\">Cosa ti chiediamo?<\/span><\/strong><\/span><\/p>\n<p><span style=\"font-family: georgia, palatino, serif; font-size: 12pt;\"><strong>Una firma per chiedere alle Istituzioni provvedimenti efficaci contro l&#8217;omotransfobia<\/strong>, delle solide politiche di prevenzione e contrasto, degli strumenti che permettano di individuare chi commette reati d&#8217;odio. Ad oggi molti episodi di violenza non vengono nemmeno denunciati e restano come macigni nelle vite delle persone generando sofferenza.<\/span><\/p>\n<h2>FIRMA ORA (campi con asterisco obbligatori)<\/h2>\n<p><span style=\"text-decoration: underline;\"><strong>ATTENZIONE: per confermare la firma \u00e8 necessario cliccare sul link ricevuto nella mail indicata nel modulo<\/strong><\/span><\/p>\n<p><span style=\"font-family: georgia, palatino, serif;\"><strong>[emailpetition id=&#8221;1&#8243;]<\/strong><\/span><\/p>\n<p>&nbsp;<\/p>\n<p><span style=\"font-family: georgia, palatino, serif;\">[signaturelist id=&#8221;1&#8243;]<\/span><\/p>\n","protected":false},"excerpt":{"rendered":"<p>&nbsp; #nonresteremoaguardare &nbsp; Ad Agosto una coppia di Verona \u00e8 stata aggredita in Piazza Bra, nelle settimane successive ha continuato a subire minacce e insulti, nella notte del 12 settembre [&hellip;]<\/p>\n","protected":false},"author":13,"featured_media":53014,"parent":0,"menu_order":0,"comment_status":"closed","ping_status":"closed","template":"","meta":{"_acf_changed":false,"footnotes":""},"class_list":["post-53004","page","type-page","status-publish","has-post-thumbnail","hentry"],"acf":[],"_links":{"self":[{"href":"https:\/\/www.arcigay.it\/en\/wp-json\/wp\/v2\/pages\/53004","targetHints":{"allow":["GET"]}}],"collection":[{"href":"https:\/\/www.arcigay.it\/en\/wp-json\/wp\/v2\/pages"}],"about":[{"href":"https:\/\/www.arcigay.it\/en\/wp-json\/wp\/v2\/types\/page"}],"author":[{"embeddable":true,"href":"https:\/\/www.arcigay.it\/en\/wp-json\/wp\/v2\/users\/13"}],"replies":[{"embeddable":true,"href":"https:\/\/www.arcigay.it\/en\/wp-json\/wp\/v2\/comments?post=53004"}],"version-history":[{"count":13,"href":"https:\/\/www.arcigay.it\/en\/wp-json\/wp\/v2\/pages\/53004\/revisions"}],"predecessor-version":[{"id":81993,"href":"https:\/\/www.arcigay.it\/en\/wp-json\/wp\/v2\/pages\/53004\/revisions\/81993"}],"wp:featuredmedia":[{"embeddable":true,"href":"https:\/\/www.arcigay.it\/en\/wp-json\/wp\/v2\/media\/53014"}],"wp:attachment":[{"href":"https:\/\/www.arcigay.it\/en\/wp-json\/wp\/v2\/media?parent=53004"}],"curies":[{"name":"wp","href":"https:\/\/api.w.org\/{rel}","templated":true}]}}