{"id":58660,"date":"2019-11-22T12:32:43","date_gmt":"2019-11-22T11:32:43","guid":{"rendered":"https:\/\/www.arcigay.it\/?page_id=58660"},"modified":"2025-10-02T21:07:36","modified_gmt":"2025-10-02T19:07:36","slug":"femminili-plurali-irregolari","status":"publish","type":"page","link":"https:\/\/www.arcigay.it\/en\/rete-donne-transfemminista\/femminili-plurali-irregolari\/","title":{"rendered":"Femminili Plurali Irregolari"},"content":{"rendered":"<p>&#8220;LA VIOLENZA NON \u00c8 UNA STORIA GI\u00c0 SCRITTA&#8221;: ON LINE LO SPOT DI ARCIGAY PER LA GIORNATA MONDIALE CONTRO LA VIOLENZA SULLE DONNE<\/p>\n<p><strong>&#8220;La violenza non \u00e8 una storia gi\u00e0 scritta. Insieme facciamo la differenza&#8221;<\/strong>: \u00e8 questo il claim della campagna contro la violenza sulle donne lesbiche, bisex, con disabilit\u00e0 e sulle persone trans* realizzata da <strong>Arcigay<\/strong>, <strong>La Cicloide<\/strong> And <strong>Artsmedia<\/strong>, in occasione del 25 novembre, Giornata internazionale per l\u2019eliminazione della violenza contro le donne.<\/p>\n<p>Lo spot, che verr\u00e0 diffuso da oggi sul web (http:\/\/www.femminilipluraliirregolari.it\/), rappresenta l\u2019output\u00a0del progetto <strong>\u201cFemminili plurali irregolari\u201d<\/strong>,\u00a0finanziato dalla Presidenza del Consiglio dei Ministri &#8211; Dipartimento per le Pari Opportunit\u00e0 (ai sensi dell&#8217;Avviso per il finanziamento di progetti volti alla prevenzione e contrasto alla violenza alle donne anche in attuazione della\u00a0Convenzione\u00a0di Istanbul\u00a0G.U. N.\u00a0171 del 24\/7\/2017 \u2013 Lettera F). Il progetto si \u00e8 articolato attraverso\u00a0un percorso durato sei mesi, finalizzato a favorire processi di\u00a0empowerment\u00a0individuale e di comunit\u00e0, che ha visto il coinvolgimento diretto di donne lesbiche, bisex, con disabilit\u00e0 e persone trans che hanno partecipato attivamente alla co-costruzione della campagna, attraverso discussioni on line e focus group.<\/p>\n<p>Due i principali messaggi: innanzitutto, c&#8217;\u00e8 una violenza specifica che colpisce le donne lesbiche, bisessuali, donne trans e con disabilit\u00e0. Una violenza dal nome proprio &#8211; <strong>lesbofobia,<\/strong> <strong>bifobia, transfobia e abilismo<\/strong> &#8211; e che assume sembianze diverse: il rifiuto in seguito al coming out; l&#8217;aggressione fisica o la violazione della percezione di uno spazio sicuro; la molestia sessuale o l&#8217;aspettativa di un rapporto sessuale non richiesto o non desiderato; il pregiudizio che ci fa credere che le persone con disabilit\u00e0 non abbiano diritto a una sessualit\u00e0 piena o a una relazione stabile. In secondo luogo, lo spot pone l&#8217;accetto sulla responsabilit\u00e0 collettiva che sta dietro al fenomeno della violenza: essa interroga tutte e tutti noi e abita il nostro quotidiano. Scegliere di non essere violenti, per\u00f2, si pu\u00f2. Cos\u00ec come \u00e8 nelle nostre mani la decisione &#8211; agita dalle donne protagoniste dello spot &#8211; di abbandonare la paura e vivere da persone libere. &#8220;Esiste un cambiamento possibile &#8211; commenta <strong>Natascia Maesi,<\/strong> responsabile politiche di genere nella segreteria nazionale di Arcigay\u00a0 \u00a0&#8211; una rivoluzione che passa attraverso piccoli gesti quotidiani di amore, complicit\u00e0, amicizia e rispetto per le altre e gli altri e che dobbiamo avere il coraggio di compiere&#8221;. &#8220;L\u2019urgenza di riflettere su questo tema &#8211; prosegue &#8211;\u00a0 \u00e8 nata dalla consapevolezza che le donne che non si conformano alle aspettative sociali e culturali legate ad un modello etero-normativo, sessista e genderista di sessualit\u00e0, risultano essere maggiormente esposte a processi di stereotipizzazione, pregiudizio, stigmatizzazione e discriminazione che spesso sfociano in diverse forme di violenza (verbale, fisica, diretta, indiretta, vittimizzazione primaria e secondaria).\u00a0 L\u2019obiettivo della campagna \u00e8 sensibilizzare alla presa in carico collettiva del tema, troppo spesso ignorato, della violenza che colpisce le donne lesbiche, bisessuali, trans* e con disabilit\u00e0, e richiamare alla responsabilit\u00e0 sociale di compiere azioni quotidiane non violente che cambiano il destino delle persone\u201d. Il progetto \u00e8 stato coordinato da\u00a0Natascia Maesi per Arcigay, con il supporto di un comitato scientifico formato da Felice Di Lernia, Alessandro Taurino e Valentina Lomuscio per La Cicloide, e da Marilena Inchingolo e Donato Barile per Artsmedia.<\/p>\n<p>&nbsp;<\/p>\n<h2 style=\"text-align: center;\"><a href=\"http:\/\/www.femminilipluraliirregolari.it\/\" target=\"_blank\" rel=\"noopener noreferrer\">http:\/\/www.femminilipluraliirregolari.it\/<\/a><\/h2>\n<p>&nbsp;<\/p>\n<p><iframe loading=\"lazy\" title=\"Violence is not a pre-written story.\" width=\"750\" height=\"422\" src=\"https:\/\/www.youtube.com\/embed\/82JAxlalA7M?feature=oembed\" frameborder=\"0\" allow=\"accelerometer; autoplay; encrypted-media; gyroscope; picture-in-picture\" allowfullscreen><\/iframe><\/p>\n<p>&nbsp;<\/p>\n<table style=\"border-collapse: collapse; width: 100%;\">\n<tbody>\n<tr>\n<td style=\"width: 7.857142857142854%;\">\n<h2><a href=\"https:\/\/www.arcigay.it\/wp-content\/uploads\/2019\/11\/FPI.pdf\"><img decoding=\"async\" class=\"alignleft\" style=\"border: none!important;\" src=\"https:\/\/www.arcigay.it\/wp-content\/plugins\/postie\/icons\/silver\/pdf-32.png\" alt=\"pdf icon\" \/><\/a><\/h2>\n<\/td>\n<td style=\"width: 92.14285714285714%;\">\n<h2><a href=\"https:\/\/www.arcigay.it\/wp-content\/uploads\/2019\/11\/FPI.pdf\">Scopri tutte le fasi del progetto<\/a><\/h2>\n<\/td>\n<\/tr>\n<\/tbody>\n<\/table>\n<p>&nbsp;<\/p>","protected":false},"excerpt":{"rendered":"<p>&#8220;LA VIOLENZA NON \u00c8 UNA STORIA GI\u00c0 SCRITTA&#8221;: ON LINE LO SPOT DI ARCIGAY PER LA GIORNATA MONDIALE CONTRO LA VIOLENZA SULLE DONNE &#8220;La violenza non \u00e8 una storia gi\u00e0 [&hellip;]<\/p>\n","protected":false},"author":13,"featured_media":0,"parent":57919,"menu_order":0,"comment_status":"closed","ping_status":"closed","template":"modello-senza-sidebar.php","meta":{"_acf_changed":false,"footnotes":""},"class_list":["post-58660","page","type-page","status-publish","hentry"],"acf":[],"_links":{"self":[{"href":"https:\/\/www.arcigay.it\/en\/wp-json\/wp\/v2\/pages\/58660","targetHints":{"allow":["GET"]}}],"collection":[{"href":"https:\/\/www.arcigay.it\/en\/wp-json\/wp\/v2\/pages"}],"about":[{"href":"https:\/\/www.arcigay.it\/en\/wp-json\/wp\/v2\/types\/page"}],"author":[{"embeddable":true,"href":"https:\/\/www.arcigay.it\/en\/wp-json\/wp\/v2\/users\/13"}],"replies":[{"embeddable":true,"href":"https:\/\/www.arcigay.it\/en\/wp-json\/wp\/v2\/comments?post=58660"}],"version-history":[{"count":14,"href":"https:\/\/www.arcigay.it\/en\/wp-json\/wp\/v2\/pages\/58660\/revisions"}],"predecessor-version":[{"id":80482,"href":"https:\/\/www.arcigay.it\/en\/wp-json\/wp\/v2\/pages\/58660\/revisions\/80482"}],"up":[{"embeddable":true,"href":"https:\/\/www.arcigay.it\/en\/wp-json\/wp\/v2\/pages\/57919"}],"wp:attachment":[{"href":"https:\/\/www.arcigay.it\/en\/wp-json\/wp\/v2\/media?parent=58660"}],"curies":[{"name":"wp","href":"https:\/\/api.w.org\/{rel}","templated":true}]}}