{"id":61356,"date":"2020-04-12T12:10:49","date_gmt":"2020-04-12T10:10:49","guid":{"rendered":"https:\/\/www.arcigay.it\/?page_id=61356"},"modified":"2026-01-24T14:43:05","modified_gmt":"2026-01-24T13:43:05","slug":"onlife","status":"publish","type":"page","link":"https:\/\/www.arcigay.it\/en\/onlife\/","title":{"rendered":"Onlife"},"content":{"rendered":"<p>&nbsp;<\/p>\n<h2>Arcigay Onlife!<\/h2>\n<p>L\u2019emergenza sanitaria che stiamo vivendo ci fa vivere l\u2019esperienza difficile della quarantena che rappresenta per tutt* una limitazione delle proprie libert\u00e0 e per tant* uno stop forzato con conseguente perdita di certezze e prospettive lavorative. Per le persone della nostra comunit\u00e0, in particolare, in alcuni casi la quarantena si traduce in una dimensione di solitudine o in una convivenza obbligata caratterizzata da discriminazione e violenza. Consapevoli delle conseguenze che tutta questa situazione ha sulle persone, Arcigay ha deciso di attivarsi per trasformare questo momento difficile in una opportunit\u00e0: un modo nuovo di stare e crescere insieme. Non vogliamo far sentire nessun* sol* e non vogliamo lasciare nessun* indietro. Per questo, stiamo continuando a fare attivit\u00e0 politica, culturale, di socializzazione e di servizio alla comunit\u00e0 e non solo, in una modalit\u00e0 diversa utilizzando tutti gli strumenti che ci offrono il web, la rete, i social. In questo spazio, troverete tutta la programmazione online di Arcigay: dalle proposte dei Comitati territoriali a quelle delle Reti. Da oggi, ogni giorno della vostra quarantena potete decidere di passarlo con noi, ONLIFE!<\/p>\n<p>&nbsp;<\/p>\n<table style=\"border-collapse: collapse; width: 100%; height: 452px;\">\n<tbody>\n<tr style=\"height: 165px;\">\n<td style=\"width: 21.07142857142857%; height: 165px;\">\n<h2><a href=\"https:\/\/www.arcigay.it\/en\/articoli\/rete-donne-transfemminista-onlife\/\"><img loading=\"lazy\" decoding=\"async\" class=\"alignleft wp-image-57920 size-thumbnail\" style=\"border: none!important;\" src=\"https:\/\/www.arcigay.it\/wp-content\/uploads\/2019\/11\/Arcigay-RDT-logo-150x107.jpg\" alt=\"\" width=\"150\" height=\"107\" srcset=\"https:\/\/www.arcigay.it\/wp-content\/uploads\/2019\/11\/Arcigay-RDT-logo-150x107.jpg 150w, https:\/\/www.arcigay.it\/wp-content\/uploads\/2019\/11\/Arcigay-RDT-logo-768x549.jpg 768w, https:\/\/www.arcigay.it\/wp-content\/uploads\/2019\/11\/Arcigay-RDT-logo-600x429.jpg 600w, https:\/\/www.arcigay.it\/wp-content\/uploads\/2019\/11\/Arcigay-RDT-logo-1200x858.jpg 1200w, https:\/\/www.arcigay.it\/wp-content\/uploads\/2019\/11\/Arcigay-RDT-logo-881x630.jpg 881w, https:\/\/www.arcigay.it\/wp-content\/uploads\/2019\/11\/Arcigay-RDT-logo-441x315.jpg 441w\" sizes=\"auto, (max-width: 150px) 100vw, 150px\" \/><\/a><\/h2>\n<\/td>\n<td style=\"width: 78.92857142857143%; height: 165px;\">\n<h2><a href=\"https:\/\/www.arcigay.it\/en\/articoli\/rete-donne-transfemminista-onlife\/\">EVENTI RETE DONNE TRANSFEMMINISTA (link)<\/a><\/h2>\n<\/td>\n<\/tr>\n<tr>\n<td style=\"width: 21.07142857142857%;\"><a href=\"https:\/\/www.arcigay.it\/en\/articoli\/oltre-il-genere-incontri-online-a-cura-di-arcigay-rete-trans-nazionale\/\"><img loading=\"lazy\" decoding=\"async\" class=\"size-thumbnail wp-image-62569 aligncenter\" style=\"border: none!important;\" src=\"https:\/\/www.arcigay.it\/wp-content\/uploads\/2020\/07\/logo-rete-trans-150x91.png\" alt=\"\" width=\"150\" height=\"91\" srcset=\"https:\/\/www.arcigay.it\/wp-content\/uploads\/2020\/07\/logo-rete-trans-150x91.png 150w, https:\/\/www.arcigay.it\/wp-content\/uploads\/2020\/07\/logo-rete-trans-768x464.png 768w, https:\/\/www.arcigay.it\/wp-content\/uploads\/2020\/07\/logo-rete-trans-600x363.png 600w, https:\/\/www.arcigay.it\/wp-content\/uploads\/2020\/07\/logo-rete-trans-1200x726.png 1200w, https:\/\/www.arcigay.it\/wp-content\/uploads\/2020\/07\/logo-rete-trans-1042x630.png 1042w, https:\/\/www.arcigay.it\/wp-content\/uploads\/2020\/07\/logo-rete-trans-521x315.png 521w, https:\/\/www.arcigay.it\/wp-content\/uploads\/2020\/07\/logo-rete-trans.png 1482w\" sizes=\"auto, (max-width: 150px) 100vw, 150px\" \/><\/a><\/td>\n<td style=\"width: 78.92857142857143%;\">\n<h2><a href=\"https:\/\/www.arcigay.it\/en\/articoli\/oltre-il-genere-incontri-online-a-cura-di-arcigay-rete-trans-nazionale\/\" rel=\"noopener\">EVENTI RETE \u00a0TRANS (link)<\/a><\/h2>\n<\/td>\n<\/tr>\n<tr style=\"height: 179px;\">\n<td style=\"width: 21.07142857142857%; height: 179px;\"><a href=\"https:\/\/www.arcigay.it\/en\/articoli\/arcigay-giovani-onlife\/\"><img loading=\"lazy\" decoding=\"async\" class=\"wp-image-60977 size-thumbnail style= alignleft\" style=\"border: none!important;\" src=\"https:\/\/www.arcigay.it\/wp-content\/uploads\/2020\/03\/Logo-Arcigay-Giovani-senza-sfondo-2019-150x141.png\" alt=\"\" width=\"150\" height=\"141\" srcset=\"https:\/\/www.arcigay.it\/wp-content\/uploads\/2020\/03\/Logo-Arcigay-Giovani-senza-sfondo-2019-150x141.png 150w, https:\/\/www.arcigay.it\/wp-content\/uploads\/2020\/03\/Logo-Arcigay-Giovani-senza-sfondo-2019-335x315.png 335w, https:\/\/www.arcigay.it\/wp-content\/uploads\/2020\/03\/Logo-Arcigay-Giovani-senza-sfondo-2019.png 582w\" sizes=\"auto, (max-width: 150px) 100vw, 150px\" \/><\/a><\/td>\n<td style=\"width: 78.92857142857143%; height: 179px;\">\n<h2><a href=\"https:\/\/www.arcigay.it\/en\/articoli\/arcigay-giovani-onlife\/\">EVENTI RETE GIOVANI (link)<\/a><\/h2>\n<\/td>\n<\/tr>\n<tr style=\"height: 108px;\">\n<td style=\"width: 21.07142857142857%; height: 108px;\"><a href=\"https:\/\/www.arcigay.it\/en\/articoli\/arcigay-sport-onlife\/\"><img loading=\"lazy\" decoding=\"async\" class=\"alignnone size-thumbnail wp-image-55573\" style=\"border: none!important;\" src=\"https:\/\/www.arcigay.it\/wp-content\/uploads\/2019\/04\/ArcigaySport3-150x100.jpg\" alt=\"\" width=\"150\" height=\"100\" srcset=\"https:\/\/www.arcigay.it\/wp-content\/uploads\/2019\/04\/ArcigaySport3-150x100.jpg 150w, https:\/\/www.arcigay.it\/wp-content\/uploads\/2019\/04\/ArcigaySport3.jpg 425w\" sizes=\"auto, (max-width: 150px) 100vw, 150px\" \/><\/a><\/td>\n<td style=\"width: 78.92857142857143%; height: 108px;\">\n<h2><a href=\"https:\/\/www.arcigay.it\/en\/articoli\/arcigay-sport-onlife\/\">EVENTI ARCIGAY SPORT (link)<\/a><\/h2>\n<\/td>\n<\/tr>\n<tr>\n<td style=\"width: 21.07142857142857%;\"><img loading=\"lazy\" decoding=\"async\" class=\"alignnone size-thumbnail wp-image-62304\" style=\"border: none!important;\" src=\"https:\/\/www.arcigay.it\/wp-content\/uploads\/2020\/06\/Schermata-2020-06-18-alle-20.34.33-150x100.png\" alt=\"\" width=\"150\" height=\"100\" srcset=\"https:\/\/www.arcigay.it\/wp-content\/uploads\/2020\/06\/Schermata-2020-06-18-alle-20.34.33-150x100.png 150w, https:\/\/www.arcigay.it\/wp-content\/uploads\/2020\/06\/Schermata-2020-06-18-alle-20.34.33-768x514.png 768w, https:\/\/www.arcigay.it\/wp-content\/uploads\/2020\/06\/Schermata-2020-06-18-alle-20.34.33-600x401.png 600w, https:\/\/www.arcigay.it\/wp-content\/uploads\/2020\/06\/Schermata-2020-06-18-alle-20.34.33-942x630.png 942w, https:\/\/www.arcigay.it\/wp-content\/uploads\/2020\/06\/Schermata-2020-06-18-alle-20.34.33-471x315.png 471w, https:\/\/www.arcigay.it\/wp-content\/uploads\/2020\/06\/Schermata-2020-06-18-alle-20.34.33.png 948w\" sizes=\"auto, (max-width: 150px) 100vw, 150px\" \/><\/td>\n<td style=\"width: 78.92857142857143%;\">\n<h2><a href=\"https:\/\/ondapride.it\/eventi\/\" target=\"_blank\" rel=\"noopener noreferrer\">EVENTI ONDA PRIDE (link)<\/a><\/h2>\n<\/td>\n<\/tr>\n<tr>\n<td style=\"width: 21.07142857142857%;\"><img loading=\"lazy\" decoding=\"async\" class=\"alignnone size-thumbnail wp-image-62465\" style=\"border: none!important;\" src=\"https:\/\/www.arcigay.it\/wp-content\/uploads\/2020\/07\/Schermata-2020-07-01-alle-15.43.07-150x29.png\" alt=\"\" width=\"150\" height=\"29\" srcset=\"https:\/\/www.arcigay.it\/wp-content\/uploads\/2020\/07\/Schermata-2020-07-01-alle-15.43.07-150x29.png 150w, https:\/\/www.arcigay.it\/wp-content\/uploads\/2020\/07\/Schermata-2020-07-01-alle-15.43.07.png 592w\" sizes=\"auto, (max-width: 150px) 100vw, 150px\" \/><\/td>\n<td style=\"width: 78.92857142857143%;\">\n<h2><a href=\"https:\/\/www.youtube.com\/playlist?list=PLqBT7a-iTLgF8ozgljemnfBMg4GYnNe1Y\" target=\"_blank\" rel=\"noopener noreferrer\">GLOBAL CHATTING (link)<\/a><\/h2>\n<\/td>\n<\/tr>\n<\/tbody>\n<\/table>\n<p>&nbsp;<\/p>\n<h2>Tutti gli eventi organizzati dai Comitati:<\/h2>\n<p>&nbsp;<\/p>","protected":false},"excerpt":{"rendered":"<p>&nbsp; Arcigay Onlife! L\u2019emergenza sanitaria che stiamo vivendo ci fa vivere l\u2019esperienza difficile della quarantena che rappresenta per tutt* una limitazione delle proprie libert\u00e0 e per tant* uno stop forzato [&hellip;]<\/p>\n","protected":false},"author":13,"featured_media":61411,"parent":0,"menu_order":0,"comment_status":"closed","ping_status":"closed","template":"","meta":{"_acf_changed":false,"footnotes":""},"class_list":["post-61356","page","type-page","status-publish","has-post-thumbnail","hentry"],"acf":[],"_links":{"self":[{"href":"https:\/\/www.arcigay.it\/en\/wp-json\/wp\/v2\/pages\/61356","targetHints":{"allow":["GET"]}}],"collection":[{"href":"https:\/\/www.arcigay.it\/en\/wp-json\/wp\/v2\/pages"}],"about":[{"href":"https:\/\/www.arcigay.it\/en\/wp-json\/wp\/v2\/types\/page"}],"author":[{"embeddable":true,"href":"https:\/\/www.arcigay.it\/en\/wp-json\/wp\/v2\/users\/13"}],"replies":[{"embeddable":true,"href":"https:\/\/www.arcigay.it\/en\/wp-json\/wp\/v2\/comments?post=61356"}],"version-history":[{"count":29,"href":"https:\/\/www.arcigay.it\/en\/wp-json\/wp\/v2\/pages\/61356\/revisions"}],"predecessor-version":[{"id":81989,"href":"https:\/\/www.arcigay.it\/en\/wp-json\/wp\/v2\/pages\/61356\/revisions\/81989"}],"wp:featuredmedia":[{"embeddable":true,"href":"https:\/\/www.arcigay.it\/en\/wp-json\/wp\/v2\/media\/61411"}],"wp:attachment":[{"href":"https:\/\/www.arcigay.it\/en\/wp-json\/wp\/v2\/media?parent=61356"}],"curies":[{"name":"wp","href":"https:\/\/api.w.org\/{rel}","templated":true}]}}