{"id":62568,"date":"2020-07-14T01:28:58","date_gmt":"2020-07-13T23:28:58","guid":{"rendered":"https:\/\/www.arcigay.it\/?page_id=62568"},"modified":"2025-11-18T10:29:03","modified_gmt":"2025-11-18T09:29:03","slug":"retetrans","status":"publish","type":"page","link":"https:\/\/www.arcigay.it\/en\/cosafacciamo\/identita-ed-orgoglio\/retetrans\/","title":{"rendered":"Transnational Network"},"content":{"rendered":"<p><img loading=\"lazy\" decoding=\"async\" class=\"aligncenter wp-image-62569 size-medium\" style=\"border: none!important;\" src=\"https:\/\/www.arcigay.it\/wp-content\/uploads\/2020\/07\/logo-rete-trans-600x363.png\" alt=\"\" width=\"600\" height=\"363\" srcset=\"https:\/\/www.arcigay.it\/wp-content\/uploads\/2020\/07\/logo-rete-trans-600x363.png 600w, https:\/\/www.arcigay.it\/wp-content\/uploads\/2020\/07\/logo-rete-trans-768x464.png 768w, https:\/\/www.arcigay.it\/wp-content\/uploads\/2020\/07\/logo-rete-trans-150x91.png 150w, https:\/\/www.arcigay.it\/wp-content\/uploads\/2020\/07\/logo-rete-trans-1200x726.png 1200w, https:\/\/www.arcigay.it\/wp-content\/uploads\/2020\/07\/logo-rete-trans-1042x630.png 1042w, https:\/\/www.arcigay.it\/wp-content\/uploads\/2020\/07\/logo-rete-trans-521x315.png 521w, https:\/\/www.arcigay.it\/wp-content\/uploads\/2020\/07\/logo-rete-trans.png 1482w\" sizes=\"auto, (max-width: 600px) 100vw, 600px\" \/><\/p>\n<p><iframe loading=\"lazy\" title=\"Trans Network\" width=\"750\" height=\"422\" src=\"https:\/\/www.youtube.com\/embed\/videoseries?list=PLqBT7a-iTLgGB4vgi-VXq6NwJSnZFaDzs\" frameborder=\"0\" allow=\"accelerometer; autoplay; clipboard-write; encrypted-media; gyroscope; picture-in-picture; web-share\" referrerpolicy=\"strict-origin-when-cross-origin\" allowfullscreen><\/iframe><\/p>\n<p><strong><img loading=\"lazy\" decoding=\"async\" class=\"wp-image-77928 size-full alignright\" style=\"border: none!important;\" src=\"https:\/\/www.arcigay.it\/wp-content\/uploads\/2024\/12\/mappa-24_RTN-1.png\" alt=\"\" width=\"460\" height=\"638\" srcset=\"https:\/\/www.arcigay.it\/wp-content\/uploads\/2024\/12\/mappa-24_RTN-1.png 460w, https:\/\/www.arcigay.it\/wp-content\/uploads\/2024\/12\/mappa-24_RTN-1-150x208.png 150w, https:\/\/www.arcigay.it\/wp-content\/uploads\/2024\/12\/mappa-24_RTN-1-454x630.png 454w, https:\/\/www.arcigay.it\/wp-content\/uploads\/2024\/12\/mappa-24_RTN-1-227x315.png 227w\" sizes=\"auto, (max-width: 460px) 100vw, 460px\" \/>The National Trans* Network<\/strong> It is the community of transgender, intersex, and non-binary people who are active in Arcigay.<\/p>\n<p>It&#039;s one <strong>sharing space<\/strong> of multiple identity experiences, <strong>place for discussion and political development<\/strong> of requests, claims and rights of the trans* community, born for <strong>strengthen the sense of pride<\/strong> and belonging to the community.<\/p>\n<p>In the <strong>National Trans* Network<\/strong> we practice welcoming all subjectivities and we promote paths of trans self-awareness and self-training on issues that concern the lives of trans* people, through the <strong>implementation of projects, networking meetings, promotion of cultural events and the use of gender-inclusive languages and practices<\/strong> capable of representing all subjectivities\/identities against any form of invisibilization of trans* experiences and lives.<\/p>\n<p>It offers community support services, information and mentoring regarding gender affirmation paths in Italy and is the expression and point of reference for the association&#039;s territorial committees, <strong>Arcigay National Trans* Network<\/strong> It intercepts the needs of transgender, intersex and non-binary people in a widespread manner throughout the country and implements <strong>planning and strategic actions<\/strong> capable of improving people&#039;s quality of life.<\/p>\n<p><strong>Arcigay National Trans* Network<\/strong> claims the right to self-determination of bodies and<\/p>\n<p>&nbsp;<\/p>\n<p>of free transgender subjectivities in a perspective <strong>depathologizing,<\/strong> placing itself in relation with other realities and subjects of movement in a <strong>intersectional perspective<\/strong> aimed at leading a collective reflection on the oppression of the dominant culture of the hetero-cis-patriarchal system and for questioning the gender binary, in favor of <strong>new perspectives and horizons of liberation.<\/strong><\/p>\n<section class=\"elementor-section elementor-top-section elementor-element elementor-element-ca9696c elementor-section-boxed elementor-section-height-default elementor-section-height-default\" data-id=\"ca9696c\" data-element_type=\"section\">\n<div class=\"elementor-container elementor-column-gap-default\">\n<div class=\"elementor-column elementor-col-50 elementor-top-column elementor-element elementor-element-fb8326d\" data-id=\"fb8326d\" data-element_type=\"column\">\n<div class=\"elementor-widget-wrap elementor-element-populated\">\n<div class=\"elementor-element elementor-element-cf86804 elementor-widget elementor-widget-button\" data-id=\"cf86804\" data-element_type=\"widget\" data-widget_type=\"button.default\">\n<div class=\"elementor-widget-container\">\n<h3 class=\"elementor-button-wrapper\"><a class=\"elementor-button elementor-button-link elementor-size-sm\" href=\"mailto:trans@arcigay.it\"><span class=\"elementor-button-content-wrapper\"><span class=\"elementor-button-text\">Do you want to join the Trans* Network?<\/span><\/span><\/a><\/h3>\n<h1><\/h1>\n<h1 class=\"elementor-heading-title elementor-size-default\">Committees that have joined<\/h1>\n<\/div>\n<\/div>\n<\/div>\n<\/div>\n<\/div>\n<\/section>\n<section class=\"elementor-section elementor-top-section elementor-element elementor-element-fbe4ce2 elementor-section-boxed elementor-section-height-default elementor-section-height-default\" data-id=\"fbe4ce2\" data-element_type=\"section\">\n<div class=\"elementor-container elementor-column-gap-default\">\n<div class=\"elementor-column elementor-col-100 elementor-top-column elementor-element elementor-element-4f9d51d\" data-id=\"4f9d51d\" data-element_type=\"column\">\n<div class=\"elementor-widget-wrap elementor-element-populated\">\n<div class=\"elementor-element elementor-element-d246529 elementor-widget elementor-widget-heading\" data-id=\"d246529\" data-element_type=\"widget\" data-widget_type=\"heading.default\">\n<div class=\"elementor-widget-container\">\n<h3 class=\"elementor-heading-title elementor-size-default\"><a href=\"https:\/\/www.arcigay.it\/en\/barletta\/\" target=\"_blank\" rel=\"noopener\"><b>BARLETTA \u2013 ANDRIA \u2013 TRANI<\/b>\u00a0\u2013 Arcigay Bat \u201cThe Loose Cannons\u201d<\/a><\/h3>\n<\/div>\n<\/div>\n<div class=\"elementor-element elementor-element-f0fcfd8 elementor-widget elementor-widget-heading\" data-id=\"f0fcfd8\" data-element_type=\"widget\" data-widget_type=\"heading.default\">\n<div class=\"elementor-widget-container\">\n<h3 class=\"elementor-heading-title elementor-size-default\"><a href=\"https:\/\/www.arcigay.it\/en\/bergamo\/\" target=\"_blank\" rel=\"noopener\"><b>BERGAMO<\/b>\u00a0\u2013 Arcigay Bergamo \u201cCives\u201d<\/a><\/h3>\n<\/div>\n<\/div>\n<div class=\"elementor-element elementor-element-2687a0f elementor-widget elementor-widget-heading\" data-id=\"2687a0f\" data-element_type=\"widget\" data-widget_type=\"heading.default\">\n<div class=\"elementor-widget-container\">\n<h3 class=\"elementor-heading-title elementor-size-default\"><a href=\"https:\/\/www.arcigay.it\/en\/bolzano\/\" target=\"_blank\" rel=\"noopener\"><b>BOLZANO<\/b>\u00a0\u2013 Centaurus Arcigay of Alto Adige S\u00fcdtirol<\/a><\/h3>\n<\/div>\n<\/div>\n<div class=\"elementor-element elementor-element-5303296 elementor-widget elementor-widget-heading\" data-id=\"5303296\" data-element_type=\"widget\" data-widget_type=\"heading.default\">\n<div class=\"elementor-widget-container\">\n<h3 class=\"elementor-heading-title elementor-size-default\"><a href=\"https:\/\/www.arcigay.it\/en\/brescia\/\" target=\"_blank\" rel=\"noopener\"><b>BRESCIA<\/b>\u00a0\u2013 Arcigay Brescia \u201cOrlando\u201d<\/a><\/h3>\n<\/div>\n<\/div>\n<div class=\"elementor-element elementor-element-2f1e1a0 elementor-widget elementor-widget-heading\" data-id=\"2f1e1a0\" data-element_type=\"widget\" data-widget_type=\"heading.default\">\n<div class=\"elementor-widget-container\">\n<h3 class=\"elementor-heading-title elementor-size-default\"><a href=\"https:\/\/www.arcigay.it\/en\/catania\/\" target=\"_blank\" rel=\"noopener\"><b>CATANIA<\/b>\u00a0\u2013 Arcigay Catania \u201cPegaso LGBT\u201d<\/a><\/h3>\n<\/div>\n<\/div>\n<div class=\"elementor-element elementor-element-bb0df45 elementor-widget elementor-widget-heading\" data-id=\"bb0df45\" data-element_type=\"widget\" data-widget_type=\"heading.default\">\n<div class=\"elementor-widget-container\">\n<h3 class=\"elementor-heading-title elementor-size-default\"><a href=\"https:\/\/www.arcigay.it\/en\/cosenza\/\" target=\"_blank\" rel=\"noopener\"><b>COSENZA<\/b>\u00a0\u2013 Arcigay EOS Cosenza<\/a><\/h3>\n<\/div>\n<\/div>\n<div class=\"elementor-element elementor-element-d54db8d elementor-widget elementor-widget-heading\" data-id=\"d54db8d\" data-element_type=\"widget\" data-widget_type=\"heading.default\">\n<div class=\"elementor-widget-container\">\n<h3 class=\"elementor-heading-title elementor-size-default\"><a href=\"https:\/\/www.arcigay.it\/en\/cuneo\/\" target=\"_blank\" rel=\"noopener\"><b>WEDGE<\/b>\u00a0\u2013 Arcigay \u201cGranda Queer\u201d Cuneo<\/a><\/h3>\n<\/div>\n<\/div>\n<div class=\"elementor-element elementor-element-0c1b53c elementor-widget elementor-widget-heading\" data-id=\"0c1b53c\" data-element_type=\"widget\" data-widget_type=\"heading.default\">\n<div class=\"elementor-widget-container\">\n<h3 class=\"elementor-heading-title elementor-size-default\"><a href=\"https:\/\/www.arcigay.it\/en\/ferrara\/\" target=\"_blank\" rel=\"noopener\"><b>FERRARA<\/b>\u00a0\u2013 Arcigay Ferrara APS<\/a><\/h3>\n<\/div>\n<\/div>\n<div class=\"elementor-element elementor-element-f32a5d2 elementor-widget elementor-widget-heading\" data-id=\"f32a5d2\" data-element_type=\"widget\" data-widget_type=\"heading.default\">\n<div class=\"elementor-widget-container\">\n<h3 class=\"elementor-heading-title elementor-size-default\"><a href=\"https:\/\/www.arcigay.it\/en\/genova\/\" target=\"_blank\" rel=\"noopener\"><b>GENOA<\/b>\u00a0\u2013 Arcigay Genova \u2013 Lilia Mulas Landing<\/a><\/h3>\n<\/div>\n<\/div>\n<div class=\"elementor-element elementor-element-30ec20b elementor-widget elementor-widget-heading\" data-id=\"30ec20b\" data-element_type=\"widget\" data-widget_type=\"heading.default\">\n<div class=\"elementor-widget-container\">\n<h3 class=\"elementor-heading-title elementor-size-default\"><a href=\"https:\/\/www.arcigay.it\/en\/imperia\/\" target=\"_blank\" rel=\"noopener\"><b>IMPERIA<\/b>\u00a0\u2013 MIA Arcigay Imperia<\/a><\/h3>\n<\/div>\n<\/div>\n<div class=\"elementor-element elementor-element-55390a7 elementor-widget elementor-widget-heading\" data-id=\"55390a7\" data-element_type=\"widget\" data-widget_type=\"heading.default\">\n<div class=\"elementor-widget-container\">\n<h3 class=\"elementor-heading-title elementor-size-default\"><a href=\"https:\/\/www.arcigay.it\/en\/mantova\/\" target=\"_blank\" rel=\"noopener\"><b>MANTUA<\/b>\u00a0\u2013 Arcigay \u201cLa Salamandra\u201d Mantua<\/a><\/h3>\n<\/div>\n<\/div>\n<div class=\"elementor-element elementor-element-333e45c elementor-widget elementor-widget-heading\" data-id=\"333e45c\" data-element_type=\"widget\" data-widget_type=\"heading.default\">\n<div class=\"elementor-widget-container\">\n<h3 class=\"elementor-heading-title elementor-size-default\"><a href=\"https:\/\/www.arcigay.it\/en\/modena\/\" target=\"_blank\" rel=\"noopener\"><b>MODENA<\/b>\u00a0\u2013 Arcigay Modena \u201cMatthew Shepard\u201d<\/a><\/h3>\n<\/div>\n<\/div>\n<div class=\"elementor-element elementor-element-b0fff0c elementor-widget elementor-widget-heading\" data-id=\"b0fff0c\" data-element_type=\"widget\" data-widget_type=\"heading.default\">\n<div class=\"elementor-widget-container\">\n<h3 class=\"elementor-heading-title elementor-size-default\"><a href=\"https:\/\/www.arcigay.it\/en\/molise\/\" target=\"_blank\" rel=\"noopener\"><b>MOLISE<\/b>\u00a0\u2013 Arcigay Molise \u201cLambda Free Identities\u201d<\/a><\/h3>\n<\/div>\n<\/div>\n<div class=\"elementor-element elementor-element-e535ecc elementor-widget elementor-widget-heading\" data-id=\"e535ecc\" data-element_type=\"widget\" data-widget_type=\"heading.default\">\n<div class=\"elementor-widget-container\">\n<h3 class=\"elementor-heading-title elementor-size-default\"><a href=\"https:\/\/www.arcigay.it\/en\/palermo\/\" target=\"_blank\" rel=\"noopener\"><b>PALERMO<\/b>\u00a0\u2013 Arcigay Palermo<\/a><\/h3>\n<\/div>\n<\/div>\n<div class=\"elementor-element elementor-element-84c6a1e elementor-widget elementor-widget-heading\" data-id=\"84c6a1e\" data-element_type=\"widget\" data-widget_type=\"heading.default\">\n<div class=\"elementor-widget-container\">\n<h3 class=\"elementor-heading-title elementor-size-default\"><a href=\"https:\/\/www.arcigay.it\/en\/pavia\/\" target=\"_blank\" rel=\"noopener\"><b>PAVIA<\/b>\u00a0\u2013 Arcigay Pavia \u201cComing-Aut \u2013 LGBTI+ Community Center\u201d<\/a><\/h3>\n<\/div>\n<\/div>\n<div class=\"elementor-element elementor-element-9117e69 elementor-widget elementor-widget-heading\" data-id=\"9117e69\" data-element_type=\"widget\" data-widget_type=\"heading.default\">\n<div class=\"elementor-widget-container\">\n<h3 class=\"elementor-heading-title elementor-size-default\"><a href=\"https:\/\/www.arcigay.it\/en\/potenza\/\" target=\"_blank\" rel=\"noopener\"><b>POWER<\/b>\u00a0\u2013 Arcigay Basilicata \u201cMarco Bisceglia\u201d<\/a><\/h3>\n<\/div>\n<\/div>\n<div class=\"elementor-element elementor-element-bc660e9 elementor-widget elementor-widget-heading\" data-id=\"bc660e9\" data-element_type=\"widget\" data-widget_type=\"heading.default\">\n<div class=\"elementor-widget-container\">\n<h3 class=\"elementor-heading-title elementor-size-default\"><a href=\"https:\/\/www.arcigay.it\/en\/ravenna\/\" target=\"_blank\" rel=\"noopener\"><b>RAVENNA<\/b>\u00a0\u2013 Arcigay Ravenna \u201cDan Arevalos\u201d<\/a><\/h3>\n<\/div>\n<\/div>\n<div class=\"elementor-element elementor-element-cef47a7 elementor-widget elementor-widget-heading\" data-id=\"cef47a7\" data-element_type=\"widget\" data-widget_type=\"heading.default\">\n<div class=\"elementor-widget-container\">\n<h3 class=\"elementor-heading-title elementor-size-default\"><a href=\"https:\/\/www.arcigay.it\/en\/reggio-emilia\/\" target=\"_blank\" rel=\"noopener\"><b>REGGIO EMILIA<\/b>\u00a0\u2013 Arcigay \u201cGioconda\u201d Reggio Emilia<\/a><\/h3>\n<\/div>\n<\/div>\n<div class=\"elementor-element elementor-element-dff16ea elementor-widget elementor-widget-heading\" data-id=\"dff16ea\" data-element_type=\"widget\" data-widget_type=\"heading.default\">\n<div class=\"elementor-widget-container\">\n<h3 class=\"elementor-heading-title elementor-size-default\"><a href=\"https:\/\/www.arcigay.it\/en\/rimini\/\" target=\"_blank\" rel=\"noopener\"><b>RIMINI<\/b>\u00a0\u2013 Arcigay Rimini \u201cAlan Turing\u201d<\/a><\/h3>\n<\/div>\n<\/div>\n<div class=\"elementor-element elementor-element-d35c10b elementor-widget elementor-widget-heading\" data-id=\"d35c10b\" data-element_type=\"widget\" data-widget_type=\"heading.default\">\n<div class=\"elementor-widget-container\">\n<h3 class=\"elementor-heading-title elementor-size-default\"><a href=\"https:\/\/www.arcigay.it\/en\/strambopoli\/\" target=\"_blank\" rel=\"noopener\"><b>TARANTO<\/b>\u00a0\u2013 \u201cStrambopoli\u201d \u2013 Arcigay Member Association<\/a><\/h3>\n<\/div>\n<\/div>\n<div class=\"elementor-element elementor-element-9df3614 elementor-widget elementor-widget-heading\" data-id=\"9df3614\" data-element_type=\"widget\" data-widget_type=\"heading.default\">\n<div class=\"elementor-widget-container\">\n<h3 class=\"elementor-heading-title elementor-size-default\"><a href=\"https:\/\/www.arcigay.it\/en\/trieste\/\" target=\"_blank\" rel=\"noopener\"><b>TRIESTE<\/b>\u00a0\u2013 Arcigay Arcobaleno Trieste Gorizia<\/a><\/h3>\n<\/div>\n<\/div>\n<div class=\"elementor-element elementor-element-d6e71dd elementor-widget elementor-widget-heading\" data-id=\"d6e71dd\" data-element_type=\"widget\" data-widget_type=\"heading.default\">\n<div class=\"elementor-widget-container\">\n<h3 class=\"elementor-heading-title elementor-size-default\"><a href=\"https:\/\/www.arcigay.it\/en\/udine\/\" target=\"_blank\" rel=\"noopener\"><b>UDINE<\/b>\u00a0\u2013 Arcigay Friuli \u201cNew Steps\u201d<\/a><\/h3>\n<\/div>\n<\/div>\n<div class=\"elementor-element elementor-element-72b5dbe elementor-widget elementor-widget-heading\" data-id=\"72b5dbe\" data-element_type=\"widget\" data-widget_type=\"heading.default\">\n<div class=\"elementor-widget-container\">\n<h3 class=\"elementor-heading-title elementor-size-default\"><a href=\"https:\/\/www.arcigay.it\/en\/varese\/\" target=\"_blank\" rel=\"noopener\"><b>VARESE<\/b>\u00a0\u2013 Arcigay Varese<\/a><\/h3>\n<p>&nbsp;<\/p>\n<\/div>\n<\/div>\n<\/div>\n<\/div>\n<\/div>\n<\/section>\n<h2>Discover below our guides and materials created by the Trans National Network<\/h2>\n<p>&nbsp;<\/p>","protected":false},"excerpt":{"rendered":"<p>La Rete Trans* Nazionale \u00e8 la comunit\u00e0 delle persone transgender, intersex e non binary che fanno attivismo in Arcigay. \u00c8 uno spazio di condivisione di molteplici vissuti identitari, luogo di [&hellip;]<\/p>\n","protected":false},"author":13,"featured_media":62569,"parent":44164,"menu_order":0,"comment_status":"closed","ping_status":"closed","template":"","meta":{"_acf_changed":false,"footnotes":""},"class_list":["post-62568","page","type-page","status-publish","has-post-thumbnail","hentry"],"acf":[],"_links":{"self":[{"href":"https:\/\/www.arcigay.it\/en\/wp-json\/wp\/v2\/pages\/62568","targetHints":{"allow":["GET"]}}],"collection":[{"href":"https:\/\/www.arcigay.it\/en\/wp-json\/wp\/v2\/pages"}],"about":[{"href":"https:\/\/www.arcigay.it\/en\/wp-json\/wp\/v2\/types\/page"}],"author":[{"embeddable":true,"href":"https:\/\/www.arcigay.it\/en\/wp-json\/wp\/v2\/users\/13"}],"replies":[{"embeddable":true,"href":"https:\/\/www.arcigay.it\/en\/wp-json\/wp\/v2\/comments?post=62568"}],"version-history":[{"count":19,"href":"https:\/\/www.arcigay.it\/en\/wp-json\/wp\/v2\/pages\/62568\/revisions"}],"predecessor-version":[{"id":81447,"href":"https:\/\/www.arcigay.it\/en\/wp-json\/wp\/v2\/pages\/62568\/revisions\/81447"}],"up":[{"embeddable":true,"href":"https:\/\/www.arcigay.it\/en\/wp-json\/wp\/v2\/pages\/44164"}],"wp:featuredmedia":[{"embeddable":true,"href":"https:\/\/www.arcigay.it\/en\/wp-json\/wp\/v2\/media\/62569"}],"wp:attachment":[{"href":"https:\/\/www.arcigay.it\/en\/wp-json\/wp\/v2\/media?parent=62568"}],"curies":[{"name":"wp","href":"https:\/\/api.w.org\/{rel}","templated":true}]}}