{"id":64988,"date":"2021-04-03T10:46:53","date_gmt":"2021-04-03T08:46:53","guid":{"rendered":"https:\/\/www.arcigay.it\/?page_id=64988"},"modified":"2026-01-24T14:38:49","modified_gmt":"2026-01-24T13:38:49","slug":"concorso-lavori-in-corso-di-visibilita","status":"publish","type":"page","link":"https:\/\/www.arcigay.it\/en\/concorso-lavori-in-corso-di-visibilita\/","title":{"rendered":"CONCORSO LAVORI IN CORSO DI #VISIBILIT\u00c0"},"content":{"rendered":"<p><strong>Arcigay indice un concorso a premio, dal titolo <em>Lavori in corso di #visibilit\u00e0,<\/em> per la realizzazione di una campagna di sensibilizzazione per la visibilit\u00e0 e il benessere delle persone <\/strong><strong>LGBTI+ nei contesti di lavoro\u00a0<\/strong><\/p>\n<p>In occasione del 1\u00b0Maggio Festa dei Lavoratori, Arcigay dedica, dal 2019, una campagna di sensibilizzazione ai lavoratori LGBTI+ per affermare l&#8217;importanza di poter agire liberamente la propria identit\u00e0 sessuale anche nei contesti di lavoro ed essere quindi visibil*come persone LGBTI+, contro ogni forma di discriminazione e violenza a carattere omofobico, bifobico e transfobico.<\/p>\n<p>Visibilit\u00e0 e benessere de*lavorator* LGBTI+ sono al centro delle politiche di Diversity Management che Arcigay promuove in tutto i contesti sociali, tra cui i contesti lavorativi pubblici e privati.<\/p>\n<p>Quest&#8217;anno abbiamo deciso di agire attraverso una nuova modalit\u00e0: indire in concorso a premio, permettendo a voi di realizzare una campagna di comunicazione, utilizzando i seguenti linguaggi espressivi<\/p>\n<p>FOTOGRAFIA<\/p>\n<p>GRAFICA<\/p>\n<p>ILLUSTRAZIONE<\/p>\n<p>VIDEO<\/p>\n<p>&nbsp;<\/p>\n<p><a href=\"https:\/\/www.arcigay.it\/wp-content\/uploads\/2021\/04\/Bando_Lavori_in_corso_di_visibilita_2021-1.pdf\">Qui il regolamento<\/a>\u00a0completo per partecipare al concorso e la\u00a0<a href=\"https:\/\/www.arcigay.it\/wp-content\/uploads\/2021\/04\/Scheda_Partecipazione_Lavori_in_corso_di_visibilita_2021.docx\">scheda di partecipazione<\/a>.<\/p>\n<p>&nbsp;<\/p>\n<p>Gli elaborati verranno valutati da una giuria tecnica. L\u2019elaborato con il punteggio pi\u00f9 alto verr\u00e0 pubblicato sul sito e su tutti i canali social di Arcigay e verr\u00e0 assunto da Arcigay come campagna ufficiale dedicata alla Festa dei Lavoratori. L\u2019autor* dell\u2019opera vincitrice ricever\u00e0 un premio di 500 euro in buono acquisto.<\/p>\n<p>&nbsp;<\/p>","protected":false},"excerpt":{"rendered":"<p>Arcigay indice un concorso a premio, dal titolo Lavori in corso di #visibilit\u00e0, per la realizzazione di una campagna di sensibilizzazione per la visibilit\u00e0 e il benessere delle persone LGBTI+ [&hellip;]<\/p>\n","protected":false},"author":13,"featured_media":65000,"parent":0,"menu_order":0,"comment_status":"closed","ping_status":"closed","template":"","meta":{"_acf_changed":false,"footnotes":""},"class_list":["post-64988","page","type-page","status-publish","has-post-thumbnail","hentry"],"acf":[],"_links":{"self":[{"href":"https:\/\/www.arcigay.it\/en\/wp-json\/wp\/v2\/pages\/64988","targetHints":{"allow":["GET"]}}],"collection":[{"href":"https:\/\/www.arcigay.it\/en\/wp-json\/wp\/v2\/pages"}],"about":[{"href":"https:\/\/www.arcigay.it\/en\/wp-json\/wp\/v2\/types\/page"}],"author":[{"embeddable":true,"href":"https:\/\/www.arcigay.it\/en\/wp-json\/wp\/v2\/users\/13"}],"replies":[{"embeddable":true,"href":"https:\/\/www.arcigay.it\/en\/wp-json\/wp\/v2\/comments?post=64988"}],"version-history":[{"count":5,"href":"https:\/\/www.arcigay.it\/en\/wp-json\/wp\/v2\/pages\/64988\/revisions"}],"predecessor-version":[{"id":81960,"href":"https:\/\/www.arcigay.it\/en\/wp-json\/wp\/v2\/pages\/64988\/revisions\/81960"}],"wp:featuredmedia":[{"embeddable":true,"href":"https:\/\/www.arcigay.it\/en\/wp-json\/wp\/v2\/media\/65000"}],"wp:attachment":[{"href":"https:\/\/www.arcigay.it\/en\/wp-json\/wp\/v2\/media?parent=64988"}],"curies":[{"name":"wp","href":"https:\/\/api.w.org\/{rel}","templated":true}]}}