{"id":66839,"date":"2021-11-18T22:44:40","date_gmt":"2021-11-18T21:44:40","guid":{"rendered":"https:\/\/www.arcigay.it\/?page_id=66839"},"modified":"2026-01-24T14:47:56","modified_gmt":"2026-01-24T13:47:56","slug":"tdor-2021","status":"publish","type":"page","link":"https:\/\/www.arcigay.it\/en\/tdor-2021\/","title":{"rendered":"TDOR 2021"},"content":{"rendered":"<p><strong>GENDER IDENTITY IS NOT A WHIM<\/strong><\/p>\n<p><strong>Arcigay Trans* Network for the <\/strong><strong>TdoR \u2013 Transgender Day of Remembrance 2021<\/strong><\/p>\n<p><strong>\u00a0<\/strong><\/p>\n<p>Gender identity is not a whim, it is not a fad.<\/p>\n<p>&nbsp;<\/p>\n<p>It is the stable perception of oneself and one&#039;s individuality as male, female, or beyond binary genders.<\/p>\n<p>&nbsp;<\/p>\n<p>Everyone has a gender identity. But only some are discriminated against, raped, and killed because of their gender identity.<\/p>\n<p>&nbsp;<\/p>\n<p>Arcigay&#039;s Trans* Network, through the voices of Andrea, Vincent, Lorenzo, Miriam, Luca, Isabela, and Lu, tells us what gender identity is.<\/p>\n<p>&nbsp;<\/p>\n<p>&nbsp;<\/p>\n<p><iframe loading=\"lazy\" title=\"Gender identity is not a whim\" width=\"750\" height=\"422\" src=\"https:\/\/www.youtube.com\/embed\/Hh8pMeqNVrs?feature=oembed\" frameborder=\"0\" allow=\"accelerometer; autoplay; clipboard-write; encrypted-media; gyroscope; picture-in-picture; web-share\" referrerpolicy=\"strict-origin-when-cross-origin\" allowfullscreen><\/iframe><\/p>\n<p>&nbsp;<\/p>","protected":false},"excerpt":{"rendered":"<p>L\u2019IDENTITA\u2019 DI GENERE NON E\u2019 UN CAPRICCIO Arcigay Rete Trans* per il TdoR &#8211; Transgender Day of Remembrance 2021 \u00a0 L\u2019identit\u00e0 di genere non \u00e8 un capriccio, non \u00e8 una [&hellip;]<\/p>\n","protected":false},"author":13,"featured_media":0,"parent":0,"menu_order":0,"comment_status":"closed","ping_status":"closed","template":"","meta":{"_acf_changed":false,"footnotes":""},"class_list":["post-66839","page","type-page","status-publish","hentry"],"acf":[],"_links":{"self":[{"href":"https:\/\/www.arcigay.it\/en\/wp-json\/wp\/v2\/pages\/66839","targetHints":{"allow":["GET"]}}],"collection":[{"href":"https:\/\/www.arcigay.it\/en\/wp-json\/wp\/v2\/pages"}],"about":[{"href":"https:\/\/www.arcigay.it\/en\/wp-json\/wp\/v2\/types\/page"}],"author":[{"embeddable":true,"href":"https:\/\/www.arcigay.it\/en\/wp-json\/wp\/v2\/users\/13"}],"replies":[{"embeddable":true,"href":"https:\/\/www.arcigay.it\/en\/wp-json\/wp\/v2\/comments?post=66839"}],"version-history":[{"count":4,"href":"https:\/\/www.arcigay.it\/en\/wp-json\/wp\/v2\/pages\/66839\/revisions"}],"predecessor-version":[{"id":82025,"href":"https:\/\/www.arcigay.it\/en\/wp-json\/wp\/v2\/pages\/66839\/revisions\/82025"}],"wp:attachment":[{"href":"https:\/\/www.arcigay.it\/en\/wp-json\/wp\/v2\/media?parent=66839"}],"curies":[{"name":"wp","href":"https:\/\/api.w.org\/{rel}","templated":true}]}}