{"id":67943,"date":"2022-04-26T10:00:02","date_gmt":"2022-04-26T08:00:02","guid":{"rendered":"https:\/\/www.arcigay.it\/?page_id=67943"},"modified":"2026-01-24T14:41:43","modified_gmt":"2026-01-24T13:41:43","slug":"lesbica-e-ok","status":"publish","type":"page","link":"https:\/\/www.arcigay.it\/en\/lesbica-e-ok\/","title":{"rendered":"Lesbian is OK"},"content":{"rendered":"<p>&nbsp;<\/p>\n<div>Lesbian existence has always been defined by negation, but lesbians are not &quot;failed males&quot; or &quot;women who haven&#039;t found the right man.&quot; They haven&#039;t given up on motherhood, and they&#039;re no less women for choosing not to be mothers. They aren&#039;t men&#039;s forbidden desire; their sexuality isn&#039;t pornography for their own use and consumption. Today, on International Lesbian Visibility Day, through the faces of many lesbians and their comrades in struggle, we want to tell you that being a lesbian is neither good nor bad, neither right nor wrong. Being a lesbian is simply OK! #LesbicaOk #LesbianVisibilityDay<br \/>\nIf you want to participate, share a photo of you making the OK gesture \ud83d\udc4c, tagging @Arcigay and @ArcigayReteDonneTransfemminis<wbr \/>ta<\/div>\n<div><img loading=\"lazy\" decoding=\"async\" class=\"wp-image-67945 size-medium aligncenter\" src=\"https:\/\/www.arcigay.it\/wp-content\/uploads\/2022\/04\/Lesbica-e-ok-600x600.jpg\" alt=\"\" width=\"600\" height=\"600\" srcset=\"https:\/\/www.arcigay.it\/wp-content\/uploads\/2022\/04\/Lesbica-e-ok-600x600.jpg 600w, https:\/\/www.arcigay.it\/wp-content\/uploads\/2022\/04\/Lesbica-e-ok-768x768.jpg 768w, https:\/\/www.arcigay.it\/wp-content\/uploads\/2022\/04\/Lesbica-e-ok-150x150.jpg 150w, https:\/\/www.arcigay.it\/wp-content\/uploads\/2022\/04\/Lesbica-e-ok-630x630.jpg 630w, https:\/\/www.arcigay.it\/wp-content\/uploads\/2022\/04\/Lesbica-e-ok-315x315.jpg 315w, https:\/\/www.arcigay.it\/wp-content\/uploads\/2022\/04\/Lesbica-e-ok.jpg 1081w\" sizes=\"auto, (max-width: 600px) 100vw, 600px\" \/><\/div>\n<p>&nbsp;<\/p>","protected":false},"excerpt":{"rendered":"<p>&nbsp; L&#8217;esistenza delle lesbiche \u00e8 sempre stata definita per negazione, ma le lesbiche non sono &#8220;maschi mancati&#8221;, n\u00e9 &#8220;donne che non hanno trovato l&#8217;uomo giusto&#8221;. Non hanno rinunciato alla maternit\u00e0 [&hellip;]<\/p>\n","protected":false},"author":13,"featured_media":67944,"parent":0,"menu_order":0,"comment_status":"closed","ping_status":"closed","template":"","meta":{"_acf_changed":false,"footnotes":""},"class_list":["post-67943","page","type-page","status-publish","has-post-thumbnail","hentry"],"acf":[],"_links":{"self":[{"href":"https:\/\/www.arcigay.it\/en\/wp-json\/wp\/v2\/pages\/67943","targetHints":{"allow":["GET"]}}],"collection":[{"href":"https:\/\/www.arcigay.it\/en\/wp-json\/wp\/v2\/pages"}],"about":[{"href":"https:\/\/www.arcigay.it\/en\/wp-json\/wp\/v2\/types\/page"}],"author":[{"embeddable":true,"href":"https:\/\/www.arcigay.it\/en\/wp-json\/wp\/v2\/users\/13"}],"replies":[{"embeddable":true,"href":"https:\/\/www.arcigay.it\/en\/wp-json\/wp\/v2\/comments?post=67943"}],"version-history":[{"count":5,"href":"https:\/\/www.arcigay.it\/en\/wp-json\/wp\/v2\/pages\/67943\/revisions"}],"predecessor-version":[{"id":81978,"href":"https:\/\/www.arcigay.it\/en\/wp-json\/wp\/v2\/pages\/67943\/revisions\/81978"}],"wp:featuredmedia":[{"embeddable":true,"href":"https:\/\/www.arcigay.it\/en\/wp-json\/wp\/v2\/media\/67944"}],"wp:attachment":[{"href":"https:\/\/www.arcigay.it\/en\/wp-json\/wp\/v2\/media?parent=67943"}],"curies":[{"name":"wp","href":"https:\/\/api.w.org\/{rel}","templated":true}]}}