{"id":74610,"date":"2023-12-01T18:38:22","date_gmt":"2023-12-01T17:38:22","guid":{"rendered":"https:\/\/www.arcigay.it\/?page_id=74610"},"modified":"2026-01-24T14:43:50","modified_gmt":"2026-01-24T13:43:50","slug":"prep-la-misura-della-tranquillita","status":"publish","type":"page","link":"https:\/\/www.arcigay.it\/en\/prep-la-misura-della-tranquillita\/","title":{"rendered":"PrEP \u2013 The measure of peace of mind"},"content":{"rendered":"<p><span style=\"font-weight: 400;\">To experience your sexuality with greater serenity, you don&#039;t need much. <\/span><span style=\"font-weight: 400;\"><br \/>\n<\/span><span style=\"font-weight: 400;\"><br \/>\n<\/span><span style=\"font-weight: 400;\">PrEP, Pre-Exposure Prophylaxis, is a free drug that protects against HIV and is recommended by all national and international guidelines.\u00a0<\/span><\/p>\n<p><iframe loading=\"lazy\" title=\"To live your sexuality with greater serenity, you don&#039;t need much\" width=\"750\" height=\"422\" src=\"https:\/\/www.youtube.com\/embed\/MISo-Zvgxzg?feature=oembed\" frameborder=\"0\" allow=\"accelerometer; autoplay; clipboard-write; encrypted-media; gyroscope; picture-in-picture; web-share\" referrerpolicy=\"strict-origin-when-cross-origin\" allowfullscreen><\/iframe><\/p>\n<p>&nbsp;<\/p>\n<p><span style=\"font-weight: 400;\">Contact the PrEP center closest to you for information on the implementation of the service and find out about<\/span> <a href=\"https:\/\/lamisuradella.it\" target=\"_blank\" rel=\"noopener\"><b>lamisuradella.it<\/b><\/a><\/p>\n<p>&nbsp;<\/p>\n<p><b>#LaMeasureOfTranquility #LaMeasureOfTranquility\u00a0<\/b><\/p>\n<p><span style=\"font-weight: 400;\">Campaign promoted by<\/span><b><a href=\"https:\/\/www.anlaidsonlus.it\/faq\/cosa-e-la-profilassi-pre-esposizione-prep-quando-e-indicata\" target=\"_blank\" rel=\"noopener\"> ANLAIDS ONLUS<\/a> \u2013 <a href=\"https:\/\/www.arcigay.it\/en\/prep-la-misura-della-tranquillita\/\" target=\"_blank\" rel=\"noopener\">ARCIGAY<\/a> \u2013 <a href=\"https:\/\/www.arcobalenoaids.it\/prep-info.html\" target=\"_blank\" rel=\"noopener\">RAINBOW AIDS ODV<\/a><\/b><b> \u2013 <\/b><b><a href=\"https:\/\/www.asamilano30.org\/?p=33760\" target=\"_blank\" rel=\"noopener\">ASA MILAN<\/a> \u2013 <a href=\"https:\/\/www.cicanazionale.it\" target=\"_blank\" rel=\"noopener\">CICA<\/a> <a href=\"https:\/\/www.cnca.it\" target=\"_blank\" rel=\"noopener\">CNCA<\/a> \u2013<\/b><b>\u00a0<\/b><b><a href=\"https:\/\/www.mariomieli.net\/prep-gratuita-in-italia\/\" target=\"_blank\" rel=\"noopener\">CCO MARIO MIELI<\/a> \u2013 <a href=\"https:\/\/www.lucciole.org\" target=\"_blank\" rel=\"noopener\">CDCP ONLUS<\/a> \u2013 <a href=\"https:\/\/cri.it\" target=\"_blank\" rel=\"noopener\">ITALIAN RED CROSS<\/a><\/b><b> \u2013 <a href=\"https:\/\/www.gruppoabele.org\" target=\"_blank\" rel=\"noopener\">ABELE GROUP ONLUS<\/a> \u2013 <\/b><b><a href=\"https:\/\/www.lila.it\/it\/infoaids\/1125-prep\" target=\"_blank\" rel=\"noopener\">LILA ONLUS<\/a> \u2013 <a href=\"https:\/\/milanocheckpoint.it\/it\/#prenotazioni\" target=\"_blank\" rel=\"noopener\">MILAN CHECKPOINT<\/a> \u2013 <a href=\"https:\/\/mit-italia.it\" target=\"_blank\" rel=\"noopener\">MIT<\/a> \u00a0\u2013 <\/b><b><a href=\"https:\/\/www.nadironlus.org\/?s=prep\" target=\"_blank\" rel=\"noopener\">NADIR ONLUS<\/a> \u2013 <a href=\"https:\/\/www.npsitalia.net\/tag\/prep\/\" target=\"_blank\" rel=\"noopener\">NPS ITALY<\/a> \u2013 <a href=\"https:\/\/www.plus-aps.it\/2023\/04\/22\/prep-gratis\/\" target=\"_blank\" rel=\"noopener\">PLUS<\/a>\u00a0<\/b><\/p>\n<p>&nbsp;<\/p>\n<p><span style=\"font-weight: 400;\">With the collaboration of<\/span><b><a href=\"https:\/\/www.arco.lgbt\/salute-arco\/\" target=\"_blank\" rel=\"noopener\"> ARCH<\/a> \u2013<\/b><b><a href=\"https:\/\/esserebambino.it\" target=\"_blank\" rel=\"noopener\"> BEING A CHILD<\/a> \u2013<\/b><a href=\"https:\/\/villamaraini.it\/attivita\/unita-hiv\/\" target=\"_blank\" rel=\"noopener\"><b> VILLA MARAINI<\/b><\/a><b> \u2013 <a href=\"https:\/\/www.movimentomosessualesardo.org\" target=\"_blank\" rel=\"noopener\">MOS<\/a><\/b><b>\u00a0And <a href=\"https:\/\/www.inmi.it\">IRCCS Spallanzani<\/a><\/b><\/p>\n<p>&nbsp;<\/p>","protected":false},"excerpt":{"rendered":"<p>Per vivere la propria sessualit\u00e0 con maggiore serenit\u00e0 ti basta poco. La PrEP, Profilassi Pre-Esposizione, \u00e8 un farmaco gratuito che protegge dall\u2019HIV e raccomandato da tutte le Linee Guida, nazionali [&hellip;]<\/p>\n","protected":false},"author":13,"featured_media":74611,"parent":0,"menu_order":0,"comment_status":"closed","ping_status":"closed","template":"","meta":{"_acf_changed":false,"footnotes":""},"class_list":["post-74610","page","type-page","status-publish","has-post-thumbnail","hentry"],"acf":[],"_links":{"self":[{"href":"https:\/\/www.arcigay.it\/en\/wp-json\/wp\/v2\/pages\/74610","targetHints":{"allow":["GET"]}}],"collection":[{"href":"https:\/\/www.arcigay.it\/en\/wp-json\/wp\/v2\/pages"}],"about":[{"href":"https:\/\/www.arcigay.it\/en\/wp-json\/wp\/v2\/types\/page"}],"author":[{"embeddable":true,"href":"https:\/\/www.arcigay.it\/en\/wp-json\/wp\/v2\/users\/13"}],"replies":[{"embeddable":true,"href":"https:\/\/www.arcigay.it\/en\/wp-json\/wp\/v2\/comments?post=74610"}],"version-history":[{"count":6,"href":"https:\/\/www.arcigay.it\/en\/wp-json\/wp\/v2\/pages\/74610\/revisions"}],"predecessor-version":[{"id":81995,"href":"https:\/\/www.arcigay.it\/en\/wp-json\/wp\/v2\/pages\/74610\/revisions\/81995"}],"wp:featuredmedia":[{"embeddable":true,"href":"https:\/\/www.arcigay.it\/en\/wp-json\/wp\/v2\/media\/74611"}],"wp:attachment":[{"href":"https:\/\/www.arcigay.it\/en\/wp-json\/wp\/v2\/media?parent=74610"}],"curies":[{"name":"wp","href":"https:\/\/api.w.org\/{rel}","templated":true}]}}