{"id":75463,"date":"2024-05-22T09:00:31","date_gmt":"2024-05-22T07:00:31","guid":{"rendered":"https:\/\/www.arcigay.it\/?page_id=75463"},"modified":"2026-04-28T11:16:14","modified_gmt":"2026-04-28T09:16:14","slug":"sportello-coming-out","status":"publish","type":"page","link":"https:\/\/www.arcigay.it\/en\/sportello-coming-out\/","title":{"rendered":"Coming Out Desk #beyou"},"content":{"rendered":"<p><img loading=\"lazy\" decoding=\"async\" class=\"aligncenter wp-image-78929 size-full\" style=\"border: none!important;\" src=\"https:\/\/www.arcigay.it\/wp-content\/uploads\/2025\/05\/SPComingout_25_banner.png\" alt=\"\" width=\"1280\" height=\"720\" srcset=\"https:\/\/www.arcigay.it\/wp-content\/uploads\/2025\/05\/SPComingout_25_banner.png 1280w, https:\/\/www.arcigay.it\/wp-content\/uploads\/2025\/05\/SPComingout_25_banner-600x338.png 600w, https:\/\/www.arcigay.it\/wp-content\/uploads\/2025\/05\/SPComingout_25_banner-1200x675.png 1200w, https:\/\/www.arcigay.it\/wp-content\/uploads\/2025\/05\/SPComingout_25_banner-150x84.png 150w, https:\/\/www.arcigay.it\/wp-content\/uploads\/2025\/05\/SPComingout_25_banner-768x432.png 768w, https:\/\/www.arcigay.it\/wp-content\/uploads\/2025\/05\/SPComingout_25_banner-1120x630.png 1120w, https:\/\/www.arcigay.it\/wp-content\/uploads\/2025\/05\/SPComingout_25_banner-560x315.png 560w\" sizes=\"auto, (max-width: 1280px) 100vw, 1280px\" \/><\/p>\n<p>Il legame tra Arcigay e NIVEA Creme si rinnova anche per il 2026, mettendo al centro il valore dell\u2019orgoglio e della trasparenza.<br \/>\nVivere apertamente il proprio orientamento sessuale o la propria identit\u00e0 di genere \u2014 in famiglia, con gli amici, a scuola o sul lavoro \u2014 \u00e8 un atto di profonda libert\u00e0. Sebbene richieda ancora oggi una dose di coraggio, \u00e8 proprio questa scelta di autenticit\u00e0 a innescare un cambiamento reale, sia per l\u2019individuo che per l\u2019intera societ\u00e0.<\/p>\n<p>Il &#8220;Coming Out&#8221; non deve essere inteso come un momento isolato o una fase critica da superare una volta per tutte, ma come un processo continuo di affermazione di s\u00e9 che evolve insieme alla persona. \u00c8 un cammino verso l&#8217;autenticit\u00e0 che porta con s\u00e9 grande libert\u00e0, ma che pu\u00f2 anche essere accompagnato da dubbi e naturali fragilit\u00e0.<\/p>\n<p>Proprio per questo, la sinergia tra Arcigay e NIVEA Creme conferma nuovamente l&#8217;attivazione di #beyou, lo sportello gratuito di supporto psicologico, uno spazio sicuro dove ricevere ascolto e confronto. Il servizio non si rivolge solo alle persone LGBTQIA+, ma si apre con calore anche a familiari e amici che desiderano sostenere i propri cari in questo importante viaggio di scoperta.<\/p>\n<p>Il messaggio scelto per questa edizione, &#8220;Coming Out Together&#8221;, rafforza l\u2019idea che nessuno debba sentirsi solo: \u00e8 l&#8217;essenza stessa della Community che NIVEA Creme e Arcigay si impegnano a promuovere ogni giorno con determinazione, affinch\u00e9 l&#8217;orgoglio diventi un valore condiviso da tutti.<\/p>\n<p>Disclaimer: Lo sportello #beyou \u00e8 stato creato grazie ad una donazione di NIVEA Creme ad Arcigay, la quale non \u00e8 in alcun modo correlata al volume di acquisti del prodotto da parte dei consumatori finali. Grazie alla donazione \u00e8 stato possibile attivare presso Arcigay uno sportello online operativo 25 ore alla settimana, con a disposizione 5 psicologi che sar\u00e0 attivo e a tuo supporto indicativamente dall&#8217; 11\/05\/2026 al 30\/11\/2026.<\/p>\n<blockquote><p>Through this page you can book an appointment with a professional to address the personal, relational, and psychological difficulties of coming out.<\/p><\/blockquote>\n<div id=\"google-appointments-container\"><!-- Google Calendar Appointment Scheduling begin --><iframe loading=\"lazy\" style=\"border: 0;\" src=\"https:\/\/calendar.google.com\/calendar\/appointments\/schedules\/AcZssZ3PEd-b-2qYOq-W6dRQ-f-1-_-Zf_IlO-CDjogRhQ9UhT3WDkKeY2EpMwyIkRPXr5mBjKTkjGz2?gv=true\" width=\"100%\" height=\"600\" frameborder=\"0\"><\/iframe><br \/>\n<!-- end Google Calendar Appointment Scheduling --><\/div>\n<p>&nbsp;<\/p>","protected":false},"excerpt":{"rendered":"<p>Il legame tra Arcigay e NIVEA Creme si rinnova anche per il 2026, mettendo al centro il valore dell\u2019orgoglio e della trasparenza. Vivere apertamente il proprio orientamento sessuale o la [&hellip;]<\/p>\n","protected":false},"author":13,"featured_media":0,"parent":0,"menu_order":0,"comment_status":"closed","ping_status":"closed","template":"","meta":{"_acf_changed":false,"footnotes":""},"class_list":["post-75463","page","type-page","status-publish","hentry"],"acf":[],"_links":{"self":[{"href":"https:\/\/www.arcigay.it\/en\/wp-json\/wp\/v2\/pages\/75463","targetHints":{"allow":["GET"]}}],"collection":[{"href":"https:\/\/www.arcigay.it\/en\/wp-json\/wp\/v2\/pages"}],"about":[{"href":"https:\/\/www.arcigay.it\/en\/wp-json\/wp\/v2\/types\/page"}],"author":[{"embeddable":true,"href":"https:\/\/www.arcigay.it\/en\/wp-json\/wp\/v2\/users\/13"}],"replies":[{"embeddable":true,"href":"https:\/\/www.arcigay.it\/en\/wp-json\/wp\/v2\/comments?post=75463"}],"version-history":[{"count":18,"href":"https:\/\/www.arcigay.it\/en\/wp-json\/wp\/v2\/pages\/75463\/revisions"}],"predecessor-version":[{"id":85960,"href":"https:\/\/www.arcigay.it\/en\/wp-json\/wp\/v2\/pages\/75463\/revisions\/85960"}],"wp:attachment":[{"href":"https:\/\/www.arcigay.it\/en\/wp-json\/wp\/v2\/media?parent=75463"}],"curies":[{"name":"wp","href":"https:\/\/api.w.org\/{rel}","templated":true}]}}