{"id":76284,"date":"2024-05-29T14:30:01","date_gmt":"2024-05-29T12:30:01","guid":{"rendered":"https:\/\/www.arcigay.it\/?page_id=76284"},"modified":"2024-06-03T17:45:03","modified_gmt":"2024-06-03T15:45:03","slug":"iovoto24-sostieni","status":"publish","type":"page","link":"https:\/\/www.arcigay.it\/en\/iovoto24-sostieni\/","title":{"rendered":"IoVoto24 Sostieni"},"content":{"rendered":"<div id=\"sp-page\" class=\"spBgcover sp-content-4\" style=\"background-color: rgb(29, 161, 242); font-family: Roboto, sans-serif; font-weight: 400;\">\n<section id=\"sp-ks8a8s\" data-mobile-visibility=\"#sp-ks8a8s|false\" data-tablet-visibility=\"#sp-ks8a8s|false\" data-desktop-visibility=\"#sp-ks8a8s|false\" data-mobile-css=\"\" data-tablet-css=\"\" class=\"sp-el-section\" style=\"background-color: rgb(255, 255, 255); width: 650px; max-width: 100%; padding: 0px;\">\n<div id=\"sp-htode9\" data-mobile-visibility=\"#sp-htode9|false\" data-tablet-visibility=\"#sp-htode9|false\" data-desktop-visibility=\"#sp-htode9|false\" data-mobile-css=\"\" data-tablet-css=\"\" class=\"sp-el-row sm:sp-flex sp-w-full  sp-m-auto sp-justify-between\" style=\"padding: 0px; width: auto; max-width: 1000px;\">\n<div id=\"sp-qv2oyr\" data-mobile-visibility=\"#sp-qv2oyr|false\" data-tablet-visibility=\"#sp-qv2oyr|false\" data-desktop-visibility=\"#sp-qv2oyr|false\" data-mobile-css=\"\" data-tablet-css=\"\" class=\"sp-el-col  sp-w-full\" style=\"width: calc(100% + 0px); padding: 0px;\">\n<style type=\"text\/css\">\n      #sp-qv2oyr .sp-col-top .seedprod-shape-fill {fill: undefined;} #sp-qv2oyr .sp-col-top svg {width: undefined%;height: undefinedpx;transform: translateX(-50%);} #sp-qv2oyr .sp-col-bottom .seedprod-shape-fill {fill: undefined;} #sp-qv2oyr .sp-col-bottom svg {width: undefined%;height: undefinedpx;transform: translateX(-50%);}\n    <\/style>\n<div class=\"sp-col-shape sp-col-top\" style=\"z-index: 0;\">\n<div><\/div>\n<\/div>\n<div class=\"sp-col-shape sp-col-bottom\" style=\"z-index: 0;\">\n<div><\/div>\n<\/div>\n<div id=\"sp-g4kh6v\" data-mobile-css=\"#sp-g4kh6v|height:40px;\" data-tablet-css=\"#sp-g4kh6v|height:10px;\" class=\"sp-spacer\" style=\"height: 22px;\"><\/div>\n<p><span href=\"\" target=\"\" rel=\"\" class=\"sp-header-block-link\" style=\"text-decoration: none;\"><\/p>\n<h1 id=\"sp-tj7x44\" data-mobile-css=\".sp-headline-block-tj7x44, #sp-tj7x44, #tj7x44|text-align:center;\" data-tablet-css=\".sp-headline-block-tj7x44, #sp-tj7x44, #tj7x44|text-align:center;\" data-mobile-visibility=\".sp-headline-block-tj7x44|false\" data-tablet-visibility=\".sp-headline-block-tj7x44|false\" data-desktop-visibility=\".sp-headline-block-tj7x44|false\" class=\"sp-css-target sp-el-block sp-headline-block-tj7x44 sp-type-header\" style=\"font-size: 54px; text-align: center; margin: 0px;\">#IoVoto24<\/h1>\n<p><\/span><\/div>\n<\/div>\n<div id=\"sp-tnvfqf\" data-mobile-visibility=\"#sp-tnvfqf|false\" data-tablet-visibility=\"#sp-tnvfqf|false\" data-desktop-visibility=\"#sp-tnvfqf|false\" data-mobile-css=\"\" data-tablet-css=\"\" class=\"sp-el-row sm:sp-flex sp-w-full  sp-m-auto sp-justify-between\" style=\"padding: 0px; width: auto; max-width: 1000px;\">\n<div id=\"sp-mbpl1j\" data-mobile-visibility=\"#sp-mbpl1j|false\" data-tablet-visibility=\"#sp-mbpl1j|false\" data-desktop-visibility=\"#sp-mbpl1j|false\" data-mobile-css=\"\" data-tablet-css=\"\" class=\"sp-el-col  sp-w-full\" style=\"width: calc(100% + 0px); padding: 0px;\">\n<style type=\"text\/css\">\n      #sp-mbpl1j .sp-col-top .seedprod-shape-fill {fill: undefined;} #sp-mbpl1j .sp-col-top svg {width: undefined%;height: undefinedpx;transform: translateX(-50%);} #sp-mbpl1j .sp-col-bottom .seedprod-shape-fill {fill: undefined;} #sp-mbpl1j .sp-col-bottom svg {width: undefined%;height: undefinedpx;transform: translateX(-50%);}\n    <\/style>\n<div class=\"sp-col-shape sp-col-top\" style=\"z-index: 0;\">\n<div><\/div>\n<\/div>\n<div class=\"sp-col-shape sp-col-bottom\" style=\"z-index: 0;\">\n<div><\/div>\n<\/div>\n<p><span href=\"\" target=\"\" rel=\"\" class=\"sp-header-block-link\" style=\"text-decoration: none;\"><\/p>\n<h2 id=\"sp-b0e702\" data-mobile-css=\".sp-headline-block-b0e702, #sp-b0e702, #b0e702|text-align:center;\" data-tablet-css=\".sp-headline-block-b0e702, #sp-b0e702, #b0e702|text-align:center;\" data-mobile-visibility=\".sp-headline-block-b0e702|false\" data-tablet-visibility=\".sp-headline-block-b0e702|false\" data-desktop-visibility=\".sp-headline-block-b0e702|false\" class=\"sp-css-target sp-el-block sp-headline-block-b0e702 sp-type-header\" style=\"font-size: 18px; text-align: center; margin: 0px;\">SOSTIENI LA TUA COMUNIT\u00c0<\/h2>\n<p><\/span><\/p>\n<div id=\"sp-xdtpp9\" data-mobile-css=\"#sp-xdtpp9|height:40px;\" data-tablet-css=\"#sp-xdtpp9|height:10px;\" class=\"sp-spacer\" style=\"height: 22px;\"><\/div>\n<figure id=\"sp-h4metq\" data-mobile-css=\"#sp-h4metq|text-align:center;\" data-tablet-css=\"#sp-h4metq|text-align:center;\" class=\"sp-image-wrapper sp-el-block\" style=\"margin: 0px; padding: 0px; text-align: center;\">\n<div><span><img loading=\"lazy\" decoding=\"async\" src=\"https:\/\/www.arcigay.it\/wp-content\/uploads\/2024\/05\/banner-1.png\" alt=\"\" width=\"1640\" height=\"924\" data-mobile-visibility=\".sp-image-block-h4metq|false\" data-tablet-visibility=\".sp-image-block-h4metq|false\" data-desktop-visibility=\".sp-image-block-h4metq|false\" srcset=\" https:\/\/www.arcigay.it\/wp-content\/uploads\/2024\/05\/banner-1-150x85.png 150w, https:\/\/www.arcigay.it\/wp-content\/uploads\/2024\/05\/banner-1-600x338.png 600w, https:\/\/www.arcigay.it\/wp-content\/uploads\/2024\/05\/banner-1-1200x676.png 750w, https:\/\/www.arcigay.it\/wp-content\/uploads\/2024\/05\/banner-1.png 1640w\" class=\"sp-image-block-h4metq\" style=\"width: 1640px;\"><\/span><\/div>\n<\/figure>\n<\/div>\n<\/div>\n<div id=\"sp-vw3kvy\" data-mobile-visibility=\"#sp-vw3kvy|false\" data-tablet-visibility=\"#sp-vw3kvy|false\" data-desktop-visibility=\"#sp-vw3kvy|false\" data-mobile-css=\"\" data-tablet-css=\"\" class=\"sp-el-row sm:sp-flex sp-w-full  sp-m-auto sp-justify-between\" style=\"padding: 10px 40px; width: auto; max-width: 1000px;\">\n<div id=\"sp-w2woik\" data-mobile-visibility=\"#sp-w2woik|false\" data-tablet-visibility=\"#sp-w2woik|false\" data-desktop-visibility=\"#sp-w2woik|false\" data-mobile-css=\"\" data-tablet-css=\"\" class=\"sp-el-col  sp-w-full\" style=\"width: calc(100% + 0px);\">\n<style type=\"text\/css\">\n      #sp-w2woik .sp-col-top .seedprod-shape-fill {fill: undefined;} #sp-w2woik .sp-col-top svg {width: undefined%;height: undefinedpx;transform: translateX(-50%);} #sp-w2woik .sp-col-bottom .seedprod-shape-fill {fill: undefined;} #sp-w2woik .sp-col-bottom svg {width: undefined%;height: undefinedpx;transform: translateX(-50%);}\n    <\/style>\n<div class=\"sp-col-shape sp-col-top\" style=\"z-index: 0;\">\n<div><\/div>\n<\/div>\n<div class=\"sp-col-shape sp-col-bottom\" style=\"z-index: 0;\">\n<div><\/div>\n<\/div>\n<div id=\"of9ui9\" data-mobile-css=\".sp-text-wrapper-of9ui9, #sp-of9ui9, #of9ui9|text-align:left;\" data-tablet-css=\".sp-text-wrapper-of9ui9, #sp-of9ui9, #of9ui9|text-align:left;\" data-mobile-visibility=\".sp-text-wrapper-of9ui9|false\" data-tablet-visibility=\".sp-text-wrapper-of9ui9|false\" data-desktop-visibility=\".sp-text-wrapper-of9ui9|false\" class=\"sp-css-target sp-text-wrapper sp-el-block sp-text-wrapper-of9ui9 mce-content-body html4-captions\"   style=\"margin: 0px; text-align: left; position: relative;\">\n<p><span style=\"font-weight: 400;\" data-mce-style=\"font-weight: 400;\">A volte esercitare il proprio diritto di voto pu\u00f2 essere <strong>complicato<\/strong>, al punto da farti desistere. Pu\u00f2 succedere ad esempio<strong> alle persone anziane, sole, che faticano a camminare<\/strong> e che magari non hanno attivato i servizi di accompagnamento che i comuni offrono in corrispondenza del voto.<\/span><\/p>\n<p><span style=\"font-weight: 400;\" data-mce-style=\"font-weight: 400;\">&nbsp;<\/span><\/p>\n<p><span style=\"font-weight: 400;\" data-mce-style=\"font-weight: 400;\">Possiamo aiutare queste persone, accompagnarle al seggio o attivare per loro servizi che le aiutino a vincere ogni resistenza.<\/span><\/p>\n<p><span style=\"font-weight: 400;\" data-mce-style=\"font-weight: 400;\">&nbsp;<\/span><\/p>\n<p><span style=\"font-weight: 400;\" data-mce-style=\"font-weight: 400;\"><strong>Il seggio \u00e8 inoltre in italia un luogo che non accoglie le persone trans* e non binarie<\/strong>: l\u2019organizzazione degli elenchi elettorali per \u201cmaschi\u201d e \u201cfemmine\u201d discrimina queste persone, perch\u00e9 impone loro di adeguarsi al binarismo sessuale.<\/span><\/p>\n<p><\/p>\n<p><span style=\"font-weight: 400;\" data-mce-style=\"font-weight: 400;\">Possiamo sostenerle <strong>seguendo le indicazioni della rete trans* nazionale di Arcigay<\/strong> ma anche semplicemente andando a votare in compagnia.<\/span><\/p>\n<p><br style=\"font-weight: 400;\" data-mce-style=\"font-weight: 400;\"><\/p>\n<\/div>\n<div id=\"sp-orcv30\" data-mobile-css=\"#sp-orcv30|height:40px;\" data-tablet-css=\"#sp-orcv30|height:10px;\" class=\"sp-spacer\" style=\"height: 5px;\"><\/div>\n<div id=\"sp-button-parent-kx60tb\" data-mobile-css=\"#sp-button-parent-kx60tb|text-align:center;\" data-tablet-css=\"#sp-button-parent-kx60tb|text-align:center;\" class=\"sp-button-wrapper sp-el-block\" style=\"margin: 0px; text-align: center;\"><a href=\"https:\/\/cause.lundadonate.org\/arcigay\/raccoltafondiarcigay\" id=\"sp-kx60tb\" data-mobile-css=\"\" data-tablet-css=\"\" data-mobile-visibility=\".sp-button-kx60tb|true\" data-tablet-visibility=\".sp-button-kx60tb|true\" data-desktop-visibility=\".sp-button-kx60tb|true\" target=\"_blank\" rel=\"noopener\" class=\"sp-button sp-css-target sp-text-center sp-inline-block sp-leading-none sp-button-kx60tb\" style=\"font-size: 18px; background: none; color: rgb(29, 161, 242); width: auto; padding: 12px 16px; border-radius: 4px; border: 1px solid rgb(29, 161, 242);\"><i class=\"sp-mr-2 fas fa-donate\"><\/i><span>DONA ORA<\/span><\/a><\/div>\n<div id=\"sp-button-parent-h4oatc\" data-mobile-css=\"#sp-button-parent-h4oatc|text-align:center;\" data-tablet-css=\"#sp-button-parent-h4oatc|text-align:center;\" class=\"sp-button-wrapper sp-el-block\" style=\"margin: 0px; text-align: center;\"><a href=\"https:\/\/qr.arcigay.it\/wacm\" id=\"sp-h4oatc\" data-mobile-css=\"\" data-tablet-css=\"\" data-mobile-visibility=\".sp-button-h4oatc|false\" data-tablet-visibility=\".sp-button-h4oatc|false\" data-desktop-visibility=\".sp-button-h4oatc|false\" target=\"_blank\" rel=\"noopener\" class=\"sp-button sp-css-target sp-text-center sp-inline-block sp-leading-none sp-button-h4oatc\" style=\"font-size: 18px; background: none; color: rgb(67, 160, 71); width: auto; padding: 12px 16px; border-radius: 4px; border: 1px solid rgb(67, 160, 71);\"><i class=\"sp-mr-2 fab fa-whatsapp\"><\/i><span>Condividi su Whatsapp<\/span><\/a><\/div>\n<div id=\"sp-button-parent-kd463m\" data-mobile-css=\"#sp-button-parent-kd463m|text-align:center;\" data-tablet-css=\"#sp-button-parent-kd463m|text-align:center;\" class=\"sp-button-wrapper sp-el-block\" style=\"margin: 0px; text-align: center;\"><a href=\"https:\/\/www.arcigay.it\/en\/iovoto24-toolkit\/\" id=\"sp-kd463m\" data-mobile-css=\"\" data-tablet-css=\"\" data-mobile-visibility=\".sp-button-kd463m|false\" data-tablet-visibility=\".sp-button-kd463m|false\" data-desktop-visibility=\".sp-button-kd463m|false\" target=\"\" rel=\"noopener\" class=\"sp-button sp-css-target sp-text-center sp-inline-block sp-leading-none sp-button-kd463m\" style=\"font-size: 18px; background: none; color: rgb(0, 0, 0); width: auto; padding: 12px 16px; border-radius: 4px; border: 1px solid rgb(0, 0, 0);\"><i class=\"sp-mr-2 fas fa-arrow-alt-circle-left\"><\/i><span>BACKWARDS<\/span><\/a><\/div>\n<div id=\"sp-puybg3\" data-mobile-css=\"#sp-puybg3|height:40px;\" data-tablet-css=\"#sp-puybg3|height:10px;\" class=\"sp-spacer\" style=\"height: 29px;\"><\/div>\n<\/div>\n<\/div>\n<\/section>\n<\/div>","protected":false},"excerpt":{"rendered":"<p>#IoVoto24 SOSTIENI LA TUA COMUNIT\u00c0 A volte esercitare il proprio diritto di voto pu\u00f2 essere complicato, al punto da farti desistere. Pu\u00f2 succedere ad esempio alle persone anziane, sole, che [&hellip;]<\/p>\n","protected":false},"author":13,"featured_media":0,"parent":0,"menu_order":0,"comment_status":"closed","ping_status":"closed","template":"","meta":{"_acf_changed":false,"footnotes":""},"class_list":["post-76284","page","type-page","status-publish","hentry"],"acf":[],"_links":{"self":[{"href":"https:\/\/www.arcigay.it\/en\/wp-json\/wp\/v2\/pages\/76284","targetHints":{"allow":["GET"]}}],"collection":[{"href":"https:\/\/www.arcigay.it\/en\/wp-json\/wp\/v2\/pages"}],"about":[{"href":"https:\/\/www.arcigay.it\/en\/wp-json\/wp\/v2\/types\/page"}],"author":[{"embeddable":true,"href":"https:\/\/www.arcigay.it\/en\/wp-json\/wp\/v2\/users\/13"}],"replies":[{"embeddable":true,"href":"https:\/\/www.arcigay.it\/en\/wp-json\/wp\/v2\/comments?post=76284"}],"version-history":[{"count":13,"href":"https:\/\/www.arcigay.it\/en\/wp-json\/wp\/v2\/pages\/76284\/revisions"}],"predecessor-version":[{"id":76400,"href":"https:\/\/www.arcigay.it\/en\/wp-json\/wp\/v2\/pages\/76284\/revisions\/76400"}],"wp:attachment":[{"href":"https:\/\/www.arcigay.it\/en\/wp-json\/wp\/v2\/media?parent=76284"}],"curies":[{"name":"wp","href":"https:\/\/api.w.org\/{rel}","templated":true}]}}