{"id":80397,"date":"2025-09-23T10:39:01","date_gmt":"2025-09-23T08:39:01","guid":{"rendered":"https:\/\/www.arcigay.it\/?page_id=80397"},"modified":"2025-11-20T10:59:51","modified_gmt":"2025-11-20T09:59:51","slug":"elezioni-veneto-2025","status":"publish","type":"page","link":"https:\/\/www.arcigay.it\/en\/elezioni-veneto-2025\/","title":{"rendered":"Elezioni Veneto 2025"},"content":{"rendered":"<p><b>Verso le elezioni regionali del Veneto: Diritti, Salute, Dignit\u00e0<\/b><\/p>\n<p>&nbsp;<\/p>\n<p><span style=\"font-weight: 400;\">In vista delle elezioni regionali, i comitati Arcigay del Veneto presentano una piattaforma di proposte rivolta a candidate e candidati al Consiglio e alla Presidenza della Regione. Non un elenco di desideri, ma un programma minimo di giustizia e dignit\u00e0, frutto dell\u2019ascolto dei territori e delle esperienze quotidiane delle persone LGBTQIA+.<\/span><\/p>\n<p>&nbsp;<\/p>\n<p><span style=\"font-weight: 400;\">Ogni anno registriamo centinaia di casi di discriminazione, esclusione e violenza in ambito scolastico, lavorativo e sanitario. Allo stesso tempo, i Pride testimoniano la forza di una comunit\u00e0 che chiede libert\u00e0, autodeterminazione e pari opportunit\u00e0.<\/span><\/p>\n<p>&nbsp;<\/p>\n<p><span style=\"font-weight: 400;\">La piattaforma si articola in sette aree tematiche:<\/span><\/p>\n<p>&nbsp;<\/p>\n<ol>\n<li><b> Diritti civili e contrasto ai discorsi d\u2019odio<\/b><\/li>\n<\/ol>\n<p>&nbsp;<\/p>\n<p><span style=\"font-weight: 400;\">Una legge regionale contro le discriminazioni, un Piano contro l\u2019hate speech, adesione alla rete RE.A.DY e rafforzamento dei Centri antidiscriminazione in tutte le province.<\/span><\/p>\n<p>&nbsp;<\/p>\n<ol start=\"2\">\n<li><b> Salute pubblica, HIV e prevenzione<\/b><\/li>\n<\/ol>\n<p>&nbsp;<\/p>\n<p><span style=\"font-weight: 400;\">Ripristino del Tavolo regionale HIV\/AIDS, accesso diffuso a test rapidi e PrEP, un Piano per la salute LGBTQIA+ con attenzione a salute mentale e percorsi di affermazione di genere, potenziamento della rete dei consultori e piena applicazione della legge 194.<\/span><\/p>\n<p>&nbsp;<\/p>\n<ol start=\"3\">\n<li><b> Educazione, cultura e partecipazione<\/b><\/li>\n<\/ol>\n<p>&nbsp;<\/p>\n<p><span style=\"font-weight: 400;\">Educazione alle differenze integrata nei Piani di Zona, programmi contro bullismo e violenza omo-lesbo-bi-transfobica, sostegno a progetti culturali e comunitari che promuovano visibilit\u00e0 e inclusione.<\/span><\/p>\n<p>&nbsp;<\/p>\n<ol start=\"4\">\n<li><b> Giustizia sociale e lotta alle disuguaglianze<\/b><\/li>\n<\/ol>\n<p>&nbsp;<\/p>\n<p><span style=\"font-weight: 400;\">Servizi di welfare e sanit\u00e0 accessibili anche nelle aree periferiche, protezione per migranti LGBTQIA+, politiche abitative inclusive e progetti di co-housing, osservatorio sulle solitudini involontarie.<\/span><\/p>\n<p>&nbsp;<\/p>\n<ol start=\"5\">\n<li><b> Carriere alias e dignit\u00e0 formativa<\/b><\/li>\n<\/ol>\n<p>&nbsp;<\/p>\n<p><span style=\"font-weight: 400;\">Obbligo di adozione delle carriere alias in scuole e universit\u00e0, formazione del personale e estensione ai percorsi professionali e lavorativi.<\/span><\/p>\n<p>&nbsp;<\/p>\n<ol start=\"6\">\n<li><b> Lavoro sicuro e inclusivo<\/b><\/li>\n<\/ol>\n<p>&nbsp;<\/p>\n<p><span style=\"font-weight: 400;\">Accesso a lavoro stabile e dignitoso, misure contro le discriminazioni nei luoghi di lavoro, sostegno a imprese realmente inclusive e riconoscimento del ruolo del terzo settore.<\/span><\/p>\n<p>&nbsp;<\/p>\n<ol start=\"7\">\n<li><b> Pace, giustizia globale e ambiente<\/b><\/li>\n<\/ol>\n<p>&nbsp;<\/p>\n<p><span style=\"font-weight: 400;\">Posizionamento esplicito contro guerre e violazioni dei diritti umani con particolare riferimento al genocidio tuttora in corso a Gaza, adozione di una Carta regionale per i diritti umani e l\u2019antifascismo, politiche di tutela ambientale e giustizia climatica.<\/span><\/p>\n<p>&nbsp;<\/p>\n<p><b>Il coraggio di scegliere<\/b><\/p>\n<p>&nbsp;<\/p>\n<p><span style=\"font-weight: 400;\">Non chiediamo privilegi ma l\u2019attuazione dei principi costituzionali di uguaglianza, laicit\u00e0 e solidariet\u00e0. Chiediamo a candidate e candidati di sottoscrivere queste proposte e di portarle al centro dell\u2019agenda politica.<\/span><\/p>\n<p>&nbsp;<\/p>\n<p><span style=\"font-weight: 400;\">I diritti non sono slogan elettorali: sono responsabilit\u00e0 quotidiane.<\/span><\/p>\n<p>&nbsp;<\/p>\n<p><span style=\"font-weight: 400;\"><strong>Leggi il documento integrale<\/strong> <a href=\"https:\/\/www.arcigay.it\/wp-content\/uploads\/2025\/09\/Verso_le_elezioni_regionali_Veneto_2025.pdf\"><img loading=\"lazy\" decoding=\"async\" class=\"wp-image-74075 alignleft\" src=\"https:\/\/www.arcigay.it\/wp-content\/uploads\/2023\/10\/icona-pdf-di-vettore-di-download.jpg\" alt=\"\" width=\"30\" height=\"37\" srcset=\"https:\/\/www.arcigay.it\/wp-content\/uploads\/2023\/10\/icona-pdf-di-vettore-di-download.jpg 480w, https:\/\/www.arcigay.it\/wp-content\/uploads\/2023\/10\/icona-pdf-di-vettore-di-download-150x183.jpg 150w, https:\/\/www.arcigay.it\/wp-content\/uploads\/2023\/10\/icona-pdf-di-vettore-di-download-259x315.jpg 259w\" sizes=\"auto, (max-width: 30px) 100vw, 30px\" \/><\/a><br \/>\n<\/span><span style=\"font-weight: 400;\"><a href=\"https:\/\/www.arcigay.it\/wp-content\/uploads\/2025\/09\/Verso_le_elezioni_regionali_Veneto_2025.pdf\">[CLICCA QUI]<\/a><\/span><\/p>\n<p>&nbsp;<\/p>\n<h3><b>Sei un\u0259 candidat\u0259?<\/b><\/h3>\n<p>&nbsp;<\/p>\n<blockquote><p><span style=\"font-weight: 400;\">Aderisci alla piattaforma inviando una mail a <a href=\"mailto:veneto@arcigay.it\"><strong>veneto@arcigay.it<\/strong><\/a> con la tua adesione e i tuoi contatti.<\/span><\/p><\/blockquote>\n<p><br style=\"font-weight: 400;\" \/><br style=\"font-weight: 400;\" \/><\/p>\n<div dir=\"auto\">\n<div dir=\"auto\">\n<div dir=\"auto\">\n<p style=\"font-weight: 400;\"><strong>Beatrice Verz\u00e8 &#8211; Le Civiche Venete<\/strong><\/p>\n<p style=\"font-weight: 400;\"><strong>Edoardo Vajente &#8211; Uniti per Manildo<\/strong><\/p>\n<p style=\"font-weight: 400;\"><strong>Sonia Giorietto &#8211; AVS<\/strong><\/p>\n<p style=\"font-weight: 400;\"><strong>Virginia Libero &#8211; PD<\/strong><\/p>\n<p style=\"font-weight: 400;\"><strong>Margherita Lachin &#8211; PD<\/strong><\/p>\n<p style=\"font-weight: 400;\"><strong>Eleonora Guizzaro &#8211; PD<\/strong><\/p>\n<p style=\"font-weight: 400;\"><strong>Angelo Zanellato &#8211; PD<\/strong><\/p>\n<p style=\"font-weight: 400;\"><strong>Marco De Pasquale &#8211; AVS<\/strong><\/p>\n<p style=\"font-weight: 400;\"><strong>Elena Ostanel &#8211; AVS<\/strong><\/p>\n<p style=\"font-weight: 400;\"><strong>Giulia Princivalli &#8211; AVS<\/strong><\/p>\n<p style=\"font-weight: 400;\"><strong>Anna Mazzaschi &#8211; AVS<\/strong><\/p>\n<p style=\"font-weight: 400;\"><strong>Paola Pellegrini &#8211; AVS<\/strong><\/p>\n<p style=\"font-weight: 400;\"><strong>Carlo Cunegato &#8211; AVS<\/strong><\/p>\n<p style=\"font-weight: 400;\"><strong>Angelo Motta &#8211; AVS<\/strong><\/p>\n<p style=\"font-weight: 400;\"><strong>Serena Gregnanin &#8211; AVS<\/strong><\/p>\n<p style=\"font-weight: 400;\"><strong>Dina Merlo &#8211; AVS<\/strong><\/p>\n<p style=\"font-weight: 400;\"><strong>Valentina Pegoraro &#8211; Alde (+Europa)\u00a0<\/strong><\/p>\n<p style=\"font-weight: 400;\"><strong>Giuseppe Maria Toscano &#8211; Uniti per Manildo<\/strong><\/p>\n<p style=\"font-weight: 400;\"><strong>Edoardo sinigaglia -Volt Europa<\/strong><\/p>\n<p style=\"font-weight: 400;\"><strong>Casellato Jlenia &#8211; Noi moderati<\/strong><\/p>\n<p style=\"font-weight: 400;\"><strong>Orlandi Marco &#8211; RPC &#8211; pace Salute Lavoro<\/strong><\/p>\n<p style=\"font-weight: 400;\"><strong>Silvia Stocchetti &#8211; RPC &#8211; pace Salute Lavoro<\/strong><\/p>\n<p style=\"font-weight: 400;\"><strong>Marco Fanton &#8211; RPC &#8211; pace Salute Lavoro<\/strong><\/p>\n<p style=\"font-weight: 400;\"><strong>Cristina Ara &#8211; RPC &#8211; pace Salute Lavoro<\/strong><\/p>\n<p style=\"font-weight: 400;\"><strong>Lisa Gerusa &#8211; RPC &#8211; pace Salute Lavoro<\/strong><\/p>\n<p style=\"font-weight: 400;\"><strong>Lucia Tundo &#8211; RPC &#8211; pace Salute Lavoro<\/strong><\/p>\n<p style=\"font-weight: 400;\"><strong>Guglielmo Brusco &#8211; RPC &#8211; pace Salute Lavoro<\/strong><\/p>\n<p style=\"font-weight: 400;\"><strong>Gianluca Schiavon &#8211; RPC &#8211; pace Salute Lavoro<\/strong><\/p>\n<p style=\"font-weight: 400;\"><strong>Giorgia Brandolese &#8211; Le Civiche Venete<\/strong><\/p>\n<p style=\"font-weight: 400;\"><strong>Arabella Brognara &#8211; Le Civiche Venete<\/strong><\/p>\n<p style=\"font-weight: 400;\"><strong>Elisa ferrarini &#8211; Le Civiche Venete<\/strong><\/p>\n<p style=\"font-weight: 400;\"><strong>Michela Meggiolaro &#8211; Le Civiche Venete<\/strong><\/p>\n<p style=\"font-weight: 400;\"><strong>Monica Sambo &#8211; PD<\/strong><\/p>\n<p style=\"font-weight: 400;\"><strong>Jonatan Montanariello &#8211; PD<\/strong><\/p>\n<p style=\"font-weight: 400;\"><strong>Francesca Bressanin &#8211; PD<\/strong><\/p>\n<p style=\"font-weight: 400;\"><strong>Mosconi Mattia &#8211; PD<\/strong><\/p>\n<p style=\"font-weight: 400;\"><strong>Elisa La Paglia &#8211; PD<\/strong><\/p>\n<p style=\"font-weight: 400;\"><strong>Gianpaolo Trevisi &#8211; PD<\/strong><\/p>\n<p style=\"font-weight: 400;\"><strong>Omar Lapecia Bis &#8211; PD<\/strong><\/p>\n<p style=\"font-weight: 400;\"><strong>Enrico Buoso &#8211; AVS<\/strong><\/p>\n<p style=\"font-weight: 400;\"><strong>Gianluca Zanotti &#8211; AVS<\/strong><\/p>\n<p style=\"font-weight: 400;\"><strong>Marco Scattolin \u2013 Volt Europa<\/strong><\/p>\n<p style=\"font-weight: 400;\"><strong>Fosca Moro &#8211; Uniti per manildo<\/strong><\/p>\n<p style=\"font-weight: 400;\"><strong>Comberlato Andrea &#8211; Uniti per manildo<\/strong><\/p>\n<p style=\"font-weight: 400;\"><strong>Fabio Cappelletto &#8211; AVS<\/strong><\/p>\n<p style=\"font-weight: 400;\"><strong>Alessandro Turetta &#8211; AVS<\/strong><\/p>\n<p style=\"font-weight: 400;\"><strong>Sara Vanin &#8211; Le civiche venete<\/strong><\/p>\n<p style=\"font-weight: 400;\"><strong>Pietro Sala &#8211; Le civiche venete<\/strong><\/p>\n<p style=\"font-weight: 400;\"><strong>Annalisa Di Maso &#8211; Le civiche venete<\/strong><\/p>\n<p style=\"font-weight: 400;\"><strong>Caterina Dozzo &#8211; Le civiche venete<\/strong><\/p>\n<p style=\"font-weight: 400;\"><strong>Maria Luisa Cestari &#8211; PRC\u00a0<\/strong><\/p>\n<p style=\"font-weight: 400;\"><strong>Anastasia Campostrini &#8211; Volt Europa<\/strong><\/p>\n<p style=\"font-weight: 400;\"><strong>Alessandro Zorzi &#8211; Volt Europa<\/strong><\/p>\n<p style=\"font-weight: 400;\"><strong>Geremia Antonini\u00a0 &#8211; Volt Europa<\/strong><\/p>\n<p style=\"font-weight: 400;\"><strong>Maja Urukalo &#8211; Volt Europa<\/strong><\/p>\n<p style=\"font-weight: 400;\"><strong>Margherita Rigoli &#8211; Volt Europa<\/strong><\/p>\n<p style=\"font-weight: 400;\"><strong>Mattia Albertin &#8211; Volt Europa<\/strong><\/p>\n<p style=\"font-weight: 400;\"><strong>Lucia Bastarolo\u00a0 &#8211; Volt Europa<\/strong><\/p>\n<p style=\"font-weight: 400;\"><strong>Federico Milani\u00a0 &#8211; Volt Europa<\/strong><\/p>\n<p style=\"font-weight: 400;\"><strong>Luca Bonarrigo\u00a0 &#8211; Volt Europa<\/strong><\/p>\n<p style=\"font-weight: 400;\"><strong>Giovanni Sabbadin &#8211; Volt Europa<\/strong><\/p>\n<p style=\"font-weight: 400;\"><strong>Arturo Lorenzoni &#8211; Le Civiche Venete<\/strong><\/p>\n<p style=\"font-weight: 400;\"><strong>Giovanni Menegato &#8211; Le Civiche Venete\u00a0<\/strong><\/p>\n<p style=\"font-weight: 400;\"><strong>Francesco Zagami &#8211; M5S<\/strong><\/p>\n<p style=\"font-weight: 400;\"><strong>Luca Cislaghi &#8211; PD<\/strong><\/p>\n<p><strong>Gianfranco Cipresso &#8211; Le civiche venete<\/strong><\/p>\n<div dir=\"auto\"><strong>Micaela Cor\u00e0 &#8211; Le civiche venete<\/strong><\/div>\n<\/div>\n<div dir=\"auto\">\n<p style=\"font-weight: 400;\"><strong>Martina Panzolato &#8211; Le civiche venete<\/strong><\/p>\n<p style=\"font-weight: 400;\"><strong>Francesco Orecchio &#8211; AVS<\/strong><\/p>\n<p style=\"font-weight: 400;\"><strong>Andrea Venzon &#8211; AVS<\/strong><\/p>\n<p style=\"font-weight: 400;\"><strong>Sofia Marchesini &#8211; Volt<\/strong><\/p>\n<p style=\"font-weight: 400;\"><strong>Camilla Taddei &#8211; AVS<\/strong><\/p>\n<\/div>\n<\/div>\n<\/div>\n","protected":false},"excerpt":{"rendered":"<p>Verso le elezioni regionali del Veneto: Diritti, Salute, Dignit\u00e0 &nbsp; In vista delle elezioni regionali, i comitati Arcigay del Veneto presentano una piattaforma di proposte rivolta a candidate e candidati [&hellip;]<\/p>\n","protected":false},"author":13,"featured_media":80398,"parent":0,"menu_order":0,"comment_status":"closed","ping_status":"closed","template":"modello-senza-sidebar.php","meta":{"_acf_changed":false,"footnotes":""},"class_list":["post-80397","page","type-page","status-publish","has-post-thumbnail","hentry"],"acf":[],"_links":{"self":[{"href":"https:\/\/www.arcigay.it\/en\/wp-json\/wp\/v2\/pages\/80397","targetHints":{"allow":["GET"]}}],"collection":[{"href":"https:\/\/www.arcigay.it\/en\/wp-json\/wp\/v2\/pages"}],"about":[{"href":"https:\/\/www.arcigay.it\/en\/wp-json\/wp\/v2\/types\/page"}],"author":[{"embeddable":true,"href":"https:\/\/www.arcigay.it\/en\/wp-json\/wp\/v2\/users\/13"}],"replies":[{"embeddable":true,"href":"https:\/\/www.arcigay.it\/en\/wp-json\/wp\/v2\/comments?post=80397"}],"version-history":[{"count":8,"href":"https:\/\/www.arcigay.it\/en\/wp-json\/wp\/v2\/pages\/80397\/revisions"}],"predecessor-version":[{"id":81476,"href":"https:\/\/www.arcigay.it\/en\/wp-json\/wp\/v2\/pages\/80397\/revisions\/81476"}],"wp:featuredmedia":[{"embeddable":true,"href":"https:\/\/www.arcigay.it\/en\/wp-json\/wp\/v2\/media\/80398"}],"wp:attachment":[{"href":"https:\/\/www.arcigay.it\/en\/wp-json\/wp\/v2\/media?parent=80397"}],"curies":[{"name":"wp","href":"https:\/\/api.w.org\/{rel}","templated":true}]}}