{"id":82331,"date":"2026-03-11T23:38:08","date_gmt":"2026-03-11T22:38:08","guid":{"rendered":"https:\/\/www.arcigay.it\/?page_id=82331"},"modified":"2026-03-12T00:00:14","modified_gmt":"2026-03-11T23:00:14","slug":"barca-transfemminista-verso-gaza","status":"publish","type":"page","link":"https:\/\/www.arcigay.it\/en\/barca-transfemminista-verso-gaza\/","title":{"rendered":"Transfeminist Boat to Gaza"},"content":{"rendered":"<p>Il Mediterraneo oggi \u00e8 diventato il simbolo della violenza e dello sfruttamento del pi\u00f9 forte sul pi\u00f9 debole, della negazione di diritti fondamentali e regole condivise. La nostra barca vuole essere un gesto concreto di solidariet\u00e0, unire resistenze, intrecciare lotte contro colonialismo e patriarcato e portare pratiche e immaginari queer in un movimento globale di resistenza.<\/p>\n<p>COME POSSIAMO CONTRIBUIRE ALLA COSTRUZIONE DELLA BARCA?<\/p>\n<p>1.\u2060 \u2060Comunicando la raccolta fondi attraverso i canali social del Comitato con un post:<br \/>\n&#x1f308; Arcigay ([nome Comitato e citt\u00e0]) sostiene Rafiqueer Boat Project. Costruiamo insieme una barca queer e transfemminista per Gaza!<\/p>\n<p>Siamo al fianco del Rafiqueer Boat Project e della missione Thousand Madleens to Gaza, una traversata che unisce resistenze, lotte transfemministe e solidariet\u00e0 internazionale.<\/p>\n<p>&#x1f4aa; Non possiamo pi\u00f9 restare indifferent3. Ora tocca a noi realizzare il sogno di portare aiuti concreti a Gaza!<br \/>\nPartecipa alla raccolta fondi e contribuisci a costruire un gesto concreto di solidariet\u00e0 globale.<\/p>\n<p>Ogni donazione, anche la pi\u00f9 piccola, conta.<\/p>\n<h2>&#x1f517; <a href=\"https:\/\/www.produzionidalbasso.com\/project\/rafiqueer-boat-project-per-una-barca-transfemminista-verso-gaza\" target=\"_blank\" rel=\"noopener\">Dona qui<\/a><\/h2>\n<h2>Appuntamenti territoriali di raccolta fondi<\/h2>\n<h3>Venerd\u00ec 13 marzo<\/h3>\n<p><strong>Firenze<\/strong> &#8211; Circolo ARCI FRA i lavoratori &#8211; Via delle porte nuove 33 &#8211; Ore 18:00<\/p>\n<h3>Sabato 14 marzo<\/h3>\n<p><strong>Aosta<\/strong> &#8211; Presso Teatro Giacosa \u2013 via Xavier de Maistre, 13 &#8211; Aosta &#8211;\u00a0dalle 17.15 alle 18.00 e dalle 20.15 alle 21.00<\/p>\n<p><strong>Catania<\/strong> &#8211; Presso Trame di Quartiere &#8211; Via Pistone 59 &#8211; ore 16<\/p>\n<p><strong>Livorno<\/strong> &#8211; Presso L&#8217;Approdo Centro Ascolto LGBTQ+ &#8211; Via Caduti del Lavoro 26 (Sala CRED 2\u00b0 Piano) &#8211; Ore 16<\/p>\n<p><strong>Rovigo<\/strong> &#8211; Sede Politropia Arcigay Rovigo \u2013 Corso del Popolo 183, Rovigo &#8211; Ore 18<\/p>\n<h2><img loading=\"lazy\" decoding=\"async\" class=\"aligncenter wp-image-82333 size-medium\" src=\"https:\/\/www.arcigay.it\/wp-content\/uploads\/2026\/03\/barca_gaza-600x750.jpg\" alt=\"\" width=\"600\" height=\"750\" srcset=\"https:\/\/www.arcigay.it\/wp-content\/uploads\/2026\/03\/barca_gaza-600x750.jpg 600w, https:\/\/www.arcigay.it\/wp-content\/uploads\/2026\/03\/barca_gaza-768x960.jpg 768w, https:\/\/www.arcigay.it\/wp-content\/uploads\/2026\/03\/barca_gaza-1229x1536.jpg 1229w, https:\/\/www.arcigay.it\/wp-content\/uploads\/2026\/03\/barca_gaza-1638x2048.jpg 1638w, https:\/\/www.arcigay.it\/wp-content\/uploads\/2026\/03\/barca_gaza-10x12.jpg 10w, https:\/\/www.arcigay.it\/wp-content\/uploads\/2026\/03\/barca_gaza-150x188.jpg 150w, https:\/\/www.arcigay.it\/wp-content\/uploads\/2026\/03\/barca_gaza-1200x1500.jpg 1200w, https:\/\/www.arcigay.it\/wp-content\/uploads\/2026\/03\/barca_gaza-504x630.jpg 504w, https:\/\/www.arcigay.it\/wp-content\/uploads\/2026\/03\/barca_gaza-252x315.jpg 252w, https:\/\/www.arcigay.it\/wp-content\/uploads\/2026\/03\/barca_gaza.jpg 2048w\" sizes=\"auto, (max-width: 600px) 100vw, 600px\" \/><\/h2>\n<p>&nbsp;<\/p>\n","protected":false},"excerpt":{"rendered":"<p>Il Mediterraneo oggi \u00e8 diventato il simbolo della violenza e dello sfruttamento del pi\u00f9 forte sul pi\u00f9 debole, della negazione di diritti fondamentali e regole condivise. La nostra barca vuole [&hellip;]<\/p>\n","protected":false},"author":13,"featured_media":82333,"parent":0,"menu_order":0,"comment_status":"closed","ping_status":"closed","template":"","meta":{"_acf_changed":false,"footnotes":""},"class_list":["post-82331","page","type-page","status-publish","has-post-thumbnail","hentry"],"acf":[],"_links":{"self":[{"href":"https:\/\/www.arcigay.it\/en\/wp-json\/wp\/v2\/pages\/82331","targetHints":{"allow":["GET"]}}],"collection":[{"href":"https:\/\/www.arcigay.it\/en\/wp-json\/wp\/v2\/pages"}],"about":[{"href":"https:\/\/www.arcigay.it\/en\/wp-json\/wp\/v2\/types\/page"}],"author":[{"embeddable":true,"href":"https:\/\/www.arcigay.it\/en\/wp-json\/wp\/v2\/users\/13"}],"replies":[{"embeddable":true,"href":"https:\/\/www.arcigay.it\/en\/wp-json\/wp\/v2\/comments?post=82331"}],"version-history":[{"count":12,"href":"https:\/\/www.arcigay.it\/en\/wp-json\/wp\/v2\/pages\/82331\/revisions"}],"predecessor-version":[{"id":82346,"href":"https:\/\/www.arcigay.it\/en\/wp-json\/wp\/v2\/pages\/82331\/revisions\/82346"}],"wp:featuredmedia":[{"embeddable":true,"href":"https:\/\/www.arcigay.it\/en\/wp-json\/wp\/v2\/media\/82333"}],"wp:attachment":[{"href":"https:\/\/www.arcigay.it\/en\/wp-json\/wp\/v2\/media?parent=82331"}],"curies":[{"name":"wp","href":"https:\/\/api.w.org\/{rel}","templated":true}]}}